{"id":1360,"date":"2021-04-28T09:00:10","date_gmt":"2021-04-28T06:00:10","guid":{"rendered":"https:\/\/www.katozakros-beachfront.com\/?page_id=1360"},"modified":"2021-04-28T09:06:36","modified_gmt":"2021-04-28T06:06:36","slug":"kato-zakros","status":"publish","type":"page","link":"https:\/\/www.katozakros-beachfront.com\/it\/kato-zakros\/","title":{"rendered":"Kato Zakros"},"content":{"rendered":"<div class=\"wpb-content-wrapper\"><p>[vc_row css_animation=&#8221;&#8221; row_type=&#8221;row&#8221; use_row_as_full_screen_section=&#8221;no&#8221; type=&#8221;full_width&#8221; angled_section=&#8221;no&#8221; text_align=&#8221;left&#8221; background_image_as_pattern=&#8221;without_pattern&#8221; padding_top=&#8221;50&#8243; padding_bottom=&#8221;50&#8243; css=&#8221;.vc_custom_1510752176674{padding-left: 10px !important;}&#8221;][vc_column]<div class=\"custom_font_holder\" style=\" font-size: 22px; line-height: 26px; font-style: normal; font-weight: 300; color: #0066bf; text-decoration: none; text-shadow: 1px 1px 2px rgba(0, 0, 0, 0.4); padding: 30px 30px;border: 1px solid #02d8e0;border-width: 1px; text-align: left;\">Insomma, oltre al paesaggio incantevole, al mare e al sole durante tutti i mesi dell\u2019 anno, Kato Zakros vale la pena essere visitata, anche se desiderate solo rilassarvi su una bella spiaggia di Creta, senza molta gente e soprattutto senza sentirvi come se foste turisti. Del resto molto presto, se non subito, vi conoscerete con le persone del posto e farete anche voi parte della loro compagnia. Il bagno nelle acque cristalline, la natura e l\u2019antica civilt\u00e0 di Creta vi aspettano. Benvenuti!<\/div>[\/vc_column][\/vc_row][vc_row css_animation=&#8221;&#8221; row_type=&#8221;row&#8221; use_row_as_full_screen_section=&#8221;no&#8221; type=&#8221;full_width&#8221; angled_section=&#8221;no&#8221; text_align=&#8221;left&#8221; background_image_as_pattern=&#8221;without_pattern&#8221; background_color=&#8221;#d8e1ff&#8221; padding_top=&#8221;50&#8243; padding_bottom=&#8221;50&#8243; css=&#8221;.vc_custom_1510751633506{padding-left: 10px !important;}&#8221;][vc_column width=&#8221;1\/2&#8243;]<div class=\"custom_font_holder\" style=\" font-size: 22px; line-height: 26px; font-style: normal; font-weight: 300; color: #0066bf; text-decoration: none; text-shadow: 1px 1px 2px rgba(0, 0, 0, 0.4);border: 1px solid rgba(2,216,224,0.01);border-width: 0px; text-align: left;\">Bellezza unica alla Creta sudorientale<\/div>[vc_empty_space]<div class=\"q_image_with_text_over q_iwto_hover\"><div class=\"shader\" ><\/div><div class=\"shader_hover\" style=\"background-color: rgba(146,197,232,0.31)\"><\/div><img decoding=\"async\" itemprop=\"image\" src=\"https:\/\/www.katozakros-beachfront.com\/wp-content\/uploads\/2021\/04\/zakros-overview.jpg\" alt=\"Kato Zakros - La baia\" \/><div class=\"text\"><table><tr><td><h2 class=\"caption no_icon\" style=\"color: #ffffff;font-size: 40px;\">Kato Zakros - La baia<\/h2><\/td><\/tr><\/table><table><tr><td><div class=\"desc\">Kato Zakros, East Crete<\/div><\/td><\/tr><\/table><\/div><\/div>[\/vc_column][vc_column width=&#8221;1\/2&#8243;][vc_column_text css=&#8221;.vc_custom_1619589712578{padding-right: 10px !important;padding-left: 10px !important;}&#8221;]Lontano dalle zone turistiche molto sviluppate di Creta, al suo punto orientale, Kato Zakros dispone, oltre alle rovine di un prestigioso palazzo minoico, di belle spiagge e di eccezionali percorsi da trekking.<\/p>\n<p>&nbsp;<\/p>\n<p>Zakros e il suo scalo marittimo, Kato Zakros, si trovano al punto sudorientale di Creta e distano tre ore circa in macchina da Iraklio o 40 minuti circa da Sitia. Grazie a questi posti il viaggiatore \u00e8 in grado di constatare quanto grande e inesauribile sia Creta, mentre se per caso si occupa di trekking, accerter\u00e0 sorpreso che \u00e8 arrivato al punto dove finisce il famoso sentiero E4 che parte dai Pirenei e attraversando la Francia, la Svizzera, l\u2019 Austria, la Germania, l\u2019 Ungheria e la Bulgaria arriva nella Grecia epirota fino al Peloponneso per andare a finire a Creta e in particolare a Kato Zakros.[\/vc_column_text][\/vc_column][\/vc_row][vc_row css_animation=&#8221;&#8221; row_type=&#8221;row&#8221; use_row_as_full_screen_section=&#8221;no&#8221; type=&#8221;full_width&#8221; angled_section=&#8221;no&#8221; text_align=&#8221;left&#8221; background_image_as_pattern=&#8221;without_pattern&#8221; padding_top=&#8221;50&#8243; padding_bottom=&#8221;50&#8243; css=&#8221;.vc_custom_1510752176674{padding-left: 10px !important;}&#8221;][vc_column width=&#8221;1\/2&#8243;][vc_column_text css=&#8221;.vc_custom_1619589777664{padding-right: 10px !important;padding-left: 10px !important;}&#8221;]Zakros e Kato Zakros appartengono al comune Itanos, uno dei comuni pi\u00f9 orientali della regione Lassithi. Quasi tutti gli abitanti si occupano di agricoltura e in particolare di produzione, mentre negli ultimi anni anche dell\u2019 esportazione d\u2019 olio.<\/p>\n<p>&nbsp;<\/p>\n<p>Qui, in questo lontano ma molto vivace e autosufficiente angolo di Creta, conoscerete delle persone che si occupano della coltivazione della terra, e assaggerete frutta e verdura di qualit\u00e0 eccezionale, ma anche il miglior olio di Creta che deve la sua qualit\u00e0 sia alla morfologia del terreno che all\u2019 acqua con cui si annaffiano i pi\u00f9 di 250.000 olivi, da sorgenti che si trovano sopra il paese.<\/p>\n<p>&nbsp;<\/p>\n<p>Terra benedetta! Non solo non ha mandato via i suoi abitanti, ma li ha trattenuti e li impiega per di pi\u00f9 nella loro terra.[\/vc_column_text][\/vc_column][vc_column width=&#8221;1\/2&#8243;]<div class=\"custom_font_holder\" style=\" font-size: 22px; line-height: 26px; font-style: normal; font-weight: 300; color: #0066bf; text-decoration: none; text-shadow: 1px 1px 2px rgba(0, 0, 0, 0.4);border: 1px solid rgba(2,216,224,0.01);border-width: 0px; text-align: left;\">Scoprite Zakros<\/div>[vc_empty_space]<div class=\"q_image_with_text_over q_iwto_hover\"><div class=\"shader\" ><\/div><div class=\"shader_hover\" style=\"background-color: rgba(146,197,232,0.31)\"><\/div><img decoding=\"async\" itemprop=\"image\" src=\"https:\/\/www.katozakros-beachfront.com\/wp-content\/uploads\/2021\/04\/zakros-gorge.jpg\" alt=\"Kato Zakros Deads Gorge\" \/><div class=\"text\"><table><tr><td><h2 class=\"caption no_icon\" style=\"color: #ffffff;font-size: 40px;\">Kato Zakros Deads Gorge<\/h2><\/td><\/tr><\/table><table><tr><td><div class=\"desc\">Burrone Dei Morti &#8211; Kato Zakros, East Crete<\/div><\/td><\/tr><\/table><\/div><\/div>[\/vc_column][\/vc_row][vc_row css_animation=&#8221;&#8221; row_type=&#8221;row&#8221; use_row_as_full_screen_section=&#8221;no&#8221; type=&#8221;full_width&#8221; angled_section=&#8221;no&#8221; text_align=&#8221;left&#8221; background_image_as_pattern=&#8221;without_pattern&#8221; background_color=&#8221;#d8e1ff&#8221; padding_top=&#8221;50&#8243; padding_bottom=&#8221;50&#8243; css=&#8221;.vc_custom_1510752300720{padding-left: 10px !important;}&#8221;][vc_column width=&#8221;1\/2&#8243;]<div class=\"custom_font_holder\" style=\" font-size: 22px; line-height: 26px; font-style: normal; font-weight: 300; color: #0066bf; text-decoration: none; text-shadow: 1px 1px 2px rgba(0, 0, 0, 0.4);border: 1px solid rgba(2,216,224,0.01);border-width: 0px; text-align: left;\">Tour and activities<\/div>[vc_empty_space]<div class=\"q_image_with_text_over q_iwto_hover\"><div class=\"shader\" ><\/div><div class=\"shader_hover\" style=\"background-color: rgba(146,197,232,0.31)\"><\/div><img decoding=\"async\" itemprop=\"image\" src=\"https:\/\/www.katozakros-beachfront.com\/wp-content\/uploads\/2021\/04\/zakros-pelekita.jpg\" alt=\"Gite e attivit\u00e0 - Kato Zakros\" \/><div class=\"text\"><table><tr><td><h2 class=\"caption no_icon\" style=\"color: #ffffff;font-size: 40px;\">Gite e attivit\u00e0 - Kato Zakros<\/h2><\/td><\/tr><\/table><table><tr><td><div class=\"desc\">Gite e attivit\u00e0 &#8211; Kato Zakros, East Crete<\/div><\/td><\/tr><\/table><\/div><\/div>[\/vc_column][vc_column width=&#8221;1\/2&#8243;][vc_empty_space][vc_column_text css=&#8221;.vc_custom_1619589838400{padding-right: 10px !important;padding-left: 10px !important;}&#8221;]Lasciando dietro la pittoresca e verdissima Zakros, costruita in un\u2019 altitudine di 160 metri, e proseguendo per 7 circa chilometri verso il mare, una curva grande lascia dietro le montagne e abbraccia le acque azzurre.<\/p>\n<p>&nbsp;<\/p>\n<p>L\u00ec, da qualche parte, l\u2019 Oriente incontra il Sud. E da l\u00ec comincia a spuntare la baia pittoresca di Kato Zakros. Con una grande e due pi\u00f9 piccole spiagge pulitissime, con piccoli sassi e sabbia sottile, tutto l\u2019 insediamento \u00e8 come se si trovasse in paradiso.<\/p>\n<p>&nbsp;<\/p>\n<p>Il paradiso di Kato Zakros, ma un po\u2019 pi\u00f9 diverso di quello che abbiamo di solito in mente. Uno pu\u00f2 trovare delle belle spiagge e piatti squisiti in tutta la Creta, senza percorrere tanti chilometri per le strade provinciali del suo lato orientale.Kato Zakros per\u00f2 non offre solo questo&#8230;[\/vc_column_text][\/vc_column][\/vc_row]<\/p>\n<\/div>","protected":false},"excerpt":{"rendered":"<p>[vc_row css_animation=&#8221;&#8221; row_type=&#8221;row&#8221; use_row_as_full_screen_section=&#8221;no&#8221; type=&#8221;full_width&#8221; angled_section=&#8221;no&#8221; text_align=&#8221;left&#8221; background_image_as_pattern=&#8221;without_pattern&#8221; padding_top=&#8221;50&#8243; padding_bottom=&#8221;50&#8243; css=&#8221;.vc_custom_1510752176674{padding-left: 10px !important;}&#8221;][vc_column][\/vc_column][\/vc_row][vc_row css_animation=&#8221;&#8221; row_type=&#8221;row&#8221; use_row_as_full_screen_section=&#8221;no&#8221; type=&#8221;full_width&#8221; angled_section=&#8221;no&#8221; text_align=&#8221;left&#8221; background_image_as_pattern=&#8221;without_pattern&#8221; background_color=&#8221;#d8e1ff&#8221; padding_top=&#8221;50&#8243; padding_bottom=&#8221;50&#8243; css=&#8221;.vc_custom_1510751633506{padding-left: 10px !important;}&#8221;][vc_column width=&#8221;1\/2&#8243;][vc_empty_space][\/vc_column][vc_column width=&#8221;1\/2&#8243;][vc_column_text css=&#8221;.vc_custom_1619589712578{padding-right: 10px !important;padding-left: 10px !important;}&#8221;]Lontano dalle zone turistiche molto sviluppate di Creta, al suo punto orientale, Kato&#8230;<\/p>\n","protected":false},"author":1,"featured_media":0,"parent":0,"menu_order":0,"comment_status":"closed","ping_status":"open","template":"","meta":{"footnotes":""},"class_list":["post-1360","page","type-page","status-publish","hentry"],"_links":{"self":[{"href":"https:\/\/www.katozakros-beachfront.com\/it\/wp-json\/wp\/v2\/pages\/1360","targetHints":{"allow":["GET"]}}],"collection":[{"href":"https:\/\/www.katozakros-beachfront.com\/it\/wp-json\/wp\/v2\/pages"}],"about":[{"href":"https:\/\/www.katozakros-beachfront.com\/it\/wp-json\/wp\/v2\/types\/page"}],"author":[{"embeddable":true,"href":"https:\/\/www.katozakros-beachfront.com\/it\/wp-json\/wp\/v2\/users\/1"}],"replies":[{"embeddable":true,"href":"https:\/\/www.katozakros-beachfront.com\/it\/wp-json\/wp\/v2\/comments?post=1360"}],"version-history":[{"count":3,"href":"https:\/\/www.katozakros-beachfront.com\/it\/wp-json\/wp\/v2\/pages\/1360\/revisions"}],"predecessor-version":[{"id":1363,"href":"https:\/\/www.katozakros-beachfront.com\/it\/wp-json\/wp\/v2\/pages\/1360\/revisions\/1363"}],"wp:attachment":[{"href":"https:\/\/www.katozakros-beachfront.com\/it\/wp-json\/wp\/v2\/media?parent=1360"}],"curies":[{"name":"wp","href":"https:\/\/api.w.org\/{rel}","templated":true}]}}