{"id":1356,"date":"2021-04-28T08:46:49","date_gmt":"2021-04-28T05:46:49","guid":{"rendered":"https:\/\/www.katozakros-beachfront.com\/?page_id=1356"},"modified":"2021-04-28T08:58:47","modified_gmt":"2021-04-28T05:58:47","slug":"esplorare","status":"publish","type":"page","link":"https:\/\/www.katozakros-beachfront.com\/it\/esplorare\/","title":{"rendered":"Esplorare"},"content":{"rendered":"<div class=\"wpb-content-wrapper\"><p>[vc_row css_animation=&#8221;&#8221; row_type=&#8221;row&#8221; use_row_as_full_screen_section=&#8221;no&#8221; type=&#8221;full_width&#8221; angled_section=&#8221;no&#8221; text_align=&#8221;left&#8221; background_image_as_pattern=&#8221;without_pattern&#8221; background_color=&#8221;#d8e1ff&#8221; padding_top=&#8221;50&#8243; padding_bottom=&#8221;50&#8243; css=&#8221;.vc_custom_1510751633506{padding-left: 10px !important;}&#8221;][vc_column width=&#8221;1\/2&#8243;]<div class=\"custom_font_holder\" style=\" font-size: 28px; line-height: 26px; font-style: normal; font-weight: 600; color: #1e73be; text-decoration: none; text-shadow: 1px 1px 2px rgba(0, 0, 0, 0.4); text-align: left;\">\n<h2 style=\"text-align: center;\">Palazzo minoico a Kato Zakros<\/h2>\n<\/div>[vc_empty_space][vc_single_image image=&#8221;506&#8243; img_size=&#8221;full&#8221; style=&#8221;vc_box_shadow_3d&#8221; onclick=&#8221;link_image&#8221; qode_css_animation=&#8221;element_from_fade&#8221;][\/vc_column][vc_column width=&#8221;1\/2&#8243;][vc_column_text css=&#8221;.vc_custom_1619588887793{padding-right: 10px !important;padding-left: 10px !important;}&#8221;]Qui \u00e8 stato scavato il quarto palazzo minoico di Creta ed \u00e8 l\u2019 unico non saccheggiato. Fu costruito circa nel 1600 a.C. Era composta di 180 compartimenti e aveva un\u2019 estensione di 8.000 mq.<\/p>\n<p>&nbsp;<\/p>\n<p>\u0388 pi\u00f9 piccolo degli altri palazzi ma ha una disposizione simile a quella dei palazzi di Knossos e di Festos. La posizione del palazzo aveva molta importanza siccome nella zona in cui era costruito poteva commerciare con l\u2019 Oriente e anche con gli altri palazzi dell\u2019 isola. Si sono anche trovati molti vasi che ci sono nella stanza del tesoro del palazzo.<\/p>\n<p>&nbsp;<\/p>\n<p>Inoltre, tra i reperti tanto prestigiosi, si distinguono spade grandi d\u2019 oro, degli avori, oggetti ornamentali di rame di Cipro e un anfora con rappresentazione di un tempio di cima e di animali selvatici. Molti di questi reperti si trovano al museo archeologico di Iraklio.[\/vc_column_text][\/vc_column][\/vc_row][vc_row css_animation=&#8221;&#8221; row_type=&#8221;row&#8221; use_row_as_full_screen_section=&#8221;no&#8221; type=&#8221;full_width&#8221; angled_section=&#8221;no&#8221; text_align=&#8221;left&#8221; background_image_as_pattern=&#8221;without_pattern&#8221; padding_top=&#8221;50&#8243; padding_bottom=&#8221;50&#8243; css=&#8221;.vc_custom_1510752176674{padding-left: 10px !important;}&#8221;][vc_column width=&#8221;1\/2&#8243;][vc_column_text css=&#8221;.vc_custom_1619588970281{padding-right: 10px !important;padding-left: 10px !important;}&#8221;]Il <strong>Burrone dei Morti<\/strong> \u00e8 uno dei pi\u00f9 interessanti burroni di Creta e si trova alla fine del sentiero europeo E4. Parte dall\u2019 insediamento Pano Zakros e finisce alla spiaggia di <strong>Kato Zakros<\/strong>.<\/p>\n<p>&nbsp;<\/p>\n<p>La denominazione \u201cBurrone dei Mori\u201d \u00e8 stato dato a causa delle numerevoli tombe minoiche che si sono trovate nelle grotte dei suoi pendii scoscesi, le quali si possono vedere durante un giro turistico cos\u00ec come delle varie formazioni geologiche che come se fossero opere d\u2019 arte creano un\u2019 immagine straordinaria. Il burrone \u00e8 pieno di vita e a causa della sua bellezza naturale i minoiti credevano che se si fossero sepolti l\u00ec, avrebbero continuato la loro vita dopo la morte in quel posto.<\/p>\n<p>&nbsp;<\/p>\n<p>\u0388 praticabile sia nel periodo invernale che nel periodo estivo. Alla fine del percorso, un po\u2019 prima dell\u2019 uscita alla pianura di <strong>Kato Zakros<\/strong>, si sono creati campi d\u2019 arrampicata per quelli che amano gli sport.<\/p>\n<p>&nbsp;<\/p>\n<p>Features a bedroom with double bed, air conditioning, free Wi-Fi, kitchenette (fully equipped with fridge) and bathroom with shower.[\/vc_column_text][\/vc_column][vc_column width=&#8221;1\/2&#8243;]<div class=\"custom_font_holder\" style=\" font-size: 28px; line-height: 26px; font-style: normal; font-weight: 600; color: #1e73be; text-decoration: none; text-shadow: 1px 1px 2px rgba(0, 0, 0, 0.4); text-align: left;\">\n<h2 style=\"text-align: center;\">Burrone dei Morti<\/h2>\n<\/div>[vc_empty_space][vc_single_image image=&#8221;511&#8243; img_size=&#8221;full&#8221; style=&#8221;vc_box_shadow_3d&#8221; onclick=&#8221;link_image&#8221; qode_css_animation=&#8221;element_from_fade&#8221;][\/vc_column][\/vc_row][vc_row css_animation=&#8221;&#8221; row_type=&#8221;row&#8221; use_row_as_full_screen_section=&#8221;no&#8221; type=&#8221;full_width&#8221; angled_section=&#8221;no&#8221; text_align=&#8221;left&#8221; background_image_as_pattern=&#8221;without_pattern&#8221; background_color=&#8221;#d8e1ff&#8221; padding_top=&#8221;50&#8243; padding_bottom=&#8221;50&#8243; css=&#8221;.vc_custom_1510752300720{padding-left: 10px !important;}&#8221;][vc_column width=&#8221;1\/2&#8243;]<div class=\"custom_font_holder\" style=\" font-size: 28px; line-height: 26px; font-style: normal; font-weight: 600; color: #1e73be; text-decoration: none; text-shadow: 1px 1px 2px rgba(0, 0, 0, 0.4); text-align: left;\">\n<h2 style=\"text-align: center;\">Pelekita Grotta<\/h2>\n<\/div>[vc_empty_space][vc_single_image image=&#8221;515&#8243; img_size=&#8221;full&#8221; style=&#8221;vc_box_shadow_3d&#8221; onclick=&#8221;link_image&#8221; qode_css_animation=&#8221;element_from_fade&#8221;][\/vc_column][vc_column width=&#8221;1\/2&#8243;][vc_empty_space][vc_column_text css=&#8221;.vc_custom_1619589030019{padding-right: 10px !important;padding-left: 10px !important;}&#8221;]Merita di essere anche menzionata la grotta di \u201cPelekit\u00e0\u201d, una delle grotte pi\u00f9 grandi di Creta. Si trova a 5 cilometri di distanza da Kato Zakros e pu\u00f2 essere visitata a piedi o in qualche piccola imbarcazione.<\/p>\n<p>&nbsp;<\/p>\n<p>La sua lunghezza \u00e8 310 metri, al suo fondo c\u2019\u00e8 un piccolo lago con acqua, mentre durante gli scavi che si sono fatti nel suo interno, si sono trovati degli scheletri umani e anche resti dall\u2019 et\u00e0 neolitica.<\/p>\n<p>&nbsp;<\/p>\n<p>Vicino alla grotta c\u2019\u00e8 una cava antica di \u201cporolithos\u201d (una porosa pietra morbida) e a causa di questa roccia sgrossata ha preso il suo nome. Di questo materiale si sono costruiti i muri del cortile del palazzo minoico.[\/vc_column_text][\/vc_column][\/vc_row][vc_row css_animation=&#8221;&#8221; row_type=&#8221;row&#8221; use_row_as_full_screen_section=&#8221;no&#8221; type=&#8221;full_width&#8221; angled_section=&#8221;no&#8221; text_align=&#8221;left&#8221; background_image_as_pattern=&#8221;without_pattern&#8221; padding_top=&#8221;50&#8243; padding_bottom=&#8221;50&#8243; css=&#8221;.vc_custom_1510752176674{padding-left: 10px !important;}&#8221;][vc_column width=&#8221;1\/2&#8243;][vc_empty_space][vc_column_text css=&#8221;.vc_custom_1618860213846{padding-right: 10px !important;padding-left: 10px !important;}&#8221;]A small, easily accessible gorge, starts from the village Chohlakies and ends at the beautiful bay of Karoumes.<\/p>\n<p>&nbsp;<\/p>\n<p>The walk through the gorge, leading mainly through the riverbed, takes about two hours&#8217; time, starting from the village Chohlakies and another two hours&#8217; time for the return journey to Chohlakies.<\/p>\n<p>&nbsp;<\/p>\n<p>In springtime you must be prepared for some rock climbing in order to get round the pools of water. At the end is the lonely but beautiful beach of Karoumes where trees give shady resting places. This is actually the last part of the E4 European Long distance path in Crete.[\/vc_column_text][\/vc_column][vc_column width=&#8221;1\/2&#8243;]<div class=\"custom_font_holder\" style=\" font-size: 28px; line-height: 26px; font-style: normal; font-weight: 600; color: #1e73be; text-decoration: none; text-shadow: 1px 1px 2px rgba(0, 0, 0, 0.4); text-align: left;\">\n<h2 style=\"text-align: center;\">Burrone Chochlakies<\/h2>\n<\/div>[vc_empty_space][vc_single_image image=&#8221;516&#8243; img_size=&#8221;full&#8221; style=&#8221;vc_box_shadow_3d&#8221; onclick=&#8221;link_image&#8221; qode_css_animation=&#8221;element_from_fade&#8221;][\/vc_column][\/vc_row][vc_row css_animation=&#8221;&#8221; row_type=&#8221;row&#8221; use_row_as_full_screen_section=&#8221;no&#8221; type=&#8221;full_width&#8221; angled_section=&#8221;no&#8221; text_align=&#8221;left&#8221; background_image_as_pattern=&#8221;without_pattern&#8221; background_color=&#8221;#d8e1ff&#8221; padding_top=&#8221;50&#8243; padding_bottom=&#8221;50&#8243; css=&#8221;.vc_custom_1510752300720{padding-left: 10px !important;}&#8221;][vc_column width=&#8221;1\/2&#8243;]<div class=\"custom_font_holder\" style=\" font-size: 28px; line-height: 26px; font-style: normal; font-weight: 600; color: #1e73be; text-decoration: none; text-shadow: 1px 1px 2px rgba(0, 0, 0, 0.4); text-align: left;\">\n<h2 style=\"text-align: center;\">Bosco Di Palme Vai<\/h2>\n<\/div>[vc_empty_space][vc_single_image image=&#8221;516&#8243; img_size=&#8221;full&#8221; style=&#8221;vc_box_shadow_3d&#8221; onclick=&#8221;link_image&#8221; qode_css_animation=&#8221;element_from_fade&#8221;][\/vc_column][vc_column width=&#8221;1\/2&#8243;][vc_empty_space][vc_column_text css=&#8221;.vc_custom_1619589161665{padding-right: 10px !important;padding-left: 10px !important;}&#8221;]L\u2019unico bosco di palme in Europa con la bella spiaggia e il mare pulitissimo al punto settentrionale della provincia, sul promontorio \u201cSidero\u201c, costituisce un angolo di straordinaria bellezza della terra cretese.<\/p>\n<p>&nbsp;<\/p>\n<p>Qui le palme sono spontanee e coprono la maggior parte della piccola forra fino al mare.<\/p>\n<p>&nbsp;<\/p>\n<p>Vai, oltre al valore estetico, ha anche grande valore biologico. Le zone umide che si formano tra il bosco delle palme e la spiaggia sono molto importanti per la fauna degli uccelli, mentre nel mare si sviluppa una ricchezza enorme della vita marittima.[\/vc_column_text][\/vc_column][\/vc_row][vc_row css_animation=&#8221;&#8221; row_type=&#8221;row&#8221; use_row_as_full_screen_section=&#8221;no&#8221; type=&#8221;full_width&#8221; angled_section=&#8221;no&#8221; text_align=&#8221;left&#8221; background_image_as_pattern=&#8221;without_pattern&#8221; padding_top=&#8221;50&#8243; padding_bottom=&#8221;50&#8243; css=&#8221;.vc_custom_1510752176674{padding-left: 10px !important;}&#8221;][vc_column width=&#8221;1\/2&#8243;][vc_empty_space][vc_column_text css=&#8221;.vc_custom_1619589220631{padding-right: 10px !important;padding-left: 10px !important;}&#8221;]Il <strong>monastero Toplo\u00f9<\/strong> \u00e8 uno dei pi\u00f9 storici monasteri di Creta ed \u00e8 molto noto per i suoi tesori archeologici. Nel ciclo ecclesiastico \u00e8 conosciuto come monastero della Madonna di Akrotirian\u00ec, mentre tra le persone del posto \u00e8 conosciuto come Monastero Grande.<\/p>\n<p>&nbsp;<\/p>\n<p>Nel monastero si trovano antichissime icone molto prestigiose, mentre ci sono anche parecchi affreschi ben conservati del 14\u00b0 secolo. Oltre alle icone, nel monastero Toplo\u00f9 c\u2019\u00e8 un museo di calcografia e anche dell\u2019 arte d\u2019 incisione dai frati del Monte Athos ( Agion Oros ), del 18\u00b0 \u2013 19\u00b0 secolo. Inoltre si espongono degli oggetti dell\u2019 arete ecclesiastica come Vangeli, croci, manoscritti patriarcali, firmani del sultano, timbri, labari rivoluzionari, paramenti sacri e altri.[\/vc_column_text][\/vc_column][vc_column width=&#8221;1\/2&#8243;]<div class=\"custom_font_holder\" style=\" font-size: 28px; line-height: 26px; font-style: normal; font-weight: 600; color: #1e73be; text-decoration: none; text-shadow: 1px 1px 2px rgba(0, 0, 0, 0.4); text-align: left;\">\n<h2 style=\"text-align: center;\">Monastero Toplou<\/h2>\n<\/div>[vc_empty_space][vc_single_image image=&#8221;521&#8243; img_size=&#8221;full&#8221; style=&#8221;vc_box_shadow_3d&#8221; onclick=&#8221;link_image&#8221; qode_css_animation=&#8221;element_from_fade&#8221;][\/vc_column][\/vc_row][vc_row css_animation=&#8221;&#8221; row_type=&#8221;row&#8221; use_row_as_full_screen_section=&#8221;no&#8221; type=&#8221;full_width&#8221; angled_section=&#8221;no&#8221; text_align=&#8221;left&#8221; background_image_as_pattern=&#8221;without_pattern&#8221; background_color=&#8221;#d8e1ff&#8221; padding_top=&#8221;50&#8243; padding_bottom=&#8221;50&#8243; css=&#8221;.vc_custom_1510752300720{padding-left: 10px !important;}&#8221;][vc_column width=&#8221;1\/2&#8243;]<div class=\"custom_font_holder\" style=\" font-size: 28px; line-height: 26px; font-style: normal; font-weight: 600; color: #1e73be; text-decoration: none; text-shadow: 1px 1px 2px rgba(0, 0, 0, 0.4); text-align: left;\">\n<h2 style=\"text-align: center;\">Antica Itanos o Ermoupolis<\/h2>\n<\/div>[vc_empty_space][vc_single_image image=&#8221;522&#8243; img_size=&#8221;full&#8221; style=&#8221;vc_box_shadow_3d&#8221; onclick=&#8221;link_image&#8221; qode_css_animation=&#8221;element_from_fade&#8221;][\/vc_column][vc_column width=&#8221;1\/2&#8243;][vc_column_text css=&#8221;.vc_custom_1619589270601{padding-right: 10px !important;padding-left: 10px !important;}&#8221;]La fondazione d\u2019 Itanos sale negli anni preistorici. La prima testimonianza storica sulla sua esistenza la d\u00e0 Omero. \u0388 stata una tappa importante di transito di merci e esportazione di porpora, di spugne, di vetro e di prodotti di pesca.<\/p>\n<p>&nbsp;<\/p>\n<p>Oggi il visitatore pu\u00f2 camminarci, facendo delle soste alle rovine varie come il grande posto di guardia \u201c castello \u201c all\u2019 acropoli occidentale, di massi neri, la grande chiesa paleocristiana all\u2019 acropoli orientale, il quartiere ellenistico, i due templi paleocristiani ai piedi della collina che porta a Vai e il cimitero fuori citt\u00e0.[\/vc_column_text][\/vc_column][\/vc_row][vc_row css_animation=&#8221;&#8221; row_type=&#8221;row&#8221; use_row_as_full_screen_section=&#8221;no&#8221; type=&#8221;full_width&#8221; angled_section=&#8221;no&#8221; text_align=&#8221;left&#8221; background_image_as_pattern=&#8221;without_pattern&#8221; padding_top=&#8221;50&#8243; padding_bottom=&#8221;50&#8243; css=&#8221;.vc_custom_1510752176674{padding-left: 10px !important;}&#8221;][vc_column width=&#8221;1\/2&#8243;][vc_empty_space][vc_column_text css=&#8221;.vc_custom_1619589382767{padding-right: 10px !important;padding-left: 10px !important;}&#8221;]Il luogo archeologico di Palekastro si trova a 2 chilometri da Palekastro, sulla spiaggia di Chiona. Si sono fatti scavi sistematici nella zona dagli archeologi inglesi Bosanquet e Dawkins, e hanno portato alla luce un importante insediamento minoico che fior\u00ec soprattutto nel periodo postminoico. Si sono anche trovate delle tombe del periodo protominoico e medio minoico con un gran numero di ossa in condizione perfetta.<\/p>\n<p>&nbsp;<\/p>\n<p>La scoperta pi\u00f9 importante del posto fu il tempio di Dikteon Giove, uno dei pi\u00f9 famosi templi della Creta del Sud. Nelle rovine del tempio si \u00e8 trovata un\u2019 iscrizione di calcare grigio che comprendeva l\u2019 inno al Dikteon Giove.<\/p>\n<p>&nbsp;<\/p>\n<p>Cantavano l\u2019inno giovani nudi che portavano gli scudi e imitavano i Kourites i quali, secondo il mito, furono presenti alla nascita di Giove al Dikteo Andro.[\/vc_column_text][\/vc_column][vc_column width=&#8221;1\/2&#8243;]<div class=\"custom_font_holder\" style=\" font-size: 28px; line-height: 26px; font-style: normal; font-weight: 600; color: #1e73be; text-decoration: none; text-shadow: 1px 1px 2px rgba(0, 0, 0, 0.4); text-align: left;\">\n<h2 style=\"text-align: center;\">Antica Palekastro &#8211; Elia citt\u00e0 minoica<\/h2>\n<\/div>[vc_empty_space][vc_single_image image=&#8221;524&#8243; img_size=&#8221;full&#8221; style=&#8221;vc_box_shadow_3d&#8221; onclick=&#8221;link_image&#8221; qode_css_animation=&#8221;element_from_fade&#8221;][\/vc_column][\/vc_row][vc_row css_animation=&#8221;&#8221; row_type=&#8221;row&#8221; use_row_as_full_screen_section=&#8221;no&#8221; type=&#8221;full_width&#8221; angled_section=&#8221;no&#8221; text_align=&#8221;left&#8221; background_image_as_pattern=&#8221;without_pattern&#8221; background_color=&#8221;#d8e1ff&#8221; padding_top=&#8221;50&#8243; padding_bottom=&#8221;50&#8243; css=&#8221;.vc_custom_1510752300720{padding-left: 10px !important;}&#8221;][vc_column width=&#8221;1\/2&#8243;]<div class=\"custom_font_holder\" style=\" font-size: 28px; line-height: 26px; font-style: normal; font-weight: 600; color: #1e73be; text-decoration: none; text-shadow: 1px 1px 2px rgba(0, 0, 0, 0.4); text-align: left;\">\n<h2 style=\"text-align: center;\">Spiaggia e area di Xerokambos<\/h2>\n<\/div>[vc_empty_space][vc_single_image image=&#8221;525&#8243; img_size=&#8221;full&#8221; style=&#8221;vc_box_shadow_3d&#8221; onclick=&#8221;link_image&#8221; qode_css_animation=&#8221;element_from_fade&#8221;][\/vc_column][vc_column width=&#8221;1\/2&#8243;][vc_empty_space][vc_column_text css=&#8221;.vc_custom_1619589439167{padding-right: 10px !important;padding-left: 10px !important;}&#8221;]Si tratta di una grande spiaggia sabbiosa, con azzurre acque poco profonde e dune piccole. La spiaggia a Xerokampos costituisce una meta ideale per tranquillit\u00e0 e rilassamento, e per gli appassionati della pesca subacquea grazie alle grotte che circondano la spiaggia.<\/p>\n<p>&nbsp;<\/p>\n<p>Per arrivare a Xerokampos da Kato Zakros dovete passare da Zakros e uscendo all\u2019 incrocio che incontrerete, dovete girare a sinistra per la strada che porta a Xerokampos.<\/p>\n<p>&nbsp;<\/p>\n<p>Per gli appassionati del trekking c\u2019\u00e8 un sentiero dalla Santa Irene ( Agia Irini ) che porta, dopo due ore, a Xerokampos.[\/vc_column_text][\/vc_column][\/vc_row]<\/p>\n<\/div>","protected":false},"excerpt":{"rendered":"<p>[vc_row css_animation=&#8221;&#8221; row_type=&#8221;row&#8221; use_row_as_full_screen_section=&#8221;no&#8221; type=&#8221;full_width&#8221; angled_section=&#8221;no&#8221; text_align=&#8221;left&#8221; background_image_as_pattern=&#8221;without_pattern&#8221; background_color=&#8221;#d8e1ff&#8221; padding_top=&#8221;50&#8243; padding_bottom=&#8221;50&#8243; css=&#8221;.vc_custom_1510751633506{padding-left: 10px !important;}&#8221;][vc_column width=&#8221;1\/2&#8243;][vc_empty_space][vc_single_image image=&#8221;506&#8243; img_size=&#8221;full&#8221; style=&#8221;vc_box_shadow_3d&#8221; onclick=&#8221;link_image&#8221; qode_css_animation=&#8221;element_from_fade&#8221;][\/vc_column][vc_column width=&#8221;1\/2&#8243;][vc_column_text css=&#8221;.vc_custom_1619588887793{padding-right: 10px !important;padding-left: 10px !important;}&#8221;]Qui \u00e8 stato scavato il quarto palazzo minoico di Creta ed \u00e8 l\u2019 unico non saccheggiato. Fu costruito circa nel&#8230;<\/p>\n","protected":false},"author":1,"featured_media":0,"parent":0,"menu_order":0,"comment_status":"closed","ping_status":"open","template":"","meta":{"footnotes":""},"class_list":["post-1356","page","type-page","status-publish","hentry"],"_links":{"self":[{"href":"https:\/\/www.katozakros-beachfront.com\/it\/wp-json\/wp\/v2\/pages\/1356","targetHints":{"allow":["GET"]}}],"collection":[{"href":"https:\/\/www.katozakros-beachfront.com\/it\/wp-json\/wp\/v2\/pages"}],"about":[{"href":"https:\/\/www.katozakros-beachfront.com\/it\/wp-json\/wp\/v2\/types\/page"}],"author":[{"embeddable":true,"href":"https:\/\/www.katozakros-beachfront.com\/it\/wp-json\/wp\/v2\/users\/1"}],"replies":[{"embeddable":true,"href":"https:\/\/www.katozakros-beachfront.com\/it\/wp-json\/wp\/v2\/comments?post=1356"}],"version-history":[{"count":3,"href":"https:\/\/www.katozakros-beachfront.com\/it\/wp-json\/wp\/v2\/pages\/1356\/revisions"}],"predecessor-version":[{"id":1359,"href":"https:\/\/www.katozakros-beachfront.com\/it\/wp-json\/wp\/v2\/pages\/1356\/revisions\/1359"}],"wp:attachment":[{"href":"https:\/\/www.katozakros-beachfront.com\/it\/wp-json\/wp\/v2\/media?parent=1356"}],"curies":[{"name":"wp","href":"https:\/\/api.w.org\/{rel}","templated":true}]}}