{"id":1296,"date":"2021-04-26T08:53:42","date_gmt":"2021-04-26T05:53:42","guid":{"rendered":"https:\/\/www.katozakros-beachfront.com\/?page_id=1296"},"modified":"2021-04-26T08:56:46","modified_gmt":"2021-04-26T05:56:46","slug":"accueil","status":"publish","type":"page","link":"https:\/\/www.katozakros-beachfront.com\/fr\/","title":{"rendered":"Accueil"},"content":{"rendered":"<div class=\"wpb-content-wrapper\"><p>[vc_row css_animation=\u00a0\u00bb\u00a0\u00bb row_type=\u00a0\u00bbrow\u00a0\u00bb use_row_as_full_screen_section=\u00a0\u00bbno\u00a0\u00bb type=\u00a0\u00bbgrid\u00a0\u00bb angled_section=\u00a0\u00bbno\u00a0\u00bb text_align=\u00a0\u00bbcenter\u00a0\u00bb background_image_as_pattern=\u00a0\u00bbwithout_pattern\u00a0\u00bb z_index=\u00a0\u00bb\u00a0\u00bb css=\u00a0\u00bb.vc_custom_1618518750780{padding-top: 20px !important;background-color: #f9fbf7 !important;}\u00a0\u00bb][vc_column][vc_empty_space height=\u00a0\u00bb40px\u00a0\u00bb][vc_column_text]<\/p>\n<h1 style=\"text-align: center;\">Kato Zakros<\/h1>\n<p>[\/vc_column_text][vc_column_text]<\/p>\n<p style=\"text-align: center;\">Appartements et chambres vue mer<\/p>\n<p>[\/vc_column_text][vc_empty_space height=\u00a0\u00bb2px\u00a0\u00bb][\/vc_column][\/vc_row][vc_row css_animation=\u00a0\u00bb\u00a0\u00bb row_type=\u00a0\u00bbrow\u00a0\u00bb use_row_as_full_screen_section=\u00a0\u00bbno\u00a0\u00bb type=\u00a0\u00bbgrid\u00a0\u00bb angled_section=\u00a0\u00bbno\u00a0\u00bb text_align=\u00a0\u00bbleft\u00a0\u00bb background_image_as_pattern=\u00a0\u00bbwithout_pattern\u00a0\u00bb z_index=\u00a0\u00bb\u00a0\u00bb css=\u00a0\u00bb.vc_custom_1618482010114{padding-top: 10px !important;padding-bottom: 10px !important;background-color: #ffffff !important;}\u00a0\u00bb][vc_column width=\u00a0\u00bb1\/3&Prime;][vc_single_image image=\u00a0\u00bb252&Prime; img_size=\u00a0\u00bblarge\u00a0\u00bb alignment=\u00a0\u00bbcenter\u00a0\u00bb style=\u00a0\u00bbvc_box_outline\u00a0\u00bb onclick=\u00a0\u00bbcustom_link\u00a0\u00bb qode_css_animation=\u00a0\u00bbelement_from_fade\u00a0\u00bb qode_hover_animation=\u00a0\u00bbdarken\u00a0\u00bb title=\u00a0\u00bbCoral Rooms\u00a0\u00bb link=\u00a0\u00bb\/beachfront\/\u00a0\u00bb][vc_column_text]Dans ce paysage magique ou domine la beaute de la baie de <strong>Kato Zakros<\/strong> nous avons choisi pour vous procurer les chambres traditionnelles, \u00abCORAL\u00bb..[\/vc_column_text]<a  itemprop=\"url\" href=\"\/fr\/coral-rooms\/\" target=\"_self\" data-hover-background-color='#c6d6ff' data-hover-color='#519fff' class=\"qbutton  large center white enlarge  qode-button-shadow\" style=\"color: #f5ff9b; margin: 3px 3px 3px 3px; border-radius: 4px;-moz-border-radius: 4px;-webkit-border-radius: 4px; background-color: #1e73be;\">Afficher Plus<i class=\"qode_icon_font_awesome fa fa-arrow-right qode_button_icon_element\" style=\"color: #fff0b7;\" ><\/i><\/a>[\/vc_column][vc_column width=\u00a0\u00bb1\/3&Prime;][vc_single_image image=\u00a0\u00bb269&Prime; img_size=\u00a0\u00bblarge\u00a0\u00bb alignment=\u00a0\u00bbcenter\u00a0\u00bb style=\u00a0\u00bbvc_box_outline\u00a0\u00bb onclick=\u00a0\u00bbcustom_link\u00a0\u00bb qode_css_animation=\u00a0\u00bbelement_from_fade\u00a0\u00bb qode_hover_animation=\u00a0\u00bbdarken\u00a0\u00bb title=\u00a0\u00bbAlkioni Apartments\u00a0\u00bb link=\u00a0\u00bb\/beachfront\/\u00a0\u00bb][vc_column_text]Les appartements <strong>ALKIONI<\/strong> sont situ\u00e9s \u00e0 Kato Zakros et offrent une vue sur la mer. Ils peuvent accueillir jusqu&rsquo;\u00e0 4 personnes dans leurs 2 appartements.[\/vc_column_text]<a  itemprop=\"url\" href=\"\/fr\/alkioni-apartments\/\" target=\"_self\" data-hover-background-color='#c6d6ff' data-hover-color='#519fff' class=\"qbutton  large center white enlarge  qode-button-shadow\" style=\"color: #f5ff9b; margin: 3px 3px 3px 3px; border-radius: 4px;-moz-border-radius: 4px;-webkit-border-radius: 4px; background-color: #1e73be;\">Afficher Plus<i class=\"qode_icon_font_awesome fa fa-arrow-right qode_button_icon_element\" style=\"color: #fff0b7;\" ><\/i><\/a>[\/vc_column][vc_column width=\u00a0\u00bb1\/3&Prime;][vc_single_image image=\u00a0\u00bb270&Prime; img_size=\u00a0\u00bblarge\u00a0\u00bb alignment=\u00a0\u00bbcenter\u00a0\u00bb style=\u00a0\u00bbvc_box_outline\u00a0\u00bb onclick=\u00a0\u00bbcustom_link\u00a0\u00bb qode_css_animation=\u00a0\u00bbelement_from_fade\u00a0\u00bb qode_hover_animation=\u00a0\u00bbdarken\u00a0\u00bb title=\u00a0\u00bbBeachfront apartment\u00a0\u00bb link=\u00a0\u00bb\/beachfront\/\u00a0\u00bb][vc_column_text]The <strong>Beach Front<\/strong> est un appartement situ\u00e9 \u00e0 quelques m\u00e8tres de la mer \u00e0 Kato Zakros et pouvant accueillir jusqu&rsquo;\u00e0 2 personnes.[\/vc_column_text]<a  itemprop=\"url\" href=\"\/fr\/beachfront-apartment\/\" target=\"_self\" data-hover-background-color='#c6d6ff' data-hover-color='#519fff' class=\"qbutton  large center white enlarge  qode-button-shadow\" style=\"color: #f5ff9b; margin: 3px 3px 3px 3px; border-radius: 4px;-moz-border-radius: 4px;-webkit-border-radius: 4px; background-color: #1e73be;\">Afficher Plus<i class=\"qode_icon_font_awesome fa fa-arrow-right qode_button_icon_element\" style=\"color: #fff0b7;\" ><\/i><\/a>[\/vc_column][\/vc_row][vc_row css_animation=\u00a0\u00bb\u00a0\u00bb row_type=\u00a0\u00bbrow\u00a0\u00bb use_row_as_full_screen_section=\u00a0\u00bbno\u00a0\u00bb type=\u00a0\u00bbgrid\u00a0\u00bb angled_section=\u00a0\u00bbno\u00a0\u00bb text_align=\u00a0\u00bbleft\u00a0\u00bb background_image_as_pattern=\u00a0\u00bbwithout_pattern\u00a0\u00bb z_index=\u00a0\u00bb\u00a0\u00bb css=\u00a0\u00bb.vc_custom_1618482540962{margin-top: 40px !important;padding-top: 10px !important;padding-bottom: 10px !important;background-color: #ffffff !important;}\u00a0\u00bb][vc_column width=\u00a0\u00bb1\/3&Prime;][vc_single_image image=\u00a0\u00bb271&Prime; img_size=\u00a0\u00bblarge\u00a0\u00bb alignment=\u00a0\u00bbcenter\u00a0\u00bb style=\u00a0\u00bbvc_box_outline\u00a0\u00bb onclick=\u00a0\u00bbcustom_link\u00a0\u00bb qode_css_animation=\u00a0\u00bbelement_from_fade\u00a0\u00bb qode_hover_animation=\u00a0\u00bbdarken\u00a0\u00bb title=\u00a0\u00bbDimitra apartments (Zakros)\u00a0\u00bb link=\u00a0\u00bb\/beachfront\/\u00a0\u00bb][vc_column_text]Bienvenue sur notre site! Merci de votre visite! Beaucoup de nos clients s&rsquo;y rendent chaque ann\u00e9e et sont devenus des amis de coeur. Pour ceux qui souhatent des vacances&#8230;[\/vc_column_text]<a  itemprop=\"url\" href=\"\/fr\/dimitra-apartments\/\" target=\"_self\" data-hover-background-color='#c6d6ff' data-hover-color='#519fff' class=\"qbutton  large center white enlarge  qode-button-shadow\" style=\"color: #f5ff9b; margin: 3px 3px 3px 3px; border-radius: 4px;-moz-border-radius: 4px;-webkit-border-radius: 4px; background-color: #1e73be;\">Afficher Plus<i class=\"qode_icon_font_awesome fa fa-arrow-right qode_button_icon_element\" style=\"color: #fff0b7;\" ><\/i><\/a>[\/vc_column][vc_column width=\u00a0\u00bb1\/3&Prime;][vc_single_image image=\u00a0\u00bb272&Prime; img_size=\u00a0\u00bblarge\u00a0\u00bb alignment=\u00a0\u00bbcenter\u00a0\u00bb style=\u00a0\u00bbvc_box_outline\u00a0\u00bb onclick=\u00a0\u00bbcustom_link\u00a0\u00bb qode_css_animation=\u00a0\u00bbelement_from_fade\u00a0\u00bb qode_hover_animation=\u00a0\u00bbdarken\u00a0\u00bb title=\u00a0\u00bbTania Maizonette (Zakros)\u00a0\u00bb link=\u00a0\u00bb\/beachfront\/\u00a0\u00bb][vc_column_text]<strong>La Maisonnette Tania<\/strong> est situ\u00e9e pr\u00e8s du centre du village traditionnel de Zakros et peut accueillir jusqu&rsquo;\u00e0 2 personnes&#8230;[\/vc_column_text]<a  itemprop=\"url\" href=\"\/fr\/tania-maisonette\/\" target=\"_self\" data-hover-background-color='#c6d6ff' data-hover-color='#519fff' class=\"qbutton  large center white enlarge  qode-button-shadow\" style=\"color: #f5ff9b; margin: 3px 3px 3px 3px; border-radius: 4px;-moz-border-radius: 4px;-webkit-border-radius: 4px; background-color: #1e73be;\">Afficher Plus<i class=\"qode_icon_font_awesome fa fa-arrow-right qode_button_icon_element\" style=\"color: #fff0b7;\" ><\/i><\/a>[\/vc_column][vc_column width=\u00a0\u00bb1\/3&Prime;][vc_single_image image=\u00a0\u00bb275&Prime; img_size=\u00a0\u00bblarge\u00a0\u00bb alignment=\u00a0\u00bbcenter\u00a0\u00bb style=\u00a0\u00bbvc_box_outline\u00a0\u00bb onclick=\u00a0\u00bbcustom_link\u00a0\u00bb qode_css_animation=\u00a0\u00bbelement_from_fade\u00a0\u00bb qode_hover_animation=\u00a0\u00bbdarken\u00a0\u00bb title=\u00a0\u00bbAkrogiali Taverna\u00a0\u00bb link=\u00a0\u00bb\/beachfront\/\u00a0\u00bb][vc_column_text]\u00ab<strong>Akrogiali<\/strong>\u00bb qui signifie au bout de la mer, porte bien son nom, puisque cette taverne se trouve a peine a 5m de la plage. C\u2019est la plus ancienne taverne de la region de <strong>Kato Zakros<\/strong>. Le batiment a ete construit en 1898 et s\u2019appelait Maria.[\/vc_column_text]<a  itemprop=\"url\" href=\"\/fr\/akrogiali-taverna\/\" target=\"_self\" data-hover-background-color='#c6d6ff' data-hover-color='#519fff' class=\"qbutton  large center white enlarge  qode-button-shadow\" style=\"color: #f5ff9b; margin: 3px 3px 3px 3px; border-radius: 4px;-moz-border-radius: 4px;-webkit-border-radius: 4px; background-color: #1e73be;\">Afficher Plus<i class=\"qode_icon_font_awesome fa fa-arrow-right qode_button_icon_element\" style=\"color: #fff0b7;\" ><\/i><\/a>[\/vc_column][\/vc_row][vc_row css_animation=\u00a0\u00bbelement_from_fade\u00a0\u00bb row_type=\u00a0\u00bbrow\u00a0\u00bb use_row_as_full_screen_section=\u00a0\u00bbno\u00a0\u00bb type=\u00a0\u00bbgrid\u00a0\u00bb angled_section=\u00a0\u00bbno\u00a0\u00bb text_align=\u00a0\u00bbleft\u00a0\u00bb background_image_as_pattern=\u00a0\u00bbwithout_pattern\u00a0\u00bb z_index=\u00a0\u00bb\u00a0\u00bb css=\u00a0\u00bb.vc_custom_1618551908016{margin-top: 40px !important;background-image: url(https:\/\/www.katozakros-beachfront.com\/wp-content\/uploads\/2021\/04\/slider-katozakros.jpg?id=263) !important;}\u00a0\u00bb][vc_column][qode_elements_holder number_of_columns=\u00a0\u00bbone_column\u00a0\u00bb][qode_elements_holder_item advanced_animations=\u00a0\u00bbno\u00a0\u00bb item_padding=\u00a0\u00bb150px 156px 150px 156px\u00a0\u00bb item_padding_600_768=\u00a0\u00bb150px 35px 150px 35px\u00a0\u00bb item_padding_480_600=\u00a0\u00bb0px 5px 0px 5px\u00a0\u00bb item_padding_480=\u00a0\u00bb50px 5px 50px 5px\u00a0\u00bb][vc_column_text]<\/p>\n<h1 style=\"text-align: center;\">Kato Zakros<\/h1>\n<p>[\/vc_column_text][vc_separator css_animation=\u00a0\u00bbfadeIn\u00a0\u00bb type=\u00a0\u00bbnormal\u00a0\u00bb color=\u00a0\u00bb#0166bf\u00a0\u00bb thickness=\u00a0\u00bb3&Prime; up=\u00a0\u00bb20&Prime; down=\u00a0\u00bb50&Prime;][vc_column_text]<\/p>\n<h2><span style=\"color: #000000;\"><strong>Finalement, excepte la magie du paysage, de la mer, du soleil pendant tous les mois de l\u2019ann\u00e9e, les kilom\u00e8tres que vous allez traverser pour arriver \u00e0 Kato Zakros valent la peine m\u00eame si vous voulez tout simplement vous reposer sur une belle plage de Cr\u00eate sans beaucoup de monde et surtout sans vous sentir comme un touriste&#8230;<\/strong><\/span><\/h2>\n<p>[\/vc_column_text][vc_empty_space]<a  itemprop=\"url\" href=\"\/fr\/sites\/\" target=\"_self\" data-hover-background-color='#5db0ef' data-hover-color='#6d97bf' class=\"qbutton  large center white enlarge  qode-button-shadow\" style=\"color: #1e73be; font-size: 24px; margin: 10px 30px 10px 30px; border-radius: 4px;-moz-border-radius: 4px;-webkit-border-radius: 4px; background-color: #bacdff;\">Sites touristiques<i class=\"qode_icon_font_awesome fa fa-arrow-circle-right qode_button_icon_element\" style=\"\" ><\/i><\/a>[\/qode_elements_holder_item][\/qode_elements_holder][\/vc_column][\/vc_row][vc_row css_animation=\u00a0\u00bb\u00a0\u00bb row_type=\u00a0\u00bbrow\u00a0\u00bb use_row_as_full_screen_section=\u00a0\u00bbno\u00a0\u00bb type=\u00a0\u00bbfull_width\u00a0\u00bb angled_section=\u00a0\u00bbno\u00a0\u00bb text_align=\u00a0\u00bbleft\u00a0\u00bb background_image_as_pattern=\u00a0\u00bbwithout_pattern\u00a0\u00bb][vc_column]<div class=\"call_to_action normal\" style=\"background-color: #d8f2ff;padding-top: 70px;padding-bottom: 70px;\"><div class=\"container_inner\"><div class=\"two_columns_75_25 clearfix\"><div class=\"text_wrapper column1\"><div class=\"call_to_action_text  font_size_inherit font_weight_inherit\" style=\"font-size:42px;font-weight: 700;\"><span style=\"color: #3366ff;\">R\u00e9servations &#8211; Demandes<\/span><\/div><\/div><div class=\"button_wrapper column2\"><a itemprop=\"url\" href=\"\/contact\/\" class=\"qbutton white large\" target=\"_self\" style=\"color: #ddf6ff;border-color: #0022ce;background-color: #1e73be;\" data-hover-background-color=#91cfff data-hover-color=#2451e5>Contact<\/a><\/div><\/div><\/div><\/div>[\/vc_column][\/vc_row][vc_row css_animation=\u00a0\u00bb\u00a0\u00bb row_type=\u00a0\u00bbrow\u00a0\u00bb use_row_as_full_screen_section=\u00a0\u00bbno\u00a0\u00bb type=\u00a0\u00bbfull_width\u00a0\u00bb angled_section=\u00a0\u00bbno\u00a0\u00bb text_align=\u00a0\u00bbleft\u00a0\u00bb background_image_as_pattern=\u00a0\u00bbwithout_pattern\u00a0\u00bb][vc_column][vc_gmaps link=\u00a0\u00bb#E-8_JTNDaWZyYW1lJTIwc3JjJTNEJTIyaHR0cHMlM0ElMkYlMkZ3d3cuZ29vZ2xlLmNvbSUyRm1hcHMlMkZkJTJGZW1iZWQlM0ZtaWQlM0QxclBGcUJwMnZWSmdXYkFmSmNOQzVaeDFGS3FlOWROVjIlMjZobCUzRGVuJTIyJTIwd2lkdGglM0QlMjIxMDAlMjUlMjIlMjBoZWlnaHQlM0QlMjI0ODAlMjIlMjBmcmFtZWJvcmRlciUzRCUyMjAlMjIlMjBzdHlsZSUzRCUyMmJvcmRlciUzQTAlMjIlMjBtYXJnaW5oZWlnaHQlM0QlMjIwJTIyJTIwbWFyZ2lud2lkdGglM0QlMjIwJTIyJTIwJTNFJTNDJTJGaWZyYW1lJTNF\u00a0\u00bb css_animation=\u00a0\u00bbfadeIn\u00a0\u00bb][\/vc_column][\/vc_row]<\/p>\n<\/div>","protected":false},"excerpt":{"rendered":"<p>[vc_row css_animation=\u00a0\u00bb\u00a0\u00bb row_type=\u00a0\u00bbrow\u00a0\u00bb use_row_as_full_screen_section=\u00a0\u00bbno\u00a0\u00bb type=\u00a0\u00bbgrid\u00a0\u00bb angled_section=\u00a0\u00bbno\u00a0\u00bb text_align=\u00a0\u00bbcenter\u00a0\u00bb background_image_as_pattern=\u00a0\u00bbwithout_pattern\u00a0\u00bb z_index=\u00a0\u00bb\u00a0\u00bb css=\u00a0\u00bb.vc_custom_1618518750780{padding-top: 20px !important;background-color: #f9fbf7 !important;}\u00a0\u00bb][vc_column][vc_empty_space height=\u00a0\u00bb40px\u00a0\u00bb][vc_column_text] Kato Zakros [\/vc_column_text][vc_column_text] Appartements et chambres vue mer [\/vc_column_text][vc_empty_space height=\u00a0\u00bb2px\u00a0\u00bb][\/vc_column][\/vc_row][vc_row css_animation=\u00a0\u00bb\u00a0\u00bb row_type=\u00a0\u00bbrow\u00a0\u00bb use_row_as_full_screen_section=\u00a0\u00bbno\u00a0\u00bb type=\u00a0\u00bbgrid\u00a0\u00bb angled_section=\u00a0\u00bbno\u00a0\u00bb text_align=\u00a0\u00bbleft\u00a0\u00bb background_image_as_pattern=\u00a0\u00bbwithout_pattern\u00a0\u00bb z_index=\u00a0\u00bb\u00a0\u00bb css=\u00a0\u00bb.vc_custom_1618482010114{padding-top: 10px !important;padding-bottom: 10px !important;background-color: #ffffff !important;}\u00a0\u00bb][vc_column width=\u00a0\u00bb1\/3&Prime;][vc_single_image image=\u00a0\u00bb252&Prime; img_size=\u00a0\u00bblarge\u00a0\u00bb alignment=\u00a0\u00bbcenter\u00a0\u00bb style=\u00a0\u00bbvc_box_outline\u00a0\u00bb&#8230;<\/p>\n","protected":false},"author":1,"featured_media":0,"parent":0,"menu_order":0,"comment_status":"closed","ping_status":"closed","template":"full_width.php","meta":{"footnotes":""},"class_list":["post-1296","page","type-page","status-publish","hentry"],"_links":{"self":[{"href":"https:\/\/www.katozakros-beachfront.com\/fr\/wp-json\/wp\/v2\/pages\/1296","targetHints":{"allow":["GET"]}}],"collection":[{"href":"https:\/\/www.katozakros-beachfront.com\/fr\/wp-json\/wp\/v2\/pages"}],"about":[{"href":"https:\/\/www.katozakros-beachfront.com\/fr\/wp-json\/wp\/v2\/types\/page"}],"author":[{"embeddable":true,"href":"https:\/\/www.katozakros-beachfront.com\/fr\/wp-json\/wp\/v2\/users\/1"}],"replies":[{"embeddable":true,"href":"https:\/\/www.katozakros-beachfront.com\/fr\/wp-json\/wp\/v2\/comments?post=1296"}],"version-history":[{"count":1,"href":"https:\/\/www.katozakros-beachfront.com\/fr\/wp-json\/wp\/v2\/pages\/1296\/revisions"}],"predecessor-version":[{"id":1297,"href":"https:\/\/www.katozakros-beachfront.com\/fr\/wp-json\/wp\/v2\/pages\/1296\/revisions\/1297"}],"wp:attachment":[{"href":"https:\/\/www.katozakros-beachfront.com\/fr\/wp-json\/wp\/v2\/media?parent=1296"}],"curies":[{"name":"wp","href":"https:\/\/api.w.org\/{rel}","templated":true}]}}