{"id":1294,"date":"2021-04-26T08:39:30","date_gmt":"2021-04-26T05:39:30","guid":{"rendered":"https:\/\/www.katozakros-beachfront.com\/?page_id=1294"},"modified":"2021-04-26T08:39:30","modified_gmt":"2021-04-26T05:39:30","slug":"kato-zakros","status":"publish","type":"page","link":"https:\/\/www.katozakros-beachfront.com\/fr\/kato-zakros\/","title":{"rendered":"Kato Zakros"},"content":{"rendered":"<div class=\"wpb-content-wrapper\"><p>[vc_row css_animation=\u00a0\u00bb\u00a0\u00bb row_type=\u00a0\u00bbrow\u00a0\u00bb use_row_as_full_screen_section=\u00a0\u00bbno\u00a0\u00bb type=\u00a0\u00bbfull_width\u00a0\u00bb angled_section=\u00a0\u00bbno\u00a0\u00bb text_align=\u00a0\u00bbleft\u00a0\u00bb background_image_as_pattern=\u00a0\u00bbwithout_pattern\u00a0\u00bb padding_top=\u00a0\u00bb50&Prime; padding_bottom=\u00a0\u00bb50&Prime; css=\u00a0\u00bb.vc_custom_1510752176674{padding-left: 10px !important;}\u00a0\u00bb][vc_column]<div class=\"custom_font_holder\" style=\" font-size: 22px; line-height: 26px; font-style: normal; font-weight: 300; color: #0066bf; text-decoration: none; text-shadow: 1px 1px 2px rgba(0, 0, 0, 0.4); padding: 30px 30px;border: 1px solid #02d8e0;border-width: 1px; text-align: left;\">Finalement, excepte la magie du paysage, de la mer, du soleil pendant tous les mois de l\u2019ann\u00e9e, les kilom\u00e8tres que vous allez traverser pour arriver \u00e0 Kato Zakros valent la peine m\u00eame si vous voulez tout simplement vous reposer sur une belle plage de Cr\u00eate sans beaucoup de monde et surtout sans vous sentir comme un touriste. Tr\u00e8s vite vous ferez la connaissance des habitants et vous appr\u00e9cierez leur compagnie. La baignade dans les eaux claires, la nature, la civilisation ancienne de Cr\u00eate vous attendent. Soyez les bienvenus.<\/div>[\/vc_column][\/vc_row][vc_row css_animation=\u00a0\u00bb\u00a0\u00bb row_type=\u00a0\u00bbrow\u00a0\u00bb use_row_as_full_screen_section=\u00a0\u00bbno\u00a0\u00bb type=\u00a0\u00bbfull_width\u00a0\u00bb angled_section=\u00a0\u00bbno\u00a0\u00bb text_align=\u00a0\u00bbleft\u00a0\u00bb background_image_as_pattern=\u00a0\u00bbwithout_pattern\u00a0\u00bb background_color=\u00a0\u00bb#d8e1ff\u00a0\u00bb padding_top=\u00a0\u00bb50&Prime; padding_bottom=\u00a0\u00bb50&Prime; css=\u00a0\u00bb.vc_custom_1510751633506{padding-left: 10px !important;}\u00a0\u00bb][vc_column width=\u00a0\u00bb1\/2&Prime;]<div class=\"custom_font_holder\" style=\" font-size: 22px; line-height: 26px; font-style: normal; font-weight: 300; color: #0066bf; text-decoration: none; text-shadow: 1px 1px 2px rgba(0, 0, 0, 0.4);border: 1px solid rgba(2,216,224,0.01);border-width: 0px; text-align: left;\">Une beaut\u00e9 exceptionnelle au sud-est de la Cr\u00eate<\/div>[vc_empty_space]<div class=\"q_image_with_text_over q_iwto_hover\"><div class=\"shader\" ><\/div><div class=\"shader_hover\" style=\"background-color: rgba(146,197,232,0.31)\"><\/div><img decoding=\"async\" itemprop=\"image\" src=\"https:\/\/www.katozakros-beachfront.com\/wp-content\/uploads\/2021\/04\/zakros-overview.jpg\" alt=\"Kato Zakros - La baie\" \/><div class=\"text\"><table><tr><td><h2 class=\"caption no_icon\" style=\"color: #ffffff;font-size: 40px;\">Kato Zakros - La baie<\/h2><\/td><\/tr><\/table><table><tr><td><div class=\"desc\">Kato Zakros, East Crete<\/div><\/td><\/tr><\/table><\/div><\/div>[\/vc_column][vc_column width=\u00a0\u00bb1\/2&Prime;][vc_column_text css=\u00a0\u00bb.vc_custom_1619415176414{padding-right: 10px !important;padding-left: 10px !important;}\u00a0\u00bb]Loin des r\u00e9gions touristiques surd\u00e9velopp\u00e9es de Cr\u00eate, a son extr\u00e9mit\u00e9 la plus orientale, <strong>Kato Zakros<\/strong> dispose, outre les ruines du palais minoen, de tr\u00e8s belles plages et de randonn\u00e9es sp\u00e9ciales. <strong>Zakros<\/strong> et son port, <strong>Kato Zakros<\/strong>, se trouvent au sud-est de la Cr\u00eate et a trois heures a peu pr\u00e8s d&rsquo;H\u00e9raklion en voiture et a 40 minutes \u00e0 peu pr\u00e8s de Sitia.<\/p>\n<p>&nbsp;<\/p>\n<p>Le visiteur a l\u2019occasion d\u2019observer la beaut\u00e9 du relief de la Cr\u00eate, tandis que s\u2019il pratique la marche, il constatera avec surprise qu\u2019il est arriv\u00e9 au point ou se termine le fameux sentier europ\u00e9en E4. Ce sentier d\u00e9marre des Pyr\u00e9n\u00e9es, arrive en Gr\u00e8ce continentale jusqu&rsquo;au P\u00e9loponn\u00e8se et aboutit en Cr\u00e8te et plus concr\u00e8tement a Kato Zakros.[\/vc_column_text][\/vc_column][\/vc_row][vc_row css_animation=\u00a0\u00bb\u00a0\u00bb row_type=\u00a0\u00bbrow\u00a0\u00bb use_row_as_full_screen_section=\u00a0\u00bbno\u00a0\u00bb type=\u00a0\u00bbfull_width\u00a0\u00bb angled_section=\u00a0\u00bbno\u00a0\u00bb text_align=\u00a0\u00bbleft\u00a0\u00bb background_image_as_pattern=\u00a0\u00bbwithout_pattern\u00a0\u00bb padding_top=\u00a0\u00bb50&Prime; padding_bottom=\u00a0\u00bb50&Prime; css=\u00a0\u00bb.vc_custom_1510752176674{padding-left: 10px !important;}\u00a0\u00bb][vc_column width=\u00a0\u00bb1\/2&Prime;][vc_column_text css=\u00a0\u00bb.vc_custom_1619415255287{padding-right: 10px !important;padding-left: 10px !important;}\u00a0\u00bb]Zakros et <strong>Kato Zakros<\/strong> appartiennent a la municipalit\u00e9 d\u2019Itanos, une des municipalit\u00e9s les plus orientales de la pr\u00e9fecture du <strong>Lassithi<\/strong>. Presque tous les habitants travaillent dans l\u2019agriculture et surtout dans la production et ces derni\u00e8res ann\u00e9es dans l\u2019exportation de l\u2019huile. Dans ce lointain mais tr\u00e8s vivant et ind\u00e9pendant coin de Cr\u00eate, vous rencontrerez des gens qui s\u2019occupent de la culture de la terre et vous gouterez des fruits et des l\u00e9gumes de qualit\u00e9 excellente et de l\u2019huile parmi les meilleures de la Cr\u00eate enti\u00e8re.<\/p>\n<p>&nbsp;<\/p>\n<p>La qualit\u00e9 est le r\u00e9sultat de la morphologie de la terre et de l\u2019eau qui arrose les plus de 250.000 oliviers et qui vient des sources qui se trouvent au-dessus du village. Lieu b\u00e9ni. Non seulement il n\u2019a pas chasse ses habitants mais au contraire il les a gard\u00e9s chez eux et ils s\u2019occupent surtout de la terre. Il y a encore une raison qui a rendu <strong>Kato Zakros<\/strong> connu et qui n\u2019a pas permis a l\u2019industrie du tourisme de r\u00e9aliser son \u0153uvre catastrophique : c\u2019est la d\u00e9couverte du palais minoen a Kato Zakros.[\/vc_column_text][\/vc_column][vc_column width=\u00a0\u00bb1\/2&Prime;]<div class=\"custom_font_holder\" style=\" font-size: 22px; line-height: 26px; font-style: normal; font-weight: 300; color: #0066bf; text-decoration: none; text-shadow: 1px 1px 2px rgba(0, 0, 0, 0.4);border: 1px solid rgba(2,216,224,0.01);border-width: 0px; text-align: left;\">Connaissance avec la r\u00e9gion<\/div>[vc_empty_space]<div class=\"q_image_with_text_over q_iwto_hover\"><div class=\"shader\" ><\/div><div class=\"shader_hover\" style=\"background-color: rgba(146,197,232,0.31)\"><\/div><img decoding=\"async\" itemprop=\"image\" src=\"https:\/\/www.katozakros-beachfront.com\/wp-content\/uploads\/2021\/04\/zakros-gorge.jpg\" alt=\"Kato Zakros Deads Gorge\" \/><div class=\"text\"><table><tr><td><h2 class=\"caption no_icon\" style=\"color: #ffffff;font-size: 40px;\">Kato Zakros Deads Gorge<\/h2><\/td><\/tr><\/table><table><tr><td><div class=\"desc\">La gorge des morts &#8211; Kato Zakros, East Crete<\/div><\/td><\/tr><\/table><\/div><\/div>[\/vc_column][\/vc_row][vc_row css_animation=\u00a0\u00bb\u00a0\u00bb row_type=\u00a0\u00bbrow\u00a0\u00bb use_row_as_full_screen_section=\u00a0\u00bbno\u00a0\u00bb type=\u00a0\u00bbfull_width\u00a0\u00bb angled_section=\u00a0\u00bbno\u00a0\u00bb text_align=\u00a0\u00bbleft\u00a0\u00bb background_image_as_pattern=\u00a0\u00bbwithout_pattern\u00a0\u00bb background_color=\u00a0\u00bb#d8e1ff\u00a0\u00bb padding_top=\u00a0\u00bb50&Prime; padding_bottom=\u00a0\u00bb50&Prime; css=\u00a0\u00bb.vc_custom_1510752300720{padding-left: 10px !important;}\u00a0\u00bb][vc_column width=\u00a0\u00bb1\/2&Prime;]<div class=\"custom_font_holder\" style=\" font-size: 22px; line-height: 26px; font-style: normal; font-weight: 300; color: #0066bf; text-decoration: none; text-shadow: 1px 1px 2px rgba(0, 0, 0, 0.4);border: 1px solid rgba(2,216,224,0.01);border-width: 0px; text-align: left;\">Tours et activit\u00e9s<\/div>[vc_empty_space]<div class=\"q_image_with_text_over q_iwto_hover\"><div class=\"shader\" ><\/div><div class=\"shader_hover\" style=\"background-color: rgba(146,197,232,0.31)\"><\/div><img decoding=\"async\" itemprop=\"image\" src=\"https:\/\/www.katozakros-beachfront.com\/wp-content\/uploads\/2021\/04\/zakros-pelekita.jpg\" alt=\"Pelekita Cave - Kato Zakros\" \/><div class=\"text\"><table><tr><td><h2 class=\"caption no_icon\" style=\"color: #ffffff;font-size: 40px;\">Pelekita Cave - Kato Zakros<\/h2><\/td><\/tr><\/table><table><tr><td><div class=\"desc\">La grotte de Pelekita &#8211; Kato Zakros, East Crete<\/div><\/td><\/tr><\/table><\/div><\/div>[\/vc_column][vc_column width=\u00a0\u00bb1\/2&Prime;][vc_empty_space][vc_column_text css=\u00a0\u00bb.vc_custom_1619415319936{padding-right: 10px !important;padding-left: 10px !important;}\u00a0\u00bb]<strong>Zakros<\/strong> est construit \u00e0 une altitude de 160m. En quittant la r\u00e9gion pittoresque et pleine de verdure en comparaison avec le reste du sud-est de la Cr\u00eate et en suivant le trajet pour 7 kilom\u00e8tres vers la mer, un grand virage laisse derri\u00e8re lui les montagnes et embrasse les eaux bleues.<\/p>\n<p>&nbsp;<\/p>\n<p>A ce point-l\u00e0 l\u2019Est rencontre le Sud. On distingue la baie pittoresque de Kato Zakros. Avec une grande plage et deux plus petites de sable ou de galets, on a l\u2019impression d\u2019\u00eatre pr\u00e8s du paradis. Mais ce paradis est un peu diff\u00e8rent.<\/p>\n<p>&nbsp;<\/p>\n<p>On peut trouver n\u2019 importe o\u00f9 en Cr\u00e8te une belle plage et un repas d\u00e9licieux sans devoir faire autant de km sur les routes provinciales de sa c\u00f4te orientale. Cependant Kato Zakros vous offre beaucoup plus.[\/vc_column_text][\/vc_column][\/vc_row]<\/p>\n<\/div>","protected":false},"excerpt":{"rendered":"<p>[vc_row css_animation=\u00a0\u00bb\u00a0\u00bb row_type=\u00a0\u00bbrow\u00a0\u00bb use_row_as_full_screen_section=\u00a0\u00bbno\u00a0\u00bb type=\u00a0\u00bbfull_width\u00a0\u00bb angled_section=\u00a0\u00bbno\u00a0\u00bb text_align=\u00a0\u00bbleft\u00a0\u00bb background_image_as_pattern=\u00a0\u00bbwithout_pattern\u00a0\u00bb padding_top=\u00a0\u00bb50&Prime; padding_bottom=\u00a0\u00bb50&Prime; css=\u00a0\u00bb.vc_custom_1510752176674{padding-left: 10px !important;}\u00a0\u00bb][vc_column][\/vc_column][\/vc_row][vc_row css_animation=\u00a0\u00bb\u00a0\u00bb row_type=\u00a0\u00bbrow\u00a0\u00bb use_row_as_full_screen_section=\u00a0\u00bbno\u00a0\u00bb type=\u00a0\u00bbfull_width\u00a0\u00bb angled_section=\u00a0\u00bbno\u00a0\u00bb text_align=\u00a0\u00bbleft\u00a0\u00bb background_image_as_pattern=\u00a0\u00bbwithout_pattern\u00a0\u00bb background_color=\u00a0\u00bb#d8e1ff\u00a0\u00bb padding_top=\u00a0\u00bb50&Prime; padding_bottom=\u00a0\u00bb50&Prime; css=\u00a0\u00bb.vc_custom_1510751633506{padding-left: 10px !important;}\u00a0\u00bb][vc_column width=\u00a0\u00bb1\/2&Prime;][vc_empty_space][\/vc_column][vc_column width=\u00a0\u00bb1\/2&Prime;][vc_column_text css=\u00a0\u00bb.vc_custom_1619415176414{padding-right: 10px !important;padding-left: 10px !important;}\u00a0\u00bb]Loin des r\u00e9gions touristiques surd\u00e9velopp\u00e9es de Cr\u00eate, a son extr\u00e9mit\u00e9 la plus orientale,&#8230;<\/p>\n","protected":false},"author":1,"featured_media":0,"parent":0,"menu_order":0,"comment_status":"closed","ping_status":"open","template":"","meta":{"footnotes":""},"class_list":["post-1294","page","type-page","status-publish","hentry"],"_links":{"self":[{"href":"https:\/\/www.katozakros-beachfront.com\/fr\/wp-json\/wp\/v2\/pages\/1294","targetHints":{"allow":["GET"]}}],"collection":[{"href":"https:\/\/www.katozakros-beachfront.com\/fr\/wp-json\/wp\/v2\/pages"}],"about":[{"href":"https:\/\/www.katozakros-beachfront.com\/fr\/wp-json\/wp\/v2\/types\/page"}],"author":[{"embeddable":true,"href":"https:\/\/www.katozakros-beachfront.com\/fr\/wp-json\/wp\/v2\/users\/1"}],"replies":[{"embeddable":true,"href":"https:\/\/www.katozakros-beachfront.com\/fr\/wp-json\/wp\/v2\/comments?post=1294"}],"version-history":[{"count":1,"href":"https:\/\/www.katozakros-beachfront.com\/fr\/wp-json\/wp\/v2\/pages\/1294\/revisions"}],"predecessor-version":[{"id":1295,"href":"https:\/\/www.katozakros-beachfront.com\/fr\/wp-json\/wp\/v2\/pages\/1294\/revisions\/1295"}],"wp:attachment":[{"href":"https:\/\/www.katozakros-beachfront.com\/fr\/wp-json\/wp\/v2\/media?parent=1294"}],"curies":[{"name":"wp","href":"https:\/\/api.w.org\/{rel}","templated":true}]}}