{"id":1290,"date":"2021-04-26T08:12:35","date_gmt":"2021-04-26T05:12:35","guid":{"rendered":"https:\/\/www.katozakros-beachfront.com\/?page_id=1290"},"modified":"2021-04-26T08:29:50","modified_gmt":"2021-04-26T05:29:50","slug":"sites","status":"publish","type":"page","link":"https:\/\/www.katozakros-beachfront.com\/fr\/sites\/","title":{"rendered":"Sites touristiques"},"content":{"rendered":"<div class=\"wpb-content-wrapper\"><p>[vc_row css_animation=\u00a0\u00bb\u00a0\u00bb row_type=\u00a0\u00bbrow\u00a0\u00bb use_row_as_full_screen_section=\u00a0\u00bbno\u00a0\u00bb type=\u00a0\u00bbfull_width\u00a0\u00bb angled_section=\u00a0\u00bbno\u00a0\u00bb text_align=\u00a0\u00bbleft\u00a0\u00bb background_image_as_pattern=\u00a0\u00bbwithout_pattern\u00a0\u00bb background_color=\u00a0\u00bb#d8e1ff\u00a0\u00bb padding_top=\u00a0\u00bb50&Prime; padding_bottom=\u00a0\u00bb50&Prime; css=\u00a0\u00bb.vc_custom_1510751633506{padding-left: 10px !important;}\u00a0\u00bb][vc_column width=\u00a0\u00bb1\/2&Prime;]<div class=\"custom_font_holder\" style=\" font-size: 28px; line-height: 26px; font-style: normal; font-weight: 600; color: #1e73be; text-decoration: none; text-shadow: 1px 1px 2px rgba(0, 0, 0, 0.4); text-align: left;\">\n<h2 style=\"text-align: center;\">Palais minoen de Kato Zakros<\/h2>\n<\/div>[vc_empty_space][vc_single_image image=\u00a0\u00bb506&Prime; img_size=\u00a0\u00bbfull\u00a0\u00bb style=\u00a0\u00bbvc_box_shadow_3d\u00a0\u00bb onclick=\u00a0\u00bblink_image\u00a0\u00bb qode_css_animation=\u00a0\u00bbelement_from_fade\u00a0\u00bb][\/vc_column][vc_column width=\u00a0\u00bb1\/2&Prime;][vc_column_text css=\u00a0\u00bb.vc_custom_1619414051689{padding-right: 10px !important;padding-left: 10px !important;}\u00a0\u00bb]Ici on rencontre les ruines du quatri\u00e8me palais minoen de Cr\u00e8te, le seul qui n\u2019ait pas \u00e9t\u00e9 trouve pille. Construit en 1600 avant notre \u00e8re, il se composait de 180 appartements et occupait 8000m2. C\u2019est D.G. Hogarth qui a commenc\u00e9 les fouilles, mais c\u2019est le professeur N. Platon qui est le principal arch\u00e9ologue du palais.<\/p>\n<p>&nbsp;<\/p>\n<p>Ce palais est plus petit que les autres, mais il a la m\u00eame disposition que ceux de Knossos et de Festos. Il a une cour centrale (couverte de dalles en pierre) autour de laquelle se d\u00e9veloppe le b\u00e2timent qui a un arrangement tortueux, avec trois entr\u00e9es occidentales et une entr\u00e9e centrale ou il y a aussi un autel. Dans l\u2019aile occidentale du palais, il y a les pi\u00e8ces des officiels tandis que dans l&rsquo;aile nord il y avait les salles de banquets et des lucarnes. De la m\u00eame cote on a trouv\u00e9 de grands bassins qui avaient un caract\u00e8re idol\u00e2trique.<\/p>\n<p>&nbsp;<\/p>\n<p>Les appartements principaux et les ateliers se trouvaient respectivement dans l\u2019aile occidentale et nord. L\u2019endroit o\u00f9 le palais a \u00e9t\u00e9 construit \u00e9tait de grande importance parce que de ce point, les Minoens pouvaient faire du commerce avec l\u2019Orient et les autres palais de l\u2019ile. Dans les ruines on a mis au jour beaucoup de vases antiques qui \u00e9taient gardes dans les tr\u00e9soreries du palais. Parmi les trouvailles les plus importantes, on distingue des \u00e9p\u00e9es couvertes de feuilles d\u2019or, d\u2019ivoire, d\u2019objets d\u00e9coratifs en cuivre de Chypre, et une amphore repr\u00e9sentant un temple et des fauves. Un grand nombre de ces trouvailles se trouve au mus\u00e9e arch\u00e9ologique d\u2019 H\u00e9raklion.[\/vc_column_text][\/vc_column][\/vc_row][vc_row css_animation=\u00a0\u00bb\u00a0\u00bb row_type=\u00a0\u00bbrow\u00a0\u00bb use_row_as_full_screen_section=\u00a0\u00bbno\u00a0\u00bb type=\u00a0\u00bbfull_width\u00a0\u00bb angled_section=\u00a0\u00bbno\u00a0\u00bb text_align=\u00a0\u00bbleft\u00a0\u00bb background_image_as_pattern=\u00a0\u00bbwithout_pattern\u00a0\u00bb padding_top=\u00a0\u00bb50&Prime; padding_bottom=\u00a0\u00bb50&Prime; css=\u00a0\u00bb.vc_custom_1510752176674{padding-left: 10px !important;}\u00a0\u00bb][vc_column width=\u00a0\u00bb1\/2&Prime;][vc_column_text css=\u00a0\u00bb.vc_custom_1619414118913{padding-right: 10px !important;padding-left: 10px !important;}\u00a0\u00bb]<strong>La gorge des morts<\/strong> est parmi les gorges les plus importantes de Cr\u00e8te et se trouve \u00e0 la fin du sentier europ\u00e9en E4. Elle commence \u00e0 Pano Zakros et aboutit \u00e0 la plage de Kato Zakros. Elle s\u2019appelle gorge des morts \u00e0 cause du grand nombre des tombeaux qui ont \u00e9t\u00e9 trouves dans des cavernes et des versants abrupts.<\/p>\n<p>&nbsp;<\/p>\n<p>On peut voir tout cela pendant la travers\u00e9e et admirer les diverses configurations g\u00e9ologiques qui comme une \u0153uvre d\u2019art cr\u00e9ent un paysage fantastique. La gorge est pleine de vie et gr\u00e2ce \u00e0 sa beaut\u00e9 naturelle les Minoens avaient l\u2019impression que tous ceux qui y \u00e9taient enterres continuaient leur vie dans l\u2019au-del\u00e0.<\/p>\n<p>&nbsp;<\/p>\n<p>La gorge est accessible \u00e0 toutes les saisons et \u00e0 la fin de la randonn\u00e9e, un peu avant la sortie sur la plaine de Kato Zakros il y a des terrains d\u2019escalade pour ceux qui aiment ce sport.[\/vc_column_text][\/vc_column][vc_column width=\u00a0\u00bb1\/2&Prime;]<div class=\"custom_font_holder\" style=\" font-size: 28px; line-height: 26px; font-style: normal; font-weight: 600; color: #1e73be; text-decoration: none; text-shadow: 1px 1px 2px rgba(0, 0, 0, 0.4); text-align: left;\">\n<h2 style=\"text-align: center;\">La gorge des morts<\/h2>\n<\/div>[vc_empty_space][vc_single_image image=\u00a0\u00bb511&Prime; img_size=\u00a0\u00bbfull\u00a0\u00bb style=\u00a0\u00bbvc_box_shadow_3d\u00a0\u00bb onclick=\u00a0\u00bblink_image\u00a0\u00bb qode_css_animation=\u00a0\u00bbelement_from_fade\u00a0\u00bb][\/vc_column][\/vc_row][vc_row css_animation=\u00a0\u00bb\u00a0\u00bb row_type=\u00a0\u00bbrow\u00a0\u00bb use_row_as_full_screen_section=\u00a0\u00bbno\u00a0\u00bb type=\u00a0\u00bbfull_width\u00a0\u00bb angled_section=\u00a0\u00bbno\u00a0\u00bb text_align=\u00a0\u00bbleft\u00a0\u00bb background_image_as_pattern=\u00a0\u00bbwithout_pattern\u00a0\u00bb background_color=\u00a0\u00bb#d8e1ff\u00a0\u00bb padding_top=\u00a0\u00bb50&Prime; padding_bottom=\u00a0\u00bb50&Prime; css=\u00a0\u00bb.vc_custom_1510752300720{padding-left: 10px !important;}\u00a0\u00bb][vc_column width=\u00a0\u00bb1\/2&Prime;]<div class=\"custom_font_holder\" style=\" font-size: 28px; line-height: 26px; font-style: normal; font-weight: 600; color: #1e73be; text-decoration: none; text-shadow: 1px 1px 2px rgba(0, 0, 0, 0.4); text-align: left;\">\n<h2 style=\"text-align: center;\">La Grotte Pelekita<\/h2>\n<\/div>[vc_empty_space][vc_single_image image=\u00a0\u00bb515&Prime; img_size=\u00a0\u00bbfull\u00a0\u00bb style=\u00a0\u00bbvc_box_shadow_3d\u00a0\u00bb onclick=\u00a0\u00bblink_image\u00a0\u00bb qode_css_animation=\u00a0\u00bbelement_from_fade\u00a0\u00bb][\/vc_column][vc_column width=\u00a0\u00bb1\/2&Prime;][vc_empty_space][vc_column_text css=\u00a0\u00bb.vc_custom_1619414191888{padding-right: 10px !important;padding-left: 10px !important;}\u00a0\u00bb]Il ne faut pas oublier de mentionner la grotte de Pelekita, une des plus grandes grottes de Cr\u00e8te. Elle se trouve \u00e0 une distance de 5km de Kato Zakros et elle est accessible \u00e0 pied ou en bateau.<\/p>\n<p>&nbsp;<\/p>\n<p>Elle a une longueur de 310m et \u00e0 sa sortie, il y a un petit lac. Pendant les fouilles qui ont \u00e9t\u00e9 faites \u00e0 l\u2019int\u00e9rieur on a trouv\u00e9 des squelettes humains et des traces d\u2019habitat d\u00e8s l\u2019\u00e9poque n\u00e9olithique.<\/p>\n<p>&nbsp;<\/p>\n<p>Pr\u00e8s de la grotte, il y a une ancienne carri\u00e8re de pierre poreuse et \u00e0 cause de ce rocher taille la grotte s\u2019est nomm\u00e9e Pelekita (taill\u00e9e). Les murs de la cour du palais Minoen ont \u00e9t\u00e9 construits avec cette pierre poreuse.[\/vc_column_text][\/vc_column][\/vc_row][vc_row css_animation=\u00a0\u00bb\u00a0\u00bb row_type=\u00a0\u00bbrow\u00a0\u00bb use_row_as_full_screen_section=\u00a0\u00bbno\u00a0\u00bb type=\u00a0\u00bbfull_width\u00a0\u00bb angled_section=\u00a0\u00bbno\u00a0\u00bb text_align=\u00a0\u00bbleft\u00a0\u00bb background_image_as_pattern=\u00a0\u00bbwithout_pattern\u00a0\u00bb padding_top=\u00a0\u00bb50&Prime; padding_bottom=\u00a0\u00bb50&Prime; css=\u00a0\u00bb.vc_custom_1510752176674{padding-left: 10px !important;}\u00a0\u00bb][vc_column width=\u00a0\u00bb1\/2&Prime;][vc_empty_space][vc_column_text css=\u00a0\u00bb.vc_custom_1619414291634{padding-right: 10px !important;padding-left: 10px !important;}\u00a0\u00bb]Une petite <strong>gorge<\/strong> facile d&rsquo;acc\u00e8s commence au <strong>village Chochlakies<\/strong> et se termine \u00e0 la magnifique baie de <strong>Karoumes<\/strong>. La promenade dans les gorges, principalement dans le lit de la rivi\u00e8re, dure environ deux heures, \u00e0 partir du village Hohlakies, puis deux heures suppl\u00e9mentaires pour le retour vers Hohlakies. Au printemps, il faut \u00eatre pr\u00eat pour l&rsquo;escalade pour pouvoir contourner les flaques d&rsquo;eau.<\/p>\n<p>&nbsp;<\/p>\n<p>Au bout se trouve la belle mais solitaire plage de <strong>Karoumes<\/strong> o\u00f9 les arbres offrent des lieux de repos ombrag\u00e9s. C&rsquo;est en fait la derni\u00e8re partie du sentier europ\u00e9en longue distance E4 en Cr\u00e8te.[\/vc_column_text][\/vc_column][vc_column width=\u00a0\u00bb1\/2&Prime;]<div class=\"custom_font_holder\" style=\" font-size: 28px; line-height: 26px; font-style: normal; font-weight: 600; color: #1e73be; text-decoration: none; text-shadow: 1px 1px 2px rgba(0, 0, 0, 0.4); text-align: left;\">\n<h2 style=\"text-align: center;\">Chochlakies Gorge<\/h2>\n<\/div>[vc_empty_space][vc_single_image image=\u00a0\u00bb516&Prime; img_size=\u00a0\u00bbfull\u00a0\u00bb style=\u00a0\u00bbvc_box_shadow_3d\u00a0\u00bb onclick=\u00a0\u00bblink_image\u00a0\u00bb qode_css_animation=\u00a0\u00bbelement_from_fade\u00a0\u00bb][\/vc_column][\/vc_row][vc_row css_animation=\u00a0\u00bb\u00a0\u00bb row_type=\u00a0\u00bbrow\u00a0\u00bb use_row_as_full_screen_section=\u00a0\u00bbno\u00a0\u00bb type=\u00a0\u00bbfull_width\u00a0\u00bb angled_section=\u00a0\u00bbno\u00a0\u00bb text_align=\u00a0\u00bbleft\u00a0\u00bb background_image_as_pattern=\u00a0\u00bbwithout_pattern\u00a0\u00bb background_color=\u00a0\u00bb#d8e1ff\u00a0\u00bb padding_top=\u00a0\u00bb50&Prime; padding_bottom=\u00a0\u00bb50&Prime; css=\u00a0\u00bb.vc_custom_1510752300720{padding-left: 10px !important;}\u00a0\u00bb][vc_column width=\u00a0\u00bb1\/2&Prime;]<div class=\"custom_font_holder\" style=\" font-size: 28px; line-height: 26px; font-style: normal; font-weight: 600; color: #1e73be; text-decoration: none; text-shadow: 1px 1px 2px rgba(0, 0, 0, 0.4); text-align: left;\">\n<h2 style=\"text-align: center;\">Plage et Palmeraie de Vai<\/h2>\n<\/div>[vc_empty_space][vc_single_image image=\u00a0\u00bb516&Prime; img_size=\u00a0\u00bbfull\u00a0\u00bb style=\u00a0\u00bbvc_box_shadow_3d\u00a0\u00bb onclick=\u00a0\u00bblink_image\u00a0\u00bb qode_css_animation=\u00a0\u00bbelement_from_fade\u00a0\u00bb][\/vc_column][vc_column width=\u00a0\u00bb1\/2&Prime;][vc_empty_space][vc_column_text css=\u00a0\u00bb.vc_custom_1619414438672{padding-right: 10px !important;padding-left: 10px !important;}\u00a0\u00bb]<strong>La plage de Va\u00ef<\/strong>, de sable fin, est bord\u00e9e d&rsquo;une for\u00eat de palmiers (Phoenix Theophrastii). On raconte que cette for\u00eat a \u00e9t\u00e9 plant\u00e9e par des soldats \u00e9gyptiens lors de la guerre opposant Itanos \u00e0 Praisos au iiie si\u00e8cle av. J.-C. Selon une autre l\u00e9gende tr\u00e8s tenace, les palmiers auraient \u00e9t\u00e9 import\u00e9s en Cr\u00e8te en l&rsquo;an 824 par les Arabes.<\/p>\n<p>&nbsp;<\/p>\n<p>En r\u00e9alit\u00e9, les palmiers de Va\u00ef constituent les derniers vestiges des palmeraies naturelles qui, au IIe mill\u00e9naire av. J.\u2011C. existaitent partout dans les zones c\u00f4ti\u00e8res de l&rsquo;\u00eele, comme l&rsquo;attestent de nombreuses \u0153uvres d&rsquo;art repr\u00e9sentant des paysages de la p\u00e9riode minoenne.<\/p>\n<p>&nbsp;<\/p>\n<p>La palmeraie de Va\u00ef vaut bien un d\u00e9tour, situ\u00e9e \u00e0 30 Kilom\u00e8tres de Sitia \u00e0 l&rsquo;est, ce petit paradis ne manquera pas de vous enchanter, en effet le contraste est saisissant, pr\u00e8s de 5000 palmiers entourent une magnifique plage de sable fin caress\u00e9e par une eau limpide d&rsquo;un bleu \u00e9tincelant.[\/vc_column_text][\/vc_column][\/vc_row][vc_row css_animation=\u00a0\u00bb\u00a0\u00bb row_type=\u00a0\u00bbrow\u00a0\u00bb use_row_as_full_screen_section=\u00a0\u00bbno\u00a0\u00bb type=\u00a0\u00bbfull_width\u00a0\u00bb angled_section=\u00a0\u00bbno\u00a0\u00bb text_align=\u00a0\u00bbleft\u00a0\u00bb background_image_as_pattern=\u00a0\u00bbwithout_pattern\u00a0\u00bb padding_top=\u00a0\u00bb50&Prime; padding_bottom=\u00a0\u00bb50&Prime; css=\u00a0\u00bb.vc_custom_1510752176674{padding-left: 10px !important;}\u00a0\u00bb][vc_column width=\u00a0\u00bb1\/2&Prime;][vc_empty_space][vc_column_text css=\u00a0\u00bb.vc_custom_1619414575064{padding-right: 10px !important;padding-left: 10px !important;}\u00a0\u00bb]Le monast\u00e8re de saint Jean le Th\u00e9ologien Toplou se trouve au nord-est de Cr\u00e8te. Il est un des plus importants monast\u00e8res de l\u2019\u00eele. Le monast\u00e8re a \u00e9t\u00e9 construit au XIVe si\u00e8cle \u00e0 une r\u00e9gion \u00e9loign\u00e9e et il ressemble \u00e0 une forteresse. Il a pris le nom de Toplou pendant l\u2019occupation ottomane. Sa forme architecturale actuelle date du XVIIe si\u00e8cle.<\/p>\n<p>&nbsp;<\/p>\n<p>Le monast\u00e8re est aujourd\u2019hui une construction imposante avec son clocher haut de 33m. Au monast\u00e8re, il existe jusqu\u2019aujourd\u2019hui des ic\u00f4nes du XVe si\u00e8cle aussi bien que des ic\u00f4nes plus r\u00e9centes. Ceci est vraiment int\u00e9ressant, parce quelqu\u2019un peut voir l\u2019\u00e9volution de l\u2019\u00e9cole byzantine de Constantinople qui a \u00e9t\u00e9 influenc\u00e9 par l\u2019art cr\u00e9toise.<\/p>\n<p>&nbsp;<\/p>\n<p>La valeur inestimable des ic\u00f4nes peints au monast\u00e8re de Toplou est une preuve du niveau culturel des moines du monast\u00e8re. Quelques ic\u00f4nes comme l\u2019ic\u00f4ne \u00abTu es grand Seigneur et Tes \u0153uvres sont \u00e9tonnantes\u00bb peint en 1770, et l\u2019ic\u00f4ne \u00abRose amarante\u00bb peint en 1771 et l\u2019ic\u00f4ne de saint Anastasie d\u2019Illyrie, sont des \u0153uvres de Jean Cornaros que l\u2019on peut voir dans le monast\u00e8re.[\/vc_column_text][\/vc_column][vc_column width=\u00a0\u00bb1\/2&Prime;]<div class=\"custom_font_holder\" style=\" font-size: 28px; line-height: 26px; font-style: normal; font-weight: 600; color: #1e73be; text-decoration: none; text-shadow: 1px 1px 2px rgba(0, 0, 0, 0.4); text-align: left;\">\n<h2 style=\"text-align: center;\">Monast\u00e8re &lsquo;Toplou&rsquo;<\/h2>\n<\/div>[vc_empty_space][vc_single_image image=\u00a0\u00bb521&Prime; img_size=\u00a0\u00bbfull\u00a0\u00bb style=\u00a0\u00bbvc_box_shadow_3d\u00a0\u00bb onclick=\u00a0\u00bblink_image\u00a0\u00bb qode_css_animation=\u00a0\u00bbelement_from_fade\u00a0\u00bb][\/vc_column][\/vc_row][vc_row css_animation=\u00a0\u00bb\u00a0\u00bb row_type=\u00a0\u00bbrow\u00a0\u00bb use_row_as_full_screen_section=\u00a0\u00bbno\u00a0\u00bb type=\u00a0\u00bbfull_width\u00a0\u00bb angled_section=\u00a0\u00bbno\u00a0\u00bb text_align=\u00a0\u00bbleft\u00a0\u00bb background_image_as_pattern=\u00a0\u00bbwithout_pattern\u00a0\u00bb background_color=\u00a0\u00bb#d8e1ff\u00a0\u00bb padding_top=\u00a0\u00bb50&Prime; padding_bottom=\u00a0\u00bb50&Prime; css=\u00a0\u00bb.vc_custom_1510752300720{padding-left: 10px !important;}\u00a0\u00bb][vc_column width=\u00a0\u00bb1\/2&Prime;]<div class=\"custom_font_holder\" style=\" font-size: 28px; line-height: 26px; font-style: normal; font-weight: 600; color: #1e73be; text-decoration: none; text-shadow: 1px 1px 2px rgba(0, 0, 0, 0.4); text-align: left;\">\n<h2 style=\"text-align: center;\">Ancien Itanos ou Ermoupolis<\/h2>\n<\/div>[vc_empty_space][vc_single_image image=\u00a0\u00bb522&Prime; img_size=\u00a0\u00bbfull\u00a0\u00bb style=\u00a0\u00bbvc_box_shadow_3d\u00a0\u00bb onclick=\u00a0\u00bblink_image\u00a0\u00bb qode_css_animation=\u00a0\u00bbelement_from_fade\u00a0\u00bb][\/vc_column][vc_column width=\u00a0\u00bb1\/2&Prime;][vc_column_text css=\u00a0\u00bb.vc_custom_1619414649535{padding-right: 10px !important;padding-left: 10px !important;}\u00a0\u00bb]Tout pr\u00e8s de Va\u00ef, se trouve l\u2019Itanos antique, une colonie construite par les Ph\u00e9niciens, dont les ruines se d\u00e9ploient sur une colline de sable et qui \u00e9tait riche et puissante gr\u00e2ce au commerce du pourpre (la mati\u00e8re colorante rouge vif), tr\u00e8s lucratif \u00e0 l\u2019\u00e9poque.<\/p>\n<p>&nbsp;<\/p>\n<p>La ville avait m\u00eame sa propre monnaie et a \u00e9t\u00e9 orn\u00e9e de remarquables b\u00e2timents publics et temples en marbre. Prosp\u00e8re et glorieuse jusqu\u2019\u00e0 la p\u00e9riode byzantine, Itanos a d\u00e9p\u00e9ri \u00e0 cause d\u2019un tremblement de terre d\u00e9vastateur en 795 ap. J.-C. et des raids sarrasins tout au long du IXe si\u00e8cle.<\/p>\n<p>&nbsp;<\/p>\n<p>De nos jours, il ne reste que des vestiges \u00e9parpill\u00e9s sur toute la largeur du cap.[\/vc_column_text][\/vc_column][\/vc_row][vc_row css_animation=\u00a0\u00bb\u00a0\u00bb row_type=\u00a0\u00bbrow\u00a0\u00bb use_row_as_full_screen_section=\u00a0\u00bbno\u00a0\u00bb type=\u00a0\u00bbfull_width\u00a0\u00bb angled_section=\u00a0\u00bbno\u00a0\u00bb text_align=\u00a0\u00bbleft\u00a0\u00bb background_image_as_pattern=\u00a0\u00bbwithout_pattern\u00a0\u00bb padding_top=\u00a0\u00bb50&Prime; padding_bottom=\u00a0\u00bb50&Prime; css=\u00a0\u00bb.vc_custom_1510752176674{padding-left: 10px !important;}\u00a0\u00bb][vc_column width=\u00a0\u00bb1\/2&Prime;][vc_empty_space][vc_column_text css=\u00a0\u00bb.vc_custom_1619414750384{padding-right: 10px !important;padding-left: 10px !important;}\u00a0\u00bb]Coinc\u00e9 entre les champs d&rsquo;oliviers et la jolie plage de Chiona, le site de Roussolakos r\u00e9v\u00e8le les fondations d&rsquo;une ancienne ville minoenne qui aurait rayonn\u00e9 sur la r\u00e9gion \u00e0 la p\u00e9riode post-minoenne (environ 1700 av. J.-C.), mais dont certaines tombes retrouv\u00e9es attestent d&rsquo;une occupation humaine lors des premi\u00e8re et deuxi\u00e8me p\u00e9riodes minoennes.<\/p>\n<p>&nbsp;<\/p>\n<p>Le site a peut-\u00eatre \u00e9t\u00e9 abandonn\u00e9 puis r\u00e9investi. Le plan de la cit\u00e9 se d\u00e9cline en une art\u00e8re centrale d&rsquo;o\u00f9 partent 4 rues perpendiculaires, divisant la ville en 9 secteurs. Les fa\u00e7ades des maisons bordant la route centrale \u00e9taient plus imposantes que sur les autres rues.<\/p>\n<p>&nbsp;<\/p>\n<p>Les pi\u00e8ces importantes retrouv\u00e9es \u00e0 Roussolakos sont, \u00e0 c\u00f4t\u00e9 des sempiternelles amphores ou lampes \u00e0 huile, un pressoir \u00e0 raisin, et surtout une assiette grav\u00e9e de l&rsquo;hymne \u00e0 Zeus Dict\u00e9en. Cet hymne \u00e0 la paix et \u00e0 la vie, qui repose d\u00e9sormais au Mus\u00e9e arch\u00e9ologique d&rsquo;H\u00e9raklion, serait peut-\u00eatre le premier hymne d\u00e9di\u00e9 \u00e0 un dieu de toute l&rsquo;Antiquit\u00e9&#8230; Cette assiette provient d&rsquo;un temple de Zeus dont les ruines furent d\u00e9couvertes sous les fondations d&rsquo;une maison de la ville.<\/p>\n<p>&nbsp;<\/p>\n<p>Le culte au Zeus cr\u00e9tois se serait \u00e9tir\u00e9 de la p\u00e9riode g\u00e9om\u00e9trique \u00e0 la conqu\u00eate romaine. Enfin, une superbe statuette en or et en ivoire, visible au mus\u00e9e de Sitia, repr\u00e9sentant un dieu ou un athl\u00e8te a \u00e9t\u00e9 excav\u00e9e sur le site.[\/vc_column_text][\/vc_column][vc_column width=\u00a0\u00bb1\/2&Prime;]<div class=\"custom_font_holder\" style=\" font-size: 28px; line-height: 26px; font-style: normal; font-weight: 600; color: #1e73be; text-decoration: none; text-shadow: 1px 1px 2px rgba(0, 0, 0, 0.4); text-align: left;\">\n<h2 style=\"text-align: center;\">Ancien Palekastro &#8211; Elia Ville minoenne<\/h2>\n<\/div>[vc_empty_space][vc_single_image image=\u00a0\u00bb524&Prime; img_size=\u00a0\u00bbfull\u00a0\u00bb style=\u00a0\u00bbvc_box_shadow_3d\u00a0\u00bb onclick=\u00a0\u00bblink_image\u00a0\u00bb qode_css_animation=\u00a0\u00bbelement_from_fade\u00a0\u00bb][\/vc_column][\/vc_row][vc_row css_animation=\u00a0\u00bb\u00a0\u00bb row_type=\u00a0\u00bbrow\u00a0\u00bb use_row_as_full_screen_section=\u00a0\u00bbno\u00a0\u00bb type=\u00a0\u00bbfull_width\u00a0\u00bb angled_section=\u00a0\u00bbno\u00a0\u00bb text_align=\u00a0\u00bbleft\u00a0\u00bb background_image_as_pattern=\u00a0\u00bbwithout_pattern\u00a0\u00bb background_color=\u00a0\u00bb#d8e1ff\u00a0\u00bb padding_top=\u00a0\u00bb50&Prime; padding_bottom=\u00a0\u00bb50&Prime; css=\u00a0\u00bb.vc_custom_1510752300720{padding-left: 10px !important;}\u00a0\u00bb][vc_column width=\u00a0\u00bb1\/2&Prime;]<div class=\"custom_font_holder\" style=\" font-size: 28px; line-height: 26px; font-style: normal; font-weight: 600; color: #1e73be; text-decoration: none; text-shadow: 1px 1px 2px rgba(0, 0, 0, 0.4); text-align: left;\">\n<h2 style=\"text-align: center;\">Plage et r\u00e9gion de Xerokambos<\/h2>\n<\/div>[vc_empty_space][vc_single_image image=\u00a0\u00bb525&Prime; img_size=\u00a0\u00bbfull\u00a0\u00bb style=\u00a0\u00bbvc_box_shadow_3d\u00a0\u00bb onclick=\u00a0\u00bblink_image\u00a0\u00bb qode_css_animation=\u00a0\u00bbelement_from_fade\u00a0\u00bb][\/vc_column][vc_column width=\u00a0\u00bb1\/2&Prime;][vc_empty_space][vc_column_text css=\u00a0\u00bb.vc_custom_1619414873025{padding-right: 10px !important;padding-left: 10px !important;}\u00a0\u00bb]La colonie de <strong>Xerokambos<\/strong> est l\u2019une des r\u00e9gions les plus recul\u00e9es de l\u2019\u00eele. On peut y acc\u00e9der par la route goudronn\u00e9e en provenance de Zakros. \u00c0 Xerokampos, le paysage est aride et vraiment inqui\u00e9tant, caract\u00e9ris\u00e9 par des rochers nus et des montagnes escarp\u00e9es.<\/p>\n<p>&nbsp;<\/p>\n<p>La v\u00e9g\u00e9tation se limite aux buissons et il y a des endroits avec quelques oliveraies. <strong>Xerokambos<\/strong> est id\u00e9al pour des vacances reposantes et n&rsquo;est pas recommand\u00e9 aux f\u00eatards. Les montagnes sauvages de Xerokambos contrastent directement avec la mer calme et les belles plages.<\/p>\n<p>&nbsp;<\/p>\n<p>Dans une zone relativement petite, vous trouverez en fait tous les types de plages, telles que des plages avec des rochers, des cailloux grossiers, des petits cailloux, du sable dor\u00e9, du sable blanc et des eaux turquoises, ainsi qu\u2019une plage d\u2019argile pour les amateurs de spa naturel![\/vc_column_text][\/vc_column][\/vc_row]<\/p>\n<\/div>","protected":false},"excerpt":{"rendered":"<p>[vc_row css_animation=\u00a0\u00bb\u00a0\u00bb row_type=\u00a0\u00bbrow\u00a0\u00bb use_row_as_full_screen_section=\u00a0\u00bbno\u00a0\u00bb type=\u00a0\u00bbfull_width\u00a0\u00bb angled_section=\u00a0\u00bbno\u00a0\u00bb text_align=\u00a0\u00bbleft\u00a0\u00bb background_image_as_pattern=\u00a0\u00bbwithout_pattern\u00a0\u00bb background_color=\u00a0\u00bb#d8e1ff\u00a0\u00bb padding_top=\u00a0\u00bb50&Prime; padding_bottom=\u00a0\u00bb50&Prime; css=\u00a0\u00bb.vc_custom_1510751633506{padding-left: 10px !important;}\u00a0\u00bb][vc_column width=\u00a0\u00bb1\/2&Prime;][vc_empty_space][vc_single_image image=\u00a0\u00bb506&Prime; img_size=\u00a0\u00bbfull\u00a0\u00bb style=\u00a0\u00bbvc_box_shadow_3d\u00a0\u00bb onclick=\u00a0\u00bblink_image\u00a0\u00bb qode_css_animation=\u00a0\u00bbelement_from_fade\u00a0\u00bb][\/vc_column][vc_column width=\u00a0\u00bb1\/2&Prime;][vc_column_text css=\u00a0\u00bb.vc_custom_1619414051689{padding-right: 10px !important;padding-left: 10px !important;}\u00a0\u00bb]Ici on rencontre les ruines du quatri\u00e8me palais minoen de Cr\u00e8te, le seul qui n\u2019ait pas \u00e9t\u00e9 trouve pille. Construit&#8230;<\/p>\n","protected":false},"author":1,"featured_media":0,"parent":0,"menu_order":0,"comment_status":"closed","ping_status":"open","template":"","meta":{"footnotes":""},"class_list":["post-1290","page","type-page","status-publish","hentry"],"_links":{"self":[{"href":"https:\/\/www.katozakros-beachfront.com\/fr\/wp-json\/wp\/v2\/pages\/1290","targetHints":{"allow":["GET"]}}],"collection":[{"href":"https:\/\/www.katozakros-beachfront.com\/fr\/wp-json\/wp\/v2\/pages"}],"about":[{"href":"https:\/\/www.katozakros-beachfront.com\/fr\/wp-json\/wp\/v2\/types\/page"}],"author":[{"embeddable":true,"href":"https:\/\/www.katozakros-beachfront.com\/fr\/wp-json\/wp\/v2\/users\/1"}],"replies":[{"embeddable":true,"href":"https:\/\/www.katozakros-beachfront.com\/fr\/wp-json\/wp\/v2\/comments?post=1290"}],"version-history":[{"count":3,"href":"https:\/\/www.katozakros-beachfront.com\/fr\/wp-json\/wp\/v2\/pages\/1290\/revisions"}],"predecessor-version":[{"id":1293,"href":"https:\/\/www.katozakros-beachfront.com\/fr\/wp-json\/wp\/v2\/pages\/1290\/revisions\/1293"}],"wp:attachment":[{"href":"https:\/\/www.katozakros-beachfront.com\/fr\/wp-json\/wp\/v2\/media?parent=1290"}],"curies":[{"name":"wp","href":"https:\/\/api.w.org\/{rel}","templated":true}]}}