{"id":1285,"date":"2021-04-25T22:20:30","date_gmt":"2021-04-25T19:20:30","guid":{"rendered":"https:\/\/www.katozakros-beachfront.com\/?page_id=1285"},"modified":"2021-04-25T22:34:27","modified_gmt":"2021-04-25T19:34:27","slug":"hebergement","status":"publish","type":"page","link":"https:\/\/www.katozakros-beachfront.com\/fr\/hebergement\/","title":{"rendered":"H\u00e9bergement"},"content":{"rendered":"<div class=\"wpb-content-wrapper\"><p>[vc_row css_animation=\u00a0\u00bb\u00a0\u00bb row_type=\u00a0\u00bbrow\u00a0\u00bb use_row_as_full_screen_section=\u00a0\u00bbno\u00a0\u00bb type=\u00a0\u00bbfull_width\u00a0\u00bb angled_section=\u00a0\u00bbno\u00a0\u00bb text_align=\u00a0\u00bbleft\u00a0\u00bb background_image_as_pattern=\u00a0\u00bbwithout_pattern\u00a0\u00bb background_color=\u00a0\u00bb#d8e1ff\u00a0\u00bb padding_top=\u00a0\u00bb50&Prime; padding_bottom=\u00a0\u00bb50&Prime; css=\u00a0\u00bb.vc_custom_1510751633506{padding-left: 10px !important;}\u00a0\u00bb][vc_column width=\u00a0\u00bb1\/2&Prime;]<div class=\"q_image_with_text_over q_iwto_hover\"><div class=\"shader\" ><\/div><div class=\"shader_hover\" style=\"background-color: rgba(146,197,232,0.31)\"><\/div><img decoding=\"async\" itemprop=\"image\" src=\"https:\/\/www.katozakros-beachfront.com\/wp-content\/uploads\/2021\/04\/coral-34.jpg\" alt=\"Coral Rooms\" \/><div class=\"text\"><table><tr><td><h2 class=\"caption no_icon\" style=\"color: #ffffff;font-size: 40px;\">Coral Rooms<\/h2><\/td><\/tr><\/table><table><tr><td><div class=\"desc\">Chambres \u00abCORAL\u00bb &#8211; Kato Zakros, East Crete<\/div><\/td><\/tr><\/table><\/div><\/div>[\/vc_column][vc_column width=\u00a0\u00bb1\/2&Prime;][vc_separator type=\u00a0\u00bbtransparent\u00a0\u00bb up=\u00a0\u00bb10&Prime; down=\u00a0\u00bb20&Prime;][vc_column_text css=\u00a0\u00bb.vc_custom_1619378586773{padding-right: 10px !important;padding-left: 10px !important;}\u00a0\u00bb]Dans ce paysage magique ou domine la beaute de la baie de Kato Zakros nous avons choisi pour vous procurer les chambres traditionnelles, <strong>\u00abCORAL\u00bb<\/strong>, pretes a vous accueillir pour passer vos vacances, pendant toute l\u2019annee.<\/p>\n<p>&nbsp;<\/p>\n<p>Les <strong>chambres \u00abCORAL\u00bb<\/strong> se trouvent a cote de la plage de <strong>Kato Zakros<\/strong> avec vue le bleu infini de la mer. Les chambres aux hauts standards pour votre agreable sejour. Alors nous vous attendons dans ces trois chambres dont nous disposons et qui sont equipees de frigo, climatisation, television, salle de bain et douche.[\/vc_column_text][vc_separator type=\u00a0\u00bbtransparent\u00a0\u00bb up=\u00a0\u00bb20&Prime; down=\u00a0\u00bb20&Prime;]<a  itemprop=\"url\" href=\"\/fr\/coral-rooms\/\" target=\"_self\"  class=\"qbutton  large center default  qode-button-shadow\" style=\"font-weight: 400; border-radius: 3px;-moz-border-radius: 3px;-webkit-border-radius: 3px; \">Afficher Plus<i class=\"qode_icon_font_awesome fa fa-angle-double-right qode_button_icon_element\" style=\"\" ><\/i><\/a>[\/vc_column][\/vc_row][vc_row css_animation=\u00a0\u00bb\u00a0\u00bb row_type=\u00a0\u00bbrow\u00a0\u00bb use_row_as_full_screen_section=\u00a0\u00bbno\u00a0\u00bb type=\u00a0\u00bbfull_width\u00a0\u00bb angled_section=\u00a0\u00bbno\u00a0\u00bb text_align=\u00a0\u00bbleft\u00a0\u00bb background_image_as_pattern=\u00a0\u00bbwithout_pattern\u00a0\u00bb padding_top=\u00a0\u00bb50&Prime; padding_bottom=\u00a0\u00bb50&Prime; css=\u00a0\u00bb.vc_custom_1510752176674{padding-left: 10px !important;}\u00a0\u00bb][vc_column width=\u00a0\u00bb1\/2&Prime;][vc_separator type=\u00a0\u00bbtransparent\u00a0\u00bb up=\u00a0\u00bb10&Prime; down=\u00a0\u00bb20&Prime;][vc_column_text css=\u00a0\u00bb.vc_custom_1619378844281{padding-right: 10px !important;padding-left: 10px !important;}\u00a0\u00bb]The <strong>Beach Front<\/strong> est un appartement situ\u00e9 \u00e0 quelques m\u00e8tres de la mer \u00e0 <strong>Kato Zakros<\/strong> et pouvant accueillir jusqu&rsquo;\u00e0 2 personnes.<\/p>\n<p>&nbsp;<\/p>\n<p>&nbsp;<\/p>\n<p>Cet appartement comprend une chambre avec lit double, une climatisation, une connexion Wi-Fi gratuite, une kitchenette (enti\u00e8rement \u00e9quip\u00e9e avec un r\u00e9frig\u00e9rateur) et une salle de bains avec douche.[\/vc_column_text][vc_separator type=\u00a0\u00bbtransparent\u00a0\u00bb up=\u00a0\u00bb20&Prime; down=\u00a0\u00bb20&Prime;]<a  itemprop=\"url\" href=\"\/fr\/beachfront-apartment\/\" target=\"_self\"  class=\"qbutton  large center default  qode-button-shadow\" style=\"font-weight: 400; margin: 0px 0px 20px 0px; border-radius: 3px;-moz-border-radius: 3px;-webkit-border-radius: 3px; \">Afficher Plus<i class=\"qode_icon_font_awesome fa fa-angle-double-right qode_button_icon_element\" style=\"\" ><\/i><\/a>[\/vc_column][vc_column width=\u00a0\u00bb1\/2&Prime;]<div class=\"q_image_with_text_over q_iwto_hover\"><div class=\"shader\" ><\/div><div class=\"shader_hover\" style=\"background-color: rgba(146,197,232,0.31)\"><\/div><img decoding=\"async\" itemprop=\"image\" src=\"https:\/\/www.katozakros-beachfront.com\/wp-content\/uploads\/2021\/04\/coral-03.jpg\" alt=\"Beachfront apartment\" \/><div class=\"text\"><table><tr><td><h2 class=\"caption no_icon\" style=\"color: #ffffff;font-size: 40px;\">Beachfront apartment<\/h2><\/td><\/tr><\/table><table><tr><td><div class=\"desc\">Appartement en bord de mer &#8211; Kato Zakros, East Crete<\/div><\/td><\/tr><\/table><\/div><\/div>[\/vc_column][\/vc_row][vc_row css_animation=\u00a0\u00bb\u00a0\u00bb row_type=\u00a0\u00bbrow\u00a0\u00bb use_row_as_full_screen_section=\u00a0\u00bbno\u00a0\u00bb type=\u00a0\u00bbfull_width\u00a0\u00bb angled_section=\u00a0\u00bbno\u00a0\u00bb text_align=\u00a0\u00bbleft\u00a0\u00bb background_image_as_pattern=\u00a0\u00bbwithout_pattern\u00a0\u00bb background_color=\u00a0\u00bb#d8e1ff\u00a0\u00bb padding_top=\u00a0\u00bb50&Prime; padding_bottom=\u00a0\u00bb50&Prime; css=\u00a0\u00bb.vc_custom_1510752300720{padding-left: 10px !important;}\u00a0\u00bb][vc_column width=\u00a0\u00bb1\/2&Prime;]<div class=\"q_image_with_text_over q_iwto_hover\"><div class=\"shader\" ><\/div><div class=\"shader_hover\" style=\"background-color: rgba(146,197,232,0.31)\"><\/div><img decoding=\"async\" itemprop=\"image\" src=\"https:\/\/www.katozakros-beachfront.com\/wp-content\/uploads\/2021\/04\/alkioni-12.jpg\" alt=\"Alkioni Apartments\" \/><div class=\"text\"><table><tr><td><h2 class=\"caption no_icon\" style=\"color: #ffffff;font-size: 40px;\">Alkioni Apartments<\/h2><\/td><\/tr><\/table><table><tr><td><div class=\"desc\">Appartements Alkioni &#8211; Kato Zakros, East Crete<\/div><\/td><\/tr><\/table><\/div><\/div>[\/vc_column][vc_column width=\u00a0\u00bb1\/2&Prime;][vc_separator type=\u00a0\u00bbtransparent\u00a0\u00bb up=\u00a0\u00bb10&Prime; down=\u00a0\u00bb20&Prime;][vc_column_text css=\u00a0\u00bb.vc_custom_1619378883706{padding-right: 10px !important;padding-left: 10px !important;}\u00a0\u00bb]<strong>Les appartements ALKIONI<\/strong> sont situ\u00e9s \u00e0 Kato Zakros et offrent une vue sur la mer. Ils peuvent accueillir jusqu&rsquo;\u00e0 4 personnes dans leurs 2 appartements.<\/p>\n<p>&nbsp;<\/p>\n<p>Ils disposent d&rsquo;une chambre avec un lit double, de la climatisation, d&rsquo;une cuisine bien \u00e9quip\u00e9e (table \u00e0 manger, r\u00e9frig\u00e9rateur, cafeti\u00e8re), d&rsquo;une connexion Wi-Fi gratuite et d&rsquo;une salle de bain avec douche.[\/vc_column_text][vc_separator type=\u00a0\u00bbtransparent\u00a0\u00bb up=\u00a0\u00bb20&Prime; down=\u00a0\u00bb20&Prime;]<a  itemprop=\"url\" href=\"\/fr\/alkioni-apartments\/\" target=\"_self\"  class=\"qbutton  large center default  qode-button-shadow\" style=\"font-weight: 400; border-radius: 3px;-moz-border-radius: 3px;-webkit-border-radius: 3px; \">Afficher Plus<i class=\"qode_icon_font_awesome fa fa-angle-double-right qode_button_icon_element\" style=\"\" ><\/i><\/a>[\/vc_column][\/vc_row][vc_row css_animation=\u00a0\u00bb\u00a0\u00bb row_type=\u00a0\u00bbrow\u00a0\u00bb use_row_as_full_screen_section=\u00a0\u00bbno\u00a0\u00bb type=\u00a0\u00bbfull_width\u00a0\u00bb angled_section=\u00a0\u00bbno\u00a0\u00bb text_align=\u00a0\u00bbleft\u00a0\u00bb background_image_as_pattern=\u00a0\u00bbwithout_pattern\u00a0\u00bb padding_top=\u00a0\u00bb50&Prime; padding_bottom=\u00a0\u00bb50&Prime; css=\u00a0\u00bb.vc_custom_1510752176674{padding-left: 10px !important;}\u00a0\u00bb][vc_column width=\u00a0\u00bb1\/2&Prime;][vc_separator type=\u00a0\u00bbtransparent\u00a0\u00bb up=\u00a0\u00bb10&Prime; down=\u00a0\u00bb20&Prime;][vc_column_text css=\u00a0\u00bb.vc_custom_1619378917376{padding-right: 10px !important;padding-left: 10px !important;}\u00a0\u00bb]Bienvenue sur notre site! Merci de votre visite! Beaucoup de nos clients s&rsquo;y rendent chaque ann\u00e9e et sont devenus des amis de coeur. Pour ceux qui souhatent des vacances loin de la ville et de grands sites touristiques, c&rsquo;est ici le meilleur endroit pour un s\u00e9jour nature des un village cr\u00e9tois bien accueillant.<\/p>\n<p>&nbsp;<\/p>\n<p>Il s&rsquo;agit de deux magnifiques appartements ind\u00e9pendants situ\u00e9s \u00e0 700 m du centre historique du beau village de Zakros. L&rsquo;un d&rsquo;une capacit\u00e9 de 4 et l&rsquo;autre d&rsquo;une capacit\u00e9 de 5 personnes, elles sont tous les deux meubl\u00e9s, chauff\u00e9s et \u00e9quip\u00e9s d&rsquo;une kitchenette, d&rsquo;une machine \u00e0 laver et d&rsquo;un frigo chacun.[\/vc_column_text][vc_separator type=\u00a0\u00bbtransparent\u00a0\u00bb up=\u00a0\u00bb20&Prime; down=\u00a0\u00bb20&Prime;]<a  itemprop=\"url\" href=\"\/fr\/dimitra-apartments\/\" target=\"_self\"  class=\"qbutton  large center default  qode-button-shadow\" style=\"font-weight: 400; margin: 0px 0px 20px 0px; border-radius: 3px;-moz-border-radius: 3px;-webkit-border-radius: 3px; \">Afficher Plus<i class=\"qode_icon_font_awesome fa fa-angle-double-right qode_button_icon_element\" style=\"\" ><\/i><\/a>[\/vc_column][vc_column width=\u00a0\u00bb1\/2&Prime;]<div class=\"q_image_with_text_over q_iwto_hover\"><div class=\"shader\" ><\/div><div class=\"shader_hover\" style=\"background-color: rgba(146,197,232,0.31)\"><\/div><img decoding=\"async\" itemprop=\"image\" src=\"https:\/\/www.katozakros-beachfront.com\/wp-content\/uploads\/2021\/04\/dimitra-05.jpg\" alt=\"Dimitra apartments\" \/><div class=\"text\"><table><tr><td><h2 class=\"caption no_icon\" style=\"color: #ffffff;font-size: 40px;\">Dimitra apartments<\/h2><\/td><\/tr><\/table><table><tr><td><div class=\"desc\">Appartements Dimitra\u00a0 \u00a0&#8211;\u00a0 Zakros Village, East Crete<\/div><\/td><\/tr><\/table><\/div><\/div>[\/vc_column][\/vc_row][vc_row css_animation=\u00a0\u00bb\u00a0\u00bb row_type=\u00a0\u00bbrow\u00a0\u00bb use_row_as_full_screen_section=\u00a0\u00bbno\u00a0\u00bb type=\u00a0\u00bbfull_width\u00a0\u00bb angled_section=\u00a0\u00bbno\u00a0\u00bb text_align=\u00a0\u00bbleft\u00a0\u00bb background_image_as_pattern=\u00a0\u00bbwithout_pattern\u00a0\u00bb background_color=\u00a0\u00bb#d8e1ff\u00a0\u00bb padding_top=\u00a0\u00bb50&Prime; padding_bottom=\u00a0\u00bb50&Prime; css=\u00a0\u00bb.vc_custom_1510752300720{padding-left: 10px !important;}\u00a0\u00bb][vc_column width=\u00a0\u00bb1\/2&Prime;]<div class=\"q_image_with_text_over q_iwto_hover\"><div class=\"shader\" ><\/div><div class=\"shader_hover\" style=\"background-color: rgba(146,197,232,0.31)\"><\/div><img decoding=\"async\" itemprop=\"image\" src=\"https:\/\/www.katozakros-beachfront.com\/wp-content\/uploads\/2021\/04\/tania-03.jpg\" alt=\"Tania Maisonette\" \/><div class=\"text\"><table><tr><td><h2 class=\"caption no_icon\" style=\"color: #ffffff;font-size: 40px;\">Tania Maisonette<\/h2><\/td><\/tr><\/table><table><tr><td><div class=\"desc\">Maisonnette Tania &#8211; Kato Zakros, East Crete<\/div><\/td><\/tr><\/table><\/div><\/div>[\/vc_column][vc_column width=\u00a0\u00bb1\/2&Prime;][vc_separator type=\u00a0\u00bbtransparent\u00a0\u00bb up=\u00a0\u00bb10&Prime; down=\u00a0\u00bb20&Prime;][vc_column_text css=\u00a0\u00bb.vc_custom_1619378945695{padding-right: 10px !important;padding-left: 10px !important;}\u00a0\u00bb]<strong>La Maisonnette Tania<\/strong> est situ\u00e9e pr\u00e8s du centre du village traditionnel de Zakros et peut accueillir jusqu&rsquo;\u00e0 2 personnes.<\/p>\n<p>&nbsp;<\/p>\n<p>Cet appartement comprend une chambre avec lit double, une climatisation, une connexion Wi-Fi gratuite, une cuisine enti\u00e8rement \u00e9quip\u00e9e (r\u00e9frig\u00e9rateur, four micro-ondes, cafeti\u00e8re, bouilloire), une salle de bains avec douche et une terrasse avec vue sur la montagne.[\/vc_column_text][vc_separator type=\u00a0\u00bbtransparent\u00a0\u00bb up=\u00a0\u00bb20&Prime; down=\u00a0\u00bb20&Prime;]<a  itemprop=\"url\" href=\"\/fr\/tania-maisonette\/\" target=\"_self\"  class=\"qbutton  large center default  qode-button-shadow\" style=\"font-weight: 400; border-radius: 3px;-moz-border-radius: 3px;-webkit-border-radius: 3px; \">Afficher Plus<i class=\"qode_icon_font_awesome fa fa-angle-double-right qode_button_icon_element\" style=\"\" ><\/i><\/a>[\/vc_column][\/vc_row]<\/p>\n<\/div>","protected":false},"excerpt":{"rendered":"<p>[vc_row css_animation=\u00a0\u00bb\u00a0\u00bb row_type=\u00a0\u00bbrow\u00a0\u00bb use_row_as_full_screen_section=\u00a0\u00bbno\u00a0\u00bb type=\u00a0\u00bbfull_width\u00a0\u00bb angled_section=\u00a0\u00bbno\u00a0\u00bb text_align=\u00a0\u00bbleft\u00a0\u00bb background_image_as_pattern=\u00a0\u00bbwithout_pattern\u00a0\u00bb background_color=\u00a0\u00bb#d8e1ff\u00a0\u00bb padding_top=\u00a0\u00bb50&Prime; padding_bottom=\u00a0\u00bb50&Prime; css=\u00a0\u00bb.vc_custom_1510751633506{padding-left: 10px !important;}\u00a0\u00bb][vc_column width=\u00a0\u00bb1\/2&Prime;][\/vc_column][vc_column width=\u00a0\u00bb1\/2&Prime;][vc_separator type=\u00a0\u00bbtransparent\u00a0\u00bb up=\u00a0\u00bb10&Prime; down=\u00a0\u00bb20&Prime;][vc_column_text css=\u00a0\u00bb.vc_custom_1619378586773{padding-right: 10px !important;padding-left: 10px !important;}\u00a0\u00bb]Dans ce paysage magique ou domine la beaute de la baie de Kato Zakros nous avons choisi pour vous procurer les chambres&#8230;<\/p>\n","protected":false},"author":1,"featured_media":0,"parent":0,"menu_order":0,"comment_status":"closed","ping_status":"open","template":"","meta":{"footnotes":""},"class_list":["post-1285","page","type-page","status-publish","hentry"],"_links":{"self":[{"href":"https:\/\/www.katozakros-beachfront.com\/fr\/wp-json\/wp\/v2\/pages\/1285","targetHints":{"allow":["GET"]}}],"collection":[{"href":"https:\/\/www.katozakros-beachfront.com\/fr\/wp-json\/wp\/v2\/pages"}],"about":[{"href":"https:\/\/www.katozakros-beachfront.com\/fr\/wp-json\/wp\/v2\/types\/page"}],"author":[{"embeddable":true,"href":"https:\/\/www.katozakros-beachfront.com\/fr\/wp-json\/wp\/v2\/users\/1"}],"replies":[{"embeddable":true,"href":"https:\/\/www.katozakros-beachfront.com\/fr\/wp-json\/wp\/v2\/comments?post=1285"}],"version-history":[{"count":4,"href":"https:\/\/www.katozakros-beachfront.com\/fr\/wp-json\/wp\/v2\/pages\/1285\/revisions"}],"predecessor-version":[{"id":1289,"href":"https:\/\/www.katozakros-beachfront.com\/fr\/wp-json\/wp\/v2\/pages\/1285\/revisions\/1289"}],"wp:attachment":[{"href":"https:\/\/www.katozakros-beachfront.com\/fr\/wp-json\/wp\/v2\/media?parent=1285"}],"curies":[{"name":"wp","href":"https:\/\/api.w.org\/{rel}","templated":true}]}}