{"id":1277,"date":"2021-04-25T21:57:58","date_gmt":"2021-04-25T18:57:58","guid":{"rendered":"https:\/\/www.katozakros-beachfront.com\/?page_id=1277"},"modified":"2021-04-25T22:06:33","modified_gmt":"2021-04-25T19:06:33","slug":"tania-maisonette","status":"publish","type":"page","link":"https:\/\/www.katozakros-beachfront.com\/fr\/tania-maisonette\/","title":{"rendered":"Tania Maisonette"},"content":{"rendered":"<div class=\"wpb-content-wrapper\"><p>[vc_row css_animation=\u00a0\u00bb\u00a0\u00bb row_type=\u00a0\u00bbrow\u00a0\u00bb use_row_as_full_screen_section=\u00a0\u00bbno\u00a0\u00bb type=\u00a0\u00bbfull_width\u00a0\u00bb angled_section=\u00a0\u00bbno\u00a0\u00bb text_align=\u00a0\u00bbleft\u00a0\u00bb background_image_as_pattern=\u00a0\u00bbwithout_pattern\u00a0\u00bb css=\u00a0\u00bb.vc_custom_1618603501025{margin-top: 40px !important;margin-right: 40px !important;margin-left: 50px !important;}\u00a0\u00bb z_index=\u00a0\u00bb\u00a0\u00bb][vc_column width=\u00a0\u00bb2\/3&Prime;]<div class=\"custom_font_holder\" style=\" font-size: 32px; line-height: 26px; font-style: normal; font-weight: 300; color: #1e73be; text-decoration: none; text-shadow: 1px 1px 2px rgba(0, 0, 0, 0.4); text-align: left;\">La description<\/div>[vc_empty_space][qode_elements_holder number_of_columns=\u00a0\u00bbone_column\u00a0\u00bb][qode_elements_holder_item advanced_animations=\u00a0\u00bbno\u00a0\u00bb][vc_column_text css=\u00a0\u00bb.vc_custom_1619377436352{margin-bottom: 30px !important;}\u00a0\u00bb]<strong>La Maisonnette Tania<\/strong> est situ\u00e9e pr\u00e8s du centre du village traditionnel de Zakros et peut accueillir jusqu&rsquo;\u00e0 2 personnes.<\/p>\n<p>&nbsp;<\/p>\n<p>Cet appartement comprend une chambre avec lit double, une climatisation, une connexion Wi-Fi gratuite, une cuisine enti\u00e8rement \u00e9quip\u00e9e (r\u00e9frig\u00e9rateur, four micro-ondes, cafeti\u00e8re, bouilloire), une salle de bains avec douche et une terrasse avec vue sur la montagne.<\/p>\n<p>&nbsp;<\/p>\n<p>La chambre a aussi une t\u00e9l\u00e9vision. La maison est situ\u00e9e dans le centre du village de Zakros, dans la rue pi\u00e9tonne menant aux moulins \u00e0 eau traditionnels et \u00e0 la source d\u2019eau.<\/p>\n<p>&nbsp;<\/p>\n<p>Il se trouve \u00e0 un pas des moulins \u00e0 eau traditionnels et \u00e0 une minute de la place principale du village. Un parking gratuit est situ\u00e9 \u00e0 quelques m\u00e8tres. Le village de Zakros est une zone de beaut\u00e9 naturelle.<\/p>\n<p>\u00c0 une courte distance, vous trouverez une sup\u00e9rette ainsi que des magasins.<\/p>\n<p>&nbsp;<\/p>\n<p>Il est \u00e0 seulement 6 minutes de la plage de Kato Zakros et offre aux visiteurs une sensation de calme et de tranquillit\u00e9.<\/p>\n<p>&nbsp;<\/p>\n<p>Nous parlons anglais, allemand et grec et pouvons vous donner des informations utiles sur la r\u00e9gion et vous aider en cas de probl\u00e8me.<\/p>\n<p>We speak German, Greek and English and we can give you useful information about the area and help you in any problem you may have.[\/vc_column_text][vc_empty_space]<div class=\"qode-advanced-image-gallery  qode-aig-masonry-type qode-no-space  qode-image-behavior-lightbox qode-aig-images-fixed\">\n\t<div class=\"qode-aig-inner qode-outer-space qode-aig-masonry qode-aig-six-columns\">\n\t\t<div class=\"qode-aig-grid-sizer\"><\/div>\n\t\t<div class=\"qode-aig-grid-gutter\"><\/div>\n\t\t\t\t\t\t\t\t<div class=\"qode-aig-image qode-item-space qode-aig-default-masonry-item\">\n\t\t\t\t<div class=\"qode-aig-image-inner\">\n\t\t\t\t\t\t\t\t\t\t\t<a itemprop=\"image\" class=\"qode-aig-lightbox\" href=\"https:\/\/www.katozakros-beachfront.com\/wp-content\/uploads\/2021\/04\/tania-05.jpg\" data-rel=\"prettyPhoto[image_gallery_pretty_photo-584]\" title=\"tania-05\">\n\t\t\t\t\t\t\t\t\t\t\t<img loading=\"lazy\" decoding=\"async\" width=\"150\" height=\"150\" src=\"https:\/\/www.katozakros-beachfront.com\/wp-content\/uploads\/2021\/04\/tania-05-150x150.jpg\" class=\"attachment-thumbnail size-thumbnail\" alt=\"\" srcset=\"https:\/\/www.katozakros-beachfront.com\/wp-content\/uploads\/2021\/04\/tania-05-150x150.jpg 150w, https:\/\/www.katozakros-beachfront.com\/wp-content\/uploads\/2021\/04\/tania-05-570x570.jpg 570w, https:\/\/www.katozakros-beachfront.com\/wp-content\/uploads\/2021\/04\/tania-05-500x500.jpg 500w\" sizes=\"auto, (max-width: 150px) 100vw, 150px\" \/>\t\t\t\t\t\t<span class=\"aig-gallery-hover\">\n\t\t\t\t\t\t\t\t\t\t\t\t\t\t\t<span class=\"icon-arrows-plus\"><\/span> \n\t\t\t\t\t\t\t\t\t\t\t\t\t<\/span>\n\t\t\t\t\t\t\t\t\t\t\t<\/a>\n\t\t\t\t\t\t\t\t\t<\/div>\n\t\t\t<\/div>\n\t\t\t\t\t\t\t\t<div class=\"qode-aig-image qode-item-space qode-aig-default-masonry-item\">\n\t\t\t\t<div class=\"qode-aig-image-inner\">\n\t\t\t\t\t\t\t\t\t\t\t<a itemprop=\"image\" class=\"qode-aig-lightbox\" href=\"https:\/\/www.katozakros-beachfront.com\/wp-content\/uploads\/2021\/04\/tania-06.jpg\" data-rel=\"prettyPhoto[image_gallery_pretty_photo-584]\" title=\"tania-06\">\n\t\t\t\t\t\t\t\t\t\t\t<img loading=\"lazy\" decoding=\"async\" width=\"150\" height=\"150\" src=\"https:\/\/www.katozakros-beachfront.com\/wp-content\/uploads\/2021\/04\/tania-06-150x150.jpg\" class=\"attachment-thumbnail size-thumbnail\" alt=\"\" srcset=\"https:\/\/www.katozakros-beachfront.com\/wp-content\/uploads\/2021\/04\/tania-06-150x150.jpg 150w, https:\/\/www.katozakros-beachfront.com\/wp-content\/uploads\/2021\/04\/tania-06-500x500.jpg 500w\" sizes=\"auto, (max-width: 150px) 100vw, 150px\" \/>\t\t\t\t\t\t<span class=\"aig-gallery-hover\">\n\t\t\t\t\t\t\t\t\t\t\t\t\t\t\t<span class=\"icon-arrows-plus\"><\/span> \n\t\t\t\t\t\t\t\t\t\t\t\t\t<\/span>\n\t\t\t\t\t\t\t\t\t\t\t<\/a>\n\t\t\t\t\t\t\t\t\t<\/div>\n\t\t\t<\/div>\n\t\t\t\t\t\t\t\t<div class=\"qode-aig-image qode-item-space qode-aig-default-masonry-item\">\n\t\t\t\t<div class=\"qode-aig-image-inner\">\n\t\t\t\t\t\t\t\t\t\t\t<a itemprop=\"image\" class=\"qode-aig-lightbox\" href=\"https:\/\/www.katozakros-beachfront.com\/wp-content\/uploads\/2021\/04\/tania-07.jpg\" data-rel=\"prettyPhoto[image_gallery_pretty_photo-584]\" title=\"tania-07\">\n\t\t\t\t\t\t\t\t\t\t\t<img loading=\"lazy\" decoding=\"async\" width=\"150\" height=\"150\" src=\"https:\/\/www.katozakros-beachfront.com\/wp-content\/uploads\/2021\/04\/tania-07-150x150.jpg\" class=\"attachment-thumbnail size-thumbnail\" alt=\"\" srcset=\"https:\/\/www.katozakros-beachfront.com\/wp-content\/uploads\/2021\/04\/tania-07-150x150.jpg 150w, https:\/\/www.katozakros-beachfront.com\/wp-content\/uploads\/2021\/04\/tania-07-570x570.jpg 570w, https:\/\/www.katozakros-beachfront.com\/wp-content\/uploads\/2021\/04\/tania-07-500x500.jpg 500w\" sizes=\"auto, (max-width: 150px) 100vw, 150px\" \/>\t\t\t\t\t\t<span class=\"aig-gallery-hover\">\n\t\t\t\t\t\t\t\t\t\t\t\t\t\t\t<span class=\"icon-arrows-plus\"><\/span> \n\t\t\t\t\t\t\t\t\t\t\t\t\t<\/span>\n\t\t\t\t\t\t\t\t\t\t\t<\/a>\n\t\t\t\t\t\t\t\t\t<\/div>\n\t\t\t<\/div>\n\t\t\t\t\t\t\t\t<div class=\"qode-aig-image qode-item-space qode-aig-default-masonry-item\">\n\t\t\t\t<div class=\"qode-aig-image-inner\">\n\t\t\t\t\t\t\t\t\t\t\t<a itemprop=\"image\" class=\"qode-aig-lightbox\" href=\"https:\/\/www.katozakros-beachfront.com\/wp-content\/uploads\/2021\/04\/tania-08.jpg\" data-rel=\"prettyPhoto[image_gallery_pretty_photo-584]\" title=\"tania-08\">\n\t\t\t\t\t\t\t\t\t\t\t<img loading=\"lazy\" decoding=\"async\" width=\"150\" height=\"150\" src=\"https:\/\/www.katozakros-beachfront.com\/wp-content\/uploads\/2021\/04\/tania-08-150x150.jpg\" class=\"attachment-thumbnail size-thumbnail\" alt=\"\" srcset=\"https:\/\/www.katozakros-beachfront.com\/wp-content\/uploads\/2021\/04\/tania-08-150x150.jpg 150w, https:\/\/www.katozakros-beachfront.com\/wp-content\/uploads\/2021\/04\/tania-08-500x500.jpg 500w\" sizes=\"auto, (max-width: 150px) 100vw, 150px\" \/>\t\t\t\t\t\t<span class=\"aig-gallery-hover\">\n\t\t\t\t\t\t\t\t\t\t\t\t\t\t\t<span class=\"icon-arrows-plus\"><\/span> \n\t\t\t\t\t\t\t\t\t\t\t\t\t<\/span>\n\t\t\t\t\t\t\t\t\t\t\t<\/a>\n\t\t\t\t\t\t\t\t\t<\/div>\n\t\t\t<\/div>\n\t\t\t\t\t\t\t\t<div class=\"qode-aig-image qode-item-space qode-aig-default-masonry-item\">\n\t\t\t\t<div class=\"qode-aig-image-inner\">\n\t\t\t\t\t\t\t\t\t\t\t<a itemprop=\"image\" class=\"qode-aig-lightbox\" href=\"https:\/\/www.katozakros-beachfront.com\/wp-content\/uploads\/2021\/04\/tania-09.jpg\" data-rel=\"prettyPhoto[image_gallery_pretty_photo-584]\" title=\"tania-09\">\n\t\t\t\t\t\t\t\t\t\t\t<img loading=\"lazy\" decoding=\"async\" width=\"150\" height=\"150\" src=\"https:\/\/www.katozakros-beachfront.com\/wp-content\/uploads\/2021\/04\/tania-09-150x150.jpg\" class=\"attachment-thumbnail size-thumbnail\" alt=\"\" srcset=\"https:\/\/www.katozakros-beachfront.com\/wp-content\/uploads\/2021\/04\/tania-09-150x150.jpg 150w, https:\/\/www.katozakros-beachfront.com\/wp-content\/uploads\/2021\/04\/tania-09-500x500.jpg 500w\" sizes=\"auto, (max-width: 150px) 100vw, 150px\" \/>\t\t\t\t\t\t<span class=\"aig-gallery-hover\">\n\t\t\t\t\t\t\t\t\t\t\t\t\t\t\t<span class=\"icon-arrows-plus\"><\/span> \n\t\t\t\t\t\t\t\t\t\t\t\t\t<\/span>\n\t\t\t\t\t\t\t\t\t\t\t<\/a>\n\t\t\t\t\t\t\t\t\t<\/div>\n\t\t\t<\/div>\n\t\t\t\t\t\t\t\t<div class=\"qode-aig-image qode-item-space qode-aig-default-masonry-item\">\n\t\t\t\t<div class=\"qode-aig-image-inner\">\n\t\t\t\t\t\t\t\t\t\t\t<a itemprop=\"image\" class=\"qode-aig-lightbox\" href=\"https:\/\/www.katozakros-beachfront.com\/wp-content\/uploads\/2021\/04\/tania-10.jpg\" data-rel=\"prettyPhoto[image_gallery_pretty_photo-584]\" title=\"tania-10\">\n\t\t\t\t\t\t\t\t\t\t\t<img loading=\"lazy\" decoding=\"async\" width=\"150\" height=\"150\" src=\"https:\/\/www.katozakros-beachfront.com\/wp-content\/uploads\/2021\/04\/tania-10-150x150.jpg\" class=\"attachment-thumbnail size-thumbnail\" alt=\"\" srcset=\"https:\/\/www.katozakros-beachfront.com\/wp-content\/uploads\/2021\/04\/tania-10-150x150.jpg 150w, https:\/\/www.katozakros-beachfront.com\/wp-content\/uploads\/2021\/04\/tania-10-570x570.jpg 570w, https:\/\/www.katozakros-beachfront.com\/wp-content\/uploads\/2021\/04\/tania-10-500x500.jpg 500w\" sizes=\"auto, (max-width: 150px) 100vw, 150px\" \/>\t\t\t\t\t\t<span class=\"aig-gallery-hover\">\n\t\t\t\t\t\t\t\t\t\t\t\t\t\t\t<span class=\"icon-arrows-plus\"><\/span> \n\t\t\t\t\t\t\t\t\t\t\t\t\t<\/span>\n\t\t\t\t\t\t\t\t\t\t\t<\/a>\n\t\t\t\t\t\t\t\t\t<\/div>\n\t\t\t<\/div>\n\t\t\t\t\t\t\t\t<div class=\"qode-aig-image qode-item-space qode-aig-default-masonry-item\">\n\t\t\t\t<div class=\"qode-aig-image-inner\">\n\t\t\t\t\t\t\t\t\t\t\t<a itemprop=\"image\" class=\"qode-aig-lightbox\" href=\"https:\/\/www.katozakros-beachfront.com\/wp-content\/uploads\/2021\/04\/tania-11.jpg\" data-rel=\"prettyPhoto[image_gallery_pretty_photo-584]\" title=\"tania-11\">\n\t\t\t\t\t\t\t\t\t\t\t<img loading=\"lazy\" decoding=\"async\" width=\"150\" height=\"150\" src=\"https:\/\/www.katozakros-beachfront.com\/wp-content\/uploads\/2021\/04\/tania-11-150x150.jpg\" class=\"attachment-thumbnail size-thumbnail\" alt=\"\" srcset=\"https:\/\/www.katozakros-beachfront.com\/wp-content\/uploads\/2021\/04\/tania-11-150x150.jpg 150w, https:\/\/www.katozakros-beachfront.com\/wp-content\/uploads\/2021\/04\/tania-11-570x570.jpg 570w, https:\/\/www.katozakros-beachfront.com\/wp-content\/uploads\/2021\/04\/tania-11-500x500.jpg 500w\" sizes=\"auto, (max-width: 150px) 100vw, 150px\" \/>\t\t\t\t\t\t<span class=\"aig-gallery-hover\">\n\t\t\t\t\t\t\t\t\t\t\t\t\t\t\t<span class=\"icon-arrows-plus\"><\/span> \n\t\t\t\t\t\t\t\t\t\t\t\t\t<\/span>\n\t\t\t\t\t\t\t\t\t\t\t<\/a>\n\t\t\t\t\t\t\t\t\t<\/div>\n\t\t\t<\/div>\n\t\t\t\t\t\t\t\t<div class=\"qode-aig-image qode-item-space qode-aig-default-masonry-item\">\n\t\t\t\t<div class=\"qode-aig-image-inner\">\n\t\t\t\t\t\t\t\t\t\t\t<a itemprop=\"image\" class=\"qode-aig-lightbox\" href=\"https:\/\/www.katozakros-beachfront.com\/wp-content\/uploads\/2021\/04\/tania-12.jpg\" data-rel=\"prettyPhoto[image_gallery_pretty_photo-584]\" title=\"tania-12\">\n\t\t\t\t\t\t\t\t\t\t\t<img loading=\"lazy\" decoding=\"async\" width=\"150\" height=\"150\" src=\"https:\/\/www.katozakros-beachfront.com\/wp-content\/uploads\/2021\/04\/tania-12-150x150.jpg\" class=\"attachment-thumbnail size-thumbnail\" alt=\"\" srcset=\"https:\/\/www.katozakros-beachfront.com\/wp-content\/uploads\/2021\/04\/tania-12-150x150.jpg 150w, https:\/\/www.katozakros-beachfront.com\/wp-content\/uploads\/2021\/04\/tania-12-570x570.jpg 570w, https:\/\/www.katozakros-beachfront.com\/wp-content\/uploads\/2021\/04\/tania-12-500x500.jpg 500w\" sizes=\"auto, (max-width: 150px) 100vw, 150px\" \/>\t\t\t\t\t\t<span class=\"aig-gallery-hover\">\n\t\t\t\t\t\t\t\t\t\t\t\t\t\t\t<span class=\"icon-arrows-plus\"><\/span> \n\t\t\t\t\t\t\t\t\t\t\t\t\t<\/span>\n\t\t\t\t\t\t\t\t\t\t\t<\/a>\n\t\t\t\t\t\t\t\t\t<\/div>\n\t\t\t<\/div>\n\t\t\t\t\t\t\t\t<div class=\"qode-aig-image qode-item-space qode-aig-default-masonry-item\">\n\t\t\t\t<div class=\"qode-aig-image-inner\">\n\t\t\t\t\t\t\t\t\t\t\t<a itemprop=\"image\" class=\"qode-aig-lightbox\" href=\"https:\/\/www.katozakros-beachfront.com\/wp-content\/uploads\/2021\/04\/tania-01.jpg\" data-rel=\"prettyPhoto[image_gallery_pretty_photo-584]\" title=\"tania-01\">\n\t\t\t\t\t\t\t\t\t\t\t<img loading=\"lazy\" decoding=\"async\" width=\"150\" height=\"150\" src=\"https:\/\/www.katozakros-beachfront.com\/wp-content\/uploads\/2021\/04\/tania-01-150x150.jpg\" class=\"attachment-thumbnail size-thumbnail\" alt=\"\" srcset=\"https:\/\/www.katozakros-beachfront.com\/wp-content\/uploads\/2021\/04\/tania-01-150x150.jpg 150w, https:\/\/www.katozakros-beachfront.com\/wp-content\/uploads\/2021\/04\/tania-01-500x500.jpg 500w\" sizes=\"auto, (max-width: 150px) 100vw, 150px\" \/>\t\t\t\t\t\t<span class=\"aig-gallery-hover\">\n\t\t\t\t\t\t\t\t\t\t\t\t\t\t\t<span class=\"icon-arrows-plus\"><\/span> \n\t\t\t\t\t\t\t\t\t\t\t\t\t<\/span>\n\t\t\t\t\t\t\t\t\t\t\t<\/a>\n\t\t\t\t\t\t\t\t\t<\/div>\n\t\t\t<\/div>\n\t\t\t\t\t\t\t\t<div class=\"qode-aig-image qode-item-space qode-aig-default-masonry-item\">\n\t\t\t\t<div class=\"qode-aig-image-inner\">\n\t\t\t\t\t\t\t\t\t\t\t<a itemprop=\"image\" class=\"qode-aig-lightbox\" href=\"https:\/\/www.katozakros-beachfront.com\/wp-content\/uploads\/2021\/04\/tania-02.jpg\" data-rel=\"prettyPhoto[image_gallery_pretty_photo-584]\" title=\"tania-02\">\n\t\t\t\t\t\t\t\t\t\t\t<img loading=\"lazy\" decoding=\"async\" width=\"150\" height=\"150\" src=\"https:\/\/www.katozakros-beachfront.com\/wp-content\/uploads\/2021\/04\/tania-02-150x150.jpg\" class=\"attachment-thumbnail size-thumbnail\" alt=\"\" srcset=\"https:\/\/www.katozakros-beachfront.com\/wp-content\/uploads\/2021\/04\/tania-02-150x150.jpg 150w, https:\/\/www.katozakros-beachfront.com\/wp-content\/uploads\/2021\/04\/tania-02-570x570.jpg 570w, https:\/\/www.katozakros-beachfront.com\/wp-content\/uploads\/2021\/04\/tania-02-500x500.jpg 500w\" sizes=\"auto, (max-width: 150px) 100vw, 150px\" \/>\t\t\t\t\t\t<span class=\"aig-gallery-hover\">\n\t\t\t\t\t\t\t\t\t\t\t\t\t\t\t<span class=\"icon-arrows-plus\"><\/span> \n\t\t\t\t\t\t\t\t\t\t\t\t\t<\/span>\n\t\t\t\t\t\t\t\t\t\t\t<\/a>\n\t\t\t\t\t\t\t\t\t<\/div>\n\t\t\t<\/div>\n\t\t\t\t\t\t\t\t<div class=\"qode-aig-image qode-item-space qode-aig-default-masonry-item\">\n\t\t\t\t<div class=\"qode-aig-image-inner\">\n\t\t\t\t\t\t\t\t\t\t\t<a itemprop=\"image\" class=\"qode-aig-lightbox\" href=\"https:\/\/www.katozakros-beachfront.com\/wp-content\/uploads\/2021\/04\/tania-03.jpg\" data-rel=\"prettyPhoto[image_gallery_pretty_photo-584]\" title=\"tania-03\">\n\t\t\t\t\t\t\t\t\t\t\t<img loading=\"lazy\" decoding=\"async\" width=\"150\" height=\"150\" src=\"https:\/\/www.katozakros-beachfront.com\/wp-content\/uploads\/2021\/04\/tania-03-150x150.jpg\" class=\"attachment-thumbnail size-thumbnail\" alt=\"\" srcset=\"https:\/\/www.katozakros-beachfront.com\/wp-content\/uploads\/2021\/04\/tania-03-150x150.jpg 150w, https:\/\/www.katozakros-beachfront.com\/wp-content\/uploads\/2021\/04\/tania-03-500x500.jpg 500w\" sizes=\"auto, (max-width: 150px) 100vw, 150px\" \/>\t\t\t\t\t\t<span class=\"aig-gallery-hover\">\n\t\t\t\t\t\t\t\t\t\t\t\t\t\t\t<span class=\"icon-arrows-plus\"><\/span> \n\t\t\t\t\t\t\t\t\t\t\t\t\t<\/span>\n\t\t\t\t\t\t\t\t\t\t\t<\/a>\n\t\t\t\t\t\t\t\t\t<\/div>\n\t\t\t<\/div>\n\t\t\t\t\t\t\t\t<div class=\"qode-aig-image qode-item-space qode-aig-default-masonry-item\">\n\t\t\t\t<div class=\"qode-aig-image-inner\">\n\t\t\t\t\t\t\t\t\t\t\t<a itemprop=\"image\" class=\"qode-aig-lightbox\" href=\"https:\/\/www.katozakros-beachfront.com\/wp-content\/uploads\/2021\/04\/tania-04.jpg\" data-rel=\"prettyPhoto[image_gallery_pretty_photo-584]\" title=\"tania-04\">\n\t\t\t\t\t\t\t\t\t\t\t<img loading=\"lazy\" decoding=\"async\" width=\"150\" height=\"150\" src=\"https:\/\/www.katozakros-beachfront.com\/wp-content\/uploads\/2021\/04\/tania-04-150x150.jpg\" class=\"attachment-thumbnail size-thumbnail\" alt=\"\" srcset=\"https:\/\/www.katozakros-beachfront.com\/wp-content\/uploads\/2021\/04\/tania-04-150x150.jpg 150w, https:\/\/www.katozakros-beachfront.com\/wp-content\/uploads\/2021\/04\/tania-04-570x570.jpg 570w, https:\/\/www.katozakros-beachfront.com\/wp-content\/uploads\/2021\/04\/tania-04-500x500.jpg 500w\" sizes=\"auto, (max-width: 150px) 100vw, 150px\" \/>\t\t\t\t\t\t<span class=\"aig-gallery-hover\">\n\t\t\t\t\t\t\t\t\t\t\t\t\t\t\t<span class=\"icon-arrows-plus\"><\/span> \n\t\t\t\t\t\t\t\t\t\t\t\t\t<\/span>\n\t\t\t\t\t\t\t\t\t\t\t<\/a>\n\t\t\t\t\t\t\t\t\t<\/div>\n\t\t\t<\/div>\n\t\t\t<\/div>\n<\/div>[vc_gmaps link=\u00a0\u00bb#E-8_JTNDaWZyYW1lJTIwc3JjJTNEJTIyaHR0cHMlM0ElMkYlMkZ3d3cuZ29vZ2xlLmNvbSUyRm1hcHMlMkZlbWJlZCUzRnBiJTNEJTIxMW0xOCUyMTFtMTIlMjExbTMlMjExZDEwNDQzMi41MDA5NDk5MDE3OSUyMTJkMjYuMTYxMDE2MjY3MzExMTcyJTIxM2QzNS4xMTg4MDMzNjI2Nzk2NyUyMTJtMyUyMTFmMCUyMTJmMCUyMTNmMCUyMTNtMiUyMTFpMTAyNCUyMTJpNzY4JTIxNGYxMy4xJTIxM20zJTIxMW0yJTIxMXMweDE0OTBmMDk3NTk5NGI0NWYlMjUzQTB4Yzg1NDNjN2U1NzBhNGUwOSUyMTJzVGFuaWElMjUyME1haXNvbmV0dGUlMjE1ZTAlMjEzbTIlMjExc2VuJTIxMnNnciUyMTR2MTYxODY1NjI5ODY2MyUyMTVtMiUyMTFzZW4lMjEyc2dyJTIyJTIwd2lkdGglM0QlMjIxMDAlMjUlMjIlMjBoZWlnaHQlM0QlMjIzMDAlMjIlMjBzdHlsZSUzRCUyMmJvcmRlciUzQTAlM0IlMjIlMjBhbGxvd2Z1bGxzY3JlZW4lM0QlMjIlMjIlMjBsb2FkaW5nJTNEJTIybGF6eSUyMiUzRSUzQyUyRmlmcmFtZSUzRQ==\u00a0\u00bb css_animation=\u00a0\u00bbfadeIn\u00a0\u00bb css=\u00a0\u00bb.vc_custom_1618656861428{margin-top: 30px !important;border-radius: 4px !important;}\u00a0\u00bb][\/qode_elements_holder_item][\/qode_elements_holder][\/vc_column][vc_column width=\u00a0\u00bb1\/3&Prime;]<div class=\"custom_font_holder\" style=\" font-size: 32px; line-height: 26px; font-style: normal; font-weight: 300; color: #1e73be; text-decoration: none; text-shadow: 1px 1px 2px rgba(0, 0, 0, 0.4); text-align: left;\">Services et installations<\/div>[vc_empty_space]<div class='q_list circle'><\/p>\n<ul>\n<li>Jusqu&rsquo;\u00e0 2 personnes<\/li>\n<li>Balcon<\/li>\n<li>Climatisation<\/li>\n<li>Vue sur le village et la montagne<\/li>\n<li>35 m2<\/li>\n<li>Service de m\u00e9nage quotidien<\/li>\n<li>T\u00e9l\u00e9vision<\/li>\n<li>WiFi gratuit<\/li>\n<li>R\u00e9frig\u00e9rateur<\/li>\n<li>Four<\/li>\n<li>Bouilloire \u00e9lectrique<\/li>\n<li>Machine \u00e0 caf\u00e9 (expresso)<\/li>\n<li>Fer avec planche \u00e0 repasser<\/li>\n<li>S\u00e8che-cheveux<\/li>\n<li>Salle de bain (douche et toilettes)<\/li>\n<li>Table \u00e0 manger &amp; amp; Ustensiles de cuisine<\/li>\n<li>Parking<\/li>\n<\/ul>\n<p><\/div>[vc_empty_space height=\u00a0\u00bb70px\u00a0\u00bb]<div class='q_message ' style='background-color: #b5f0ff;border-style:solid;border-width: 1px;border-color: #adf4ff;'><div class='q_message_inner'><a href='#' class='close'><i class='fa fa-times' style=''><\/i><\/a><div class='message_text_holder'><div class='message_text'><div class='message_text_inner'><\/p>\n<h4 style=\"text-align: center;\">Tania Maisonette<\/h4>\n<h2 style=\"text-align: center;\">Prix 35 \u20ac &#8211; 50 \u20ac par nuit &#8211; Selon disponibilit\u00e9<\/h2>\n<p>&nbsp;<\/p>\n<p style=\"text-align: center;\"><strong>Prix sp\u00e9ciaux d&rsquo;hiver!<\/strong><\/p>\n<p>&nbsp;<\/p>\n<p style=\"text-align: center;\">IMPORTANT: Les tarifs n&rsquo;incluent pas la nuit\u00e9e: 0,50 \u20ac par s\u00e9jour et par chambre<\/p>\n<p>&nbsp;<\/p>\n<p style=\"text-align: center;\"><a  itemprop=\"url\" href=\"\/contact\/\" target=\"_self\" data-hover-background-color='#0e39b8' data-hover-border-color='#ff5ff5' data-hover-color='#ccd5ff' class=\"qbutton  large center default\" style=\"color: #4262ff; border-color: #fff; margin: 3px 3px 3px 3px; background-color: #e5f3ff;\">Reserve Maintenant<i class=\"qode_icon_font_awesome fa fa-envelope qode_button_icon_element\" style=\"\" ><\/i><\/a><\/p>\n<p><\/div><\/div><\/div><\/div><\/div>[vc_empty_space height=\u00a0\u00bb70px\u00a0\u00bb][\/vc_column][\/vc_row]<\/p>\n<\/div>","protected":false},"excerpt":{"rendered":"<p>[vc_row css_animation=\u00a0\u00bb\u00a0\u00bb row_type=\u00a0\u00bbrow\u00a0\u00bb use_row_as_full_screen_section=\u00a0\u00bbno\u00a0\u00bb type=\u00a0\u00bbfull_width\u00a0\u00bb angled_section=\u00a0\u00bbno\u00a0\u00bb text_align=\u00a0\u00bbleft\u00a0\u00bb background_image_as_pattern=\u00a0\u00bbwithout_pattern\u00a0\u00bb css=\u00a0\u00bb.vc_custom_1618603501025{margin-top: 40px !important;margin-right: 40px !important;margin-left: 50px !important;}\u00a0\u00bb z_index=\u00a0\u00bb\u00a0\u00bb][vc_column width=\u00a0\u00bb2\/3&Prime;][vc_empty_space][qode_elements_holder number_of_columns=\u00a0\u00bbone_column\u00a0\u00bb][qode_elements_holder_item advanced_animations=\u00a0\u00bbno\u00a0\u00bb][vc_column_text css=\u00a0\u00bb.vc_custom_1619377436352{margin-bottom: 30px !important;}\u00a0\u00bb]La Maisonnette Tania est situ\u00e9e pr\u00e8s du centre du village traditionnel de Zakros et peut accueillir jusqu&rsquo;\u00e0 2 personnes. &nbsp; Cet appartement comprend une&#8230;<\/p>\n","protected":false},"author":1,"featured_media":0,"parent":0,"menu_order":0,"comment_status":"closed","ping_status":"closed","template":"full_width.php","meta":{"footnotes":""},"class_list":["post-1277","page","type-page","status-publish","hentry"],"_links":{"self":[{"href":"https:\/\/www.katozakros-beachfront.com\/fr\/wp-json\/wp\/v2\/pages\/1277","targetHints":{"allow":["GET"]}}],"collection":[{"href":"https:\/\/www.katozakros-beachfront.com\/fr\/wp-json\/wp\/v2\/pages"}],"about":[{"href":"https:\/\/www.katozakros-beachfront.com\/fr\/wp-json\/wp\/v2\/types\/page"}],"author":[{"embeddable":true,"href":"https:\/\/www.katozakros-beachfront.com\/fr\/wp-json\/wp\/v2\/users\/1"}],"replies":[{"embeddable":true,"href":"https:\/\/www.katozakros-beachfront.com\/fr\/wp-json\/wp\/v2\/comments?post=1277"}],"version-history":[{"count":3,"href":"https:\/\/www.katozakros-beachfront.com\/fr\/wp-json\/wp\/v2\/pages\/1277\/revisions"}],"predecessor-version":[{"id":1280,"href":"https:\/\/www.katozakros-beachfront.com\/fr\/wp-json\/wp\/v2\/pages\/1277\/revisions\/1280"}],"wp:attachment":[{"href":"https:\/\/www.katozakros-beachfront.com\/fr\/wp-json\/wp\/v2\/media?parent=1277"}],"curies":[{"name":"wp","href":"https:\/\/api.w.org\/{rel}","templated":true}]}}