{"id":1263,"date":"2021-04-25T10:36:09","date_gmt":"2021-04-25T07:36:09","guid":{"rendered":"https:\/\/www.katozakros-beachfront.com\/?page_id=1263"},"modified":"2021-04-25T17:06:35","modified_gmt":"2021-04-25T14:06:35","slug":"beachfront-apartment","status":"publish","type":"page","link":"https:\/\/www.katozakros-beachfront.com\/fr\/beachfront-apartment\/","title":{"rendered":"Beach Front Appartement"},"content":{"rendered":"<div class=\"wpb-content-wrapper\"><p>[vc_row css_animation=\u00a0\u00bb\u00a0\u00bb row_type=\u00a0\u00bbrow\u00a0\u00bb use_row_as_full_screen_section=\u00a0\u00bbno\u00a0\u00bb type=\u00a0\u00bbfull_width\u00a0\u00bb angled_section=\u00a0\u00bbno\u00a0\u00bb text_align=\u00a0\u00bbleft\u00a0\u00bb background_image_as_pattern=\u00a0\u00bbwithout_pattern\u00a0\u00bb css=\u00a0\u00bb.vc_custom_1618603501025{margin-top: 40px !important;margin-right: 40px !important;margin-left: 50px !important;}\u00a0\u00bb z_index=\u00a0\u00bb\u00a0\u00bb][vc_column width=\u00a0\u00bb2\/3&Prime;]<div class=\"custom_font_holder\" style=\" font-size: 32px; line-height: 26px; font-style: normal; font-weight: 300; color: #1e73be; text-decoration: none; text-shadow: 1px 1px 2px rgba(0, 0, 0, 0.4); text-align: left;\">La description<\/div>[vc_empty_space][qode_elements_holder number_of_columns=\u00a0\u00bbone_column\u00a0\u00bb][qode_elements_holder_item advanced_animations=\u00a0\u00bbno\u00a0\u00bb][vc_column_text css=\u00a0\u00bb.vc_custom_1619336314080{margin-bottom: 30px !important;}\u00a0\u00bb]The <strong>Beach Front<\/strong> est un appartement situ\u00e9 \u00e0 quelques m\u00e8tres de la mer \u00e0 <strong>Kato Zakros<\/strong> et pouvant accueillir jusqu&rsquo;\u00e0 2 personnes.<\/p>\n<p>&nbsp;<\/p>\n<p>Cet appartement comprend une chambre avec lit double, une climatisation, une connexion Wi-Fi gratuite, une kitchenette (enti\u00e8rement \u00e9quip\u00e9e avec un r\u00e9frig\u00e9rateur) et une salle de bains avec douche.<\/p>\n<p>&nbsp;<\/p>\n<p>Il poss\u00e8de \u00e9galement un balcon meubl\u00e9, une aire de jeux et des v\u00e9los (gratuits) pour vos excursions vers les attractions \u00e0 proximit\u00e9. Vous pouvez \u00e9galement faire de la randonn\u00e9e ainsi que de la planche \u00e0 voile.<\/p>\n<p>&nbsp;<\/p>\n<p>Vous pourrez commencer votre journ\u00e9e avec un petit-d\u00e9jeuner continental au restaurant Akrogiali, situ\u00e9 \u00e0 seulement 50 m\u00e8tres. Vous pouvez \u00e9galement prendre votre d\u00e9jeuner ou m\u00eame votre d\u00eener avec des plats cr\u00e9tois traditionnels et du poisson frais.<\/p>\n<p>&nbsp;<\/p>\n<p>Des chaises longues et des parasols sont disponibles gratuitement sur la plage, juste en face de notre appartement.<\/p>\n<p>Nous parlons anglais, allemand et grec et pouvons vous donner des informations utiles sur la r\u00e9gion et vous aider en cas de probl\u00e8me.[\/vc_column_text]<div class=\"qode-advanced-image-gallery  qode-aig-masonry-type qode-no-space  qode-image-behavior-lightbox qode-aig-images-fixed\">\n\t<div class=\"qode-aig-inner qode-outer-space qode-aig-masonry qode-aig-six-columns\">\n\t\t<div class=\"qode-aig-grid-sizer\"><\/div>\n\t\t<div class=\"qode-aig-grid-gutter\"><\/div>\n\t\t\t\t\t\t\t\t<div class=\"qode-aig-image qode-item-space qode-aig-default-masonry-item\">\n\t\t\t\t<div class=\"qode-aig-image-inner\">\n\t\t\t\t\t\t\t\t\t\t\t<a itemprop=\"image\" class=\"qode-aig-lightbox\" href=\"https:\/\/www.katozakros-beachfront.com\/wp-content\/uploads\/2021\/04\/beachfront-01.jpg\" data-rel=\"prettyPhoto[image_gallery_pretty_photo-840]\" title=\"beachfront-01\">\n\t\t\t\t\t\t\t\t\t\t\t<img loading=\"lazy\" decoding=\"async\" width=\"150\" height=\"150\" src=\"https:\/\/www.katozakros-beachfront.com\/wp-content\/uploads\/2021\/04\/beachfront-01-150x150.jpg\" class=\"attachment-thumbnail size-thumbnail\" alt=\"\" srcset=\"https:\/\/www.katozakros-beachfront.com\/wp-content\/uploads\/2021\/04\/beachfront-01-150x150.jpg 150w, https:\/\/www.katozakros-beachfront.com\/wp-content\/uploads\/2021\/04\/beachfront-01-570x570.jpg 570w, https:\/\/www.katozakros-beachfront.com\/wp-content\/uploads\/2021\/04\/beachfront-01-500x500.jpg 500w\" sizes=\"auto, (max-width: 150px) 100vw, 150px\" \/>\t\t\t\t\t\t<span class=\"aig-gallery-hover\">\n\t\t\t\t\t\t\t\t\t\t\t\t\t\t\t<span class=\"icon-arrows-plus\"><\/span> \n\t\t\t\t\t\t\t\t\t\t\t\t\t<\/span>\n\t\t\t\t\t\t\t\t\t\t\t<\/a>\n\t\t\t\t\t\t\t\t\t<\/div>\n\t\t\t<\/div>\n\t\t\t\t\t\t\t\t<div class=\"qode-aig-image qode-item-space qode-aig-default-masonry-item\">\n\t\t\t\t<div class=\"qode-aig-image-inner\">\n\t\t\t\t\t\t\t\t\t\t\t<a itemprop=\"image\" class=\"qode-aig-lightbox\" href=\"https:\/\/www.katozakros-beachfront.com\/wp-content\/uploads\/2021\/04\/beachfront-02.jpg\" data-rel=\"prettyPhoto[image_gallery_pretty_photo-840]\" title=\"beachfront-02\">\n\t\t\t\t\t\t\t\t\t\t\t<img loading=\"lazy\" decoding=\"async\" width=\"150\" height=\"150\" src=\"https:\/\/www.katozakros-beachfront.com\/wp-content\/uploads\/2021\/04\/beachfront-02-150x150.jpg\" class=\"attachment-thumbnail size-thumbnail\" alt=\"\" srcset=\"https:\/\/www.katozakros-beachfront.com\/wp-content\/uploads\/2021\/04\/beachfront-02-150x150.jpg 150w, https:\/\/www.katozakros-beachfront.com\/wp-content\/uploads\/2021\/04\/beachfront-02-500x500.jpg 500w\" sizes=\"auto, (max-width: 150px) 100vw, 150px\" \/>\t\t\t\t\t\t<span class=\"aig-gallery-hover\">\n\t\t\t\t\t\t\t\t\t\t\t\t\t\t\t<span class=\"icon-arrows-plus\"><\/span> \n\t\t\t\t\t\t\t\t\t\t\t\t\t<\/span>\n\t\t\t\t\t\t\t\t\t\t\t<\/a>\n\t\t\t\t\t\t\t\t\t<\/div>\n\t\t\t<\/div>\n\t\t\t\t\t\t\t\t<div class=\"qode-aig-image qode-item-space qode-aig-default-masonry-item\">\n\t\t\t\t<div class=\"qode-aig-image-inner\">\n\t\t\t\t\t\t\t\t\t\t\t<a itemprop=\"image\" class=\"qode-aig-lightbox\" href=\"https:\/\/www.katozakros-beachfront.com\/wp-content\/uploads\/2021\/04\/beachfront-03.jpg\" data-rel=\"prettyPhoto[image_gallery_pretty_photo-840]\" title=\"beachfront-03\">\n\t\t\t\t\t\t\t\t\t\t\t<img loading=\"lazy\" decoding=\"async\" width=\"150\" height=\"150\" src=\"https:\/\/www.katozakros-beachfront.com\/wp-content\/uploads\/2021\/04\/beachfront-03-150x150.jpg\" class=\"attachment-thumbnail size-thumbnail\" alt=\"\" srcset=\"https:\/\/www.katozakros-beachfront.com\/wp-content\/uploads\/2021\/04\/beachfront-03-150x150.jpg 150w, https:\/\/www.katozakros-beachfront.com\/wp-content\/uploads\/2021\/04\/beachfront-03-500x500.jpg 500w\" sizes=\"auto, (max-width: 150px) 100vw, 150px\" \/>\t\t\t\t\t\t<span class=\"aig-gallery-hover\">\n\t\t\t\t\t\t\t\t\t\t\t\t\t\t\t<span class=\"icon-arrows-plus\"><\/span> \n\t\t\t\t\t\t\t\t\t\t\t\t\t<\/span>\n\t\t\t\t\t\t\t\t\t\t\t<\/a>\n\t\t\t\t\t\t\t\t\t<\/div>\n\t\t\t<\/div>\n\t\t\t\t\t\t\t\t<div class=\"qode-aig-image qode-item-space qode-aig-default-masonry-item\">\n\t\t\t\t<div class=\"qode-aig-image-inner\">\n\t\t\t\t\t\t\t\t\t\t\t<a itemprop=\"image\" class=\"qode-aig-lightbox\" href=\"https:\/\/www.katozakros-beachfront.com\/wp-content\/uploads\/2021\/04\/beachfront-04.jpg\" data-rel=\"prettyPhoto[image_gallery_pretty_photo-840]\" title=\"beachfront-04\">\n\t\t\t\t\t\t\t\t\t\t\t<img loading=\"lazy\" decoding=\"async\" width=\"150\" height=\"150\" src=\"https:\/\/www.katozakros-beachfront.com\/wp-content\/uploads\/2021\/04\/beachfront-04-150x150.jpg\" class=\"attachment-thumbnail size-thumbnail\" alt=\"\" srcset=\"https:\/\/www.katozakros-beachfront.com\/wp-content\/uploads\/2021\/04\/beachfront-04-150x150.jpg 150w, https:\/\/www.katozakros-beachfront.com\/wp-content\/uploads\/2021\/04\/beachfront-04-500x500.jpg 500w\" sizes=\"auto, (max-width: 150px) 100vw, 150px\" \/>\t\t\t\t\t\t<span class=\"aig-gallery-hover\">\n\t\t\t\t\t\t\t\t\t\t\t\t\t\t\t<span class=\"icon-arrows-plus\"><\/span> \n\t\t\t\t\t\t\t\t\t\t\t\t\t<\/span>\n\t\t\t\t\t\t\t\t\t\t\t<\/a>\n\t\t\t\t\t\t\t\t\t<\/div>\n\t\t\t<\/div>\n\t\t\t\t\t\t\t\t<div class=\"qode-aig-image qode-item-space qode-aig-default-masonry-item\">\n\t\t\t\t<div class=\"qode-aig-image-inner\">\n\t\t\t\t\t\t\t\t\t\t\t<a itemprop=\"image\" class=\"qode-aig-lightbox\" href=\"https:\/\/www.katozakros-beachfront.com\/wp-content\/uploads\/2021\/04\/beachfront-05.jpg\" data-rel=\"prettyPhoto[image_gallery_pretty_photo-840]\" title=\"beachfront-05\">\n\t\t\t\t\t\t\t\t\t\t\t<img loading=\"lazy\" decoding=\"async\" width=\"150\" height=\"150\" src=\"https:\/\/www.katozakros-beachfront.com\/wp-content\/uploads\/2021\/04\/beachfront-05-150x150.jpg\" class=\"attachment-thumbnail size-thumbnail\" alt=\"\" srcset=\"https:\/\/www.katozakros-beachfront.com\/wp-content\/uploads\/2021\/04\/beachfront-05-150x150.jpg 150w, https:\/\/www.katozakros-beachfront.com\/wp-content\/uploads\/2021\/04\/beachfront-05-570x570.jpg 570w, https:\/\/www.katozakros-beachfront.com\/wp-content\/uploads\/2021\/04\/beachfront-05-500x500.jpg 500w\" sizes=\"auto, (max-width: 150px) 100vw, 150px\" \/>\t\t\t\t\t\t<span class=\"aig-gallery-hover\">\n\t\t\t\t\t\t\t\t\t\t\t\t\t\t\t<span class=\"icon-arrows-plus\"><\/span> \n\t\t\t\t\t\t\t\t\t\t\t\t\t<\/span>\n\t\t\t\t\t\t\t\t\t\t\t<\/a>\n\t\t\t\t\t\t\t\t\t<\/div>\n\t\t\t<\/div>\n\t\t\t\t\t\t\t\t<div class=\"qode-aig-image qode-item-space qode-aig-default-masonry-item\">\n\t\t\t\t<div class=\"qode-aig-image-inner\">\n\t\t\t\t\t\t\t\t\t\t\t<a itemprop=\"image\" class=\"qode-aig-lightbox\" href=\"https:\/\/www.katozakros-beachfront.com\/wp-content\/uploads\/2021\/04\/beachfront-07.jpg\" data-rel=\"prettyPhoto[image_gallery_pretty_photo-840]\" title=\"beachfront-07\">\n\t\t\t\t\t\t\t\t\t\t\t<img loading=\"lazy\" decoding=\"async\" width=\"150\" height=\"150\" src=\"https:\/\/www.katozakros-beachfront.com\/wp-content\/uploads\/2021\/04\/beachfront-07-150x150.jpg\" class=\"attachment-thumbnail size-thumbnail\" alt=\"\" srcset=\"https:\/\/www.katozakros-beachfront.com\/wp-content\/uploads\/2021\/04\/beachfront-07-150x150.jpg 150w, https:\/\/www.katozakros-beachfront.com\/wp-content\/uploads\/2021\/04\/beachfront-07-500x500.jpg 500w\" sizes=\"auto, (max-width: 150px) 100vw, 150px\" \/>\t\t\t\t\t\t<span class=\"aig-gallery-hover\">\n\t\t\t\t\t\t\t\t\t\t\t\t\t\t\t<span class=\"icon-arrows-plus\"><\/span> \n\t\t\t\t\t\t\t\t\t\t\t\t\t<\/span>\n\t\t\t\t\t\t\t\t\t\t\t<\/a>\n\t\t\t\t\t\t\t\t\t<\/div>\n\t\t\t<\/div>\n\t\t\t\t\t\t\t\t<div class=\"qode-aig-image qode-item-space qode-aig-default-masonry-item\">\n\t\t\t\t<div class=\"qode-aig-image-inner\">\n\t\t\t\t\t\t\t\t\t\t\t<a itemprop=\"image\" class=\"qode-aig-lightbox\" href=\"https:\/\/www.katozakros-beachfront.com\/wp-content\/uploads\/2021\/04\/beachfront-08.jpg\" data-rel=\"prettyPhoto[image_gallery_pretty_photo-840]\" title=\"beachfront-08\">\n\t\t\t\t\t\t\t\t\t\t\t<img loading=\"lazy\" decoding=\"async\" width=\"150\" height=\"150\" src=\"https:\/\/www.katozakros-beachfront.com\/wp-content\/uploads\/2021\/04\/beachfront-08-150x150.jpg\" class=\"attachment-thumbnail size-thumbnail\" alt=\"\" srcset=\"https:\/\/www.katozakros-beachfront.com\/wp-content\/uploads\/2021\/04\/beachfront-08-150x150.jpg 150w, https:\/\/www.katozakros-beachfront.com\/wp-content\/uploads\/2021\/04\/beachfront-08-570x570.jpg 570w, https:\/\/www.katozakros-beachfront.com\/wp-content\/uploads\/2021\/04\/beachfront-08-500x500.jpg 500w\" sizes=\"auto, (max-width: 150px) 100vw, 150px\" \/>\t\t\t\t\t\t<span class=\"aig-gallery-hover\">\n\t\t\t\t\t\t\t\t\t\t\t\t\t\t\t<span class=\"icon-arrows-plus\"><\/span> \n\t\t\t\t\t\t\t\t\t\t\t\t\t<\/span>\n\t\t\t\t\t\t\t\t\t\t\t<\/a>\n\t\t\t\t\t\t\t\t\t<\/div>\n\t\t\t<\/div>\n\t\t\t\t\t\t\t\t<div class=\"qode-aig-image qode-item-space qode-aig-default-masonry-item\">\n\t\t\t\t<div class=\"qode-aig-image-inner\">\n\t\t\t\t\t\t\t\t\t\t\t<a itemprop=\"image\" class=\"qode-aig-lightbox\" href=\"https:\/\/www.katozakros-beachfront.com\/wp-content\/uploads\/2021\/04\/beachfront-09.jpg\" data-rel=\"prettyPhoto[image_gallery_pretty_photo-840]\" title=\"beachfront-09\">\n\t\t\t\t\t\t\t\t\t\t\t<img loading=\"lazy\" decoding=\"async\" width=\"150\" height=\"150\" src=\"https:\/\/www.katozakros-beachfront.com\/wp-content\/uploads\/2021\/04\/beachfront-09-150x150.jpg\" class=\"attachment-thumbnail size-thumbnail\" alt=\"\" srcset=\"https:\/\/www.katozakros-beachfront.com\/wp-content\/uploads\/2021\/04\/beachfront-09-150x150.jpg 150w, https:\/\/www.katozakros-beachfront.com\/wp-content\/uploads\/2021\/04\/beachfront-09-500x500.jpg 500w\" sizes=\"auto, (max-width: 150px) 100vw, 150px\" \/>\t\t\t\t\t\t<span class=\"aig-gallery-hover\">\n\t\t\t\t\t\t\t\t\t\t\t\t\t\t\t<span class=\"icon-arrows-plus\"><\/span> \n\t\t\t\t\t\t\t\t\t\t\t\t\t<\/span>\n\t\t\t\t\t\t\t\t\t\t\t<\/a>\n\t\t\t\t\t\t\t\t\t<\/div>\n\t\t\t<\/div>\n\t\t\t\t\t\t\t\t<div class=\"qode-aig-image qode-item-space qode-aig-default-masonry-item\">\n\t\t\t\t<div class=\"qode-aig-image-inner\">\n\t\t\t\t\t\t\t\t\t\t\t<a itemprop=\"image\" class=\"qode-aig-lightbox\" href=\"https:\/\/www.katozakros-beachfront.com\/wp-content\/uploads\/2021\/04\/beachfront-10.jpg\" data-rel=\"prettyPhoto[image_gallery_pretty_photo-840]\" title=\"beachfront-10\">\n\t\t\t\t\t\t\t\t\t\t\t<img loading=\"lazy\" decoding=\"async\" width=\"150\" height=\"150\" src=\"https:\/\/www.katozakros-beachfront.com\/wp-content\/uploads\/2021\/04\/beachfront-10-150x150.jpg\" class=\"attachment-thumbnail size-thumbnail\" alt=\"\" srcset=\"https:\/\/www.katozakros-beachfront.com\/wp-content\/uploads\/2021\/04\/beachfront-10-150x150.jpg 150w, https:\/\/www.katozakros-beachfront.com\/wp-content\/uploads\/2021\/04\/beachfront-10-500x500.jpg 500w\" sizes=\"auto, (max-width: 150px) 100vw, 150px\" \/>\t\t\t\t\t\t<span class=\"aig-gallery-hover\">\n\t\t\t\t\t\t\t\t\t\t\t\t\t\t\t<span class=\"icon-arrows-plus\"><\/span> \n\t\t\t\t\t\t\t\t\t\t\t\t\t<\/span>\n\t\t\t\t\t\t\t\t\t\t\t<\/a>\n\t\t\t\t\t\t\t\t\t<\/div>\n\t\t\t<\/div>\n\t\t\t\t\t\t\t\t<div class=\"qode-aig-image qode-item-space qode-aig-default-masonry-item\">\n\t\t\t\t<div class=\"qode-aig-image-inner\">\n\t\t\t\t\t\t\t\t\t\t\t<a itemprop=\"image\" class=\"qode-aig-lightbox\" href=\"https:\/\/www.katozakros-beachfront.com\/wp-content\/uploads\/2021\/04\/coral-03.jpg\" data-rel=\"prettyPhoto[image_gallery_pretty_photo-840]\" title=\"coral-03\">\n\t\t\t\t\t\t\t\t\t\t\t<img loading=\"lazy\" decoding=\"async\" width=\"150\" height=\"150\" src=\"https:\/\/www.katozakros-beachfront.com\/wp-content\/uploads\/2021\/04\/coral-03-150x150.jpg\" class=\"attachment-thumbnail size-thumbnail\" alt=\"\" srcset=\"https:\/\/www.katozakros-beachfront.com\/wp-content\/uploads\/2021\/04\/coral-03-150x150.jpg 150w, https:\/\/www.katozakros-beachfront.com\/wp-content\/uploads\/2021\/04\/coral-03-500x500.jpg 500w\" sizes=\"auto, (max-width: 150px) 100vw, 150px\" \/>\t\t\t\t\t\t<span class=\"aig-gallery-hover\">\n\t\t\t\t\t\t\t\t\t\t\t\t\t\t\t<span class=\"icon-arrows-plus\"><\/span> \n\t\t\t\t\t\t\t\t\t\t\t\t\t<\/span>\n\t\t\t\t\t\t\t\t\t\t\t<\/a>\n\t\t\t\t\t\t\t\t\t<\/div>\n\t\t\t<\/div>\n\t\t\t\t\t\t\t\t<div class=\"qode-aig-image qode-item-space qode-aig-default-masonry-item\">\n\t\t\t\t<div class=\"qode-aig-image-inner\">\n\t\t\t\t\t\t\t\t\t\t\t<a itemprop=\"image\" class=\"qode-aig-lightbox\" href=\"https:\/\/www.katozakros-beachfront.com\/wp-content\/uploads\/2021\/04\/coral-02.jpg\" data-rel=\"prettyPhoto[image_gallery_pretty_photo-840]\" title=\"coral-02\">\n\t\t\t\t\t\t\t\t\t\t\t<img loading=\"lazy\" decoding=\"async\" width=\"150\" height=\"150\" src=\"https:\/\/www.katozakros-beachfront.com\/wp-content\/uploads\/2021\/04\/coral-02-150x150.jpg\" class=\"attachment-thumbnail size-thumbnail\" alt=\"\" srcset=\"https:\/\/www.katozakros-beachfront.com\/wp-content\/uploads\/2021\/04\/coral-02-150x150.jpg 150w, https:\/\/www.katozakros-beachfront.com\/wp-content\/uploads\/2021\/04\/coral-02-500x500.jpg 500w\" sizes=\"auto, (max-width: 150px) 100vw, 150px\" \/>\t\t\t\t\t\t<span class=\"aig-gallery-hover\">\n\t\t\t\t\t\t\t\t\t\t\t\t\t\t\t<span class=\"icon-arrows-plus\"><\/span> \n\t\t\t\t\t\t\t\t\t\t\t\t\t<\/span>\n\t\t\t\t\t\t\t\t\t\t\t<\/a>\n\t\t\t\t\t\t\t\t\t<\/div>\n\t\t\t<\/div>\n\t\t\t\t\t\t\t\t<div class=\"qode-aig-image qode-item-space qode-aig-default-masonry-item\">\n\t\t\t\t<div class=\"qode-aig-image-inner\">\n\t\t\t\t\t\t\t\t\t\t\t<a itemprop=\"image\" class=\"qode-aig-lightbox\" href=\"https:\/\/www.katozakros-beachfront.com\/wp-content\/uploads\/2021\/04\/coral-05.jpg\" data-rel=\"prettyPhoto[image_gallery_pretty_photo-840]\" title=\"coral-05\">\n\t\t\t\t\t\t\t\t\t\t\t<img loading=\"lazy\" decoding=\"async\" width=\"150\" height=\"150\" src=\"https:\/\/www.katozakros-beachfront.com\/wp-content\/uploads\/2021\/04\/coral-05-150x150.jpg\" class=\"attachment-thumbnail size-thumbnail\" alt=\"\" srcset=\"https:\/\/www.katozakros-beachfront.com\/wp-content\/uploads\/2021\/04\/coral-05-150x150.jpg 150w, https:\/\/www.katozakros-beachfront.com\/wp-content\/uploads\/2021\/04\/coral-05-500x500.jpg 500w\" sizes=\"auto, (max-width: 150px) 100vw, 150px\" \/>\t\t\t\t\t\t<span class=\"aig-gallery-hover\">\n\t\t\t\t\t\t\t\t\t\t\t\t\t\t\t<span class=\"icon-arrows-plus\"><\/span> \n\t\t\t\t\t\t\t\t\t\t\t\t\t<\/span>\n\t\t\t\t\t\t\t\t\t\t\t<\/a>\n\t\t\t\t\t\t\t\t\t<\/div>\n\t\t\t<\/div>\n\t\t\t<\/div>\n<\/div>[vc_gmaps link=\u00a0\u00bb#E-8_JTNDaWZyYW1lJTIwc3JjJTNEJTIyaHR0cHMlM0ElMkYlMkZ3d3cuZ29vZ2xlLmNvbSUyRm1hcHMlMkZkJTJGZW1iZWQlM0ZtaWQlM0QxclBGcUJwMnZWSmdXYkFmSmNOQzVaeDFGS3FlOWROVjIlMjIlMjB3aWR0aCUzRCUyMjEwMCUyNSUyMiUyMGhlaWdodCUzRCUyMjMwMCUyMiUzRSUzQyUyRmlmcmFtZSUzRQ==\u00a0\u00bb css_animation=\u00a0\u00bbfadeIn\u00a0\u00bb css=\u00a0\u00bb.vc_custom_1618656198814{margin-top: 30px !important;border-radius: 4px !important;}\u00a0\u00bb][\/qode_elements_holder_item][\/qode_elements_holder][\/vc_column][vc_column width=\u00a0\u00bb1\/3&Prime;]<div class=\"custom_font_holder\" style=\" font-size: 32px; line-height: 26px; font-style: normal; font-weight: 300; color: #1e73be; text-decoration: none; text-shadow: 1px 1px 2px rgba(0, 0, 0, 0.4); text-align: left;\">Services et installations<\/div>[vc_empty_space]<div class='q_list circle'><\/p>\n<ul>\n<li>2 personnes<\/li>\n<li>Cour \/ terrasse face \u00e0 la plage<\/li>\n<li>Climatisation<\/li>\n<li>Vue mer et montagne<\/li>\n<li>40 m2<\/li>\n<li>Service de m\u00e9nage quotidien<\/li>\n<li>T\u00e9l\u00e9vision<\/li>\n<li>WiFi gratuit<\/li>\n<li>Four<\/li>\n<li>R\u00e9frig\u00e9rateur<\/li>\n<li>Bouilloire \u00e9lectrique<\/li>\n<li>Machine \u00e0 expresso<\/li>\n<li>S\u00e8che-cheveux<\/li>\n<li>Table \u00e0 manger &amp; amp; Ustensiles de cuisine<\/li>\n<li>Salle de bain (douche et toilettes)<\/li>\n<li>Mobilier d&rsquo;ext\u00e9rieur<\/li>\n<li>Parking<\/li>\n<\/ul>\n<p><\/div>[vc_empty_space height=\u00a0\u00bb70px\u00a0\u00bb]<div class='q_message ' style='background-color: #b5f0ff;border-style:solid;border-width: 1px;border-color: #adf4ff;'><div class='q_message_inner'><a href='#' class='close'><i class='fa fa-times' style=''><\/i><\/a><div class='message_text_holder'><div class='message_text'><div class='message_text_inner'><\/p>\n<h4 style=\"text-align: center;\">Beachfront apartment<\/h4>\n<h2 style=\"text-align: center;\">Prix 40 \u20ac &#8211; 60 \u20ac par nuit &#8211; Selon disponibilit\u00e9<\/h2>\n<p>&nbsp;<\/p>\n<p style=\"text-align: center;\"><strong>Prix sp\u00e9ciaux d&rsquo;hiver!<\/strong><\/p>\n<p>&nbsp;<\/p>\n<p style=\"text-align: center;\">IMPORTANT: Les tarifs ne comprennent pas la nuit\u00e9e: 0,50 \u20ac par s\u00e9jour et par chambre<\/p>\n<p>&nbsp;<\/p>\n<p style=\"text-align: center;\"><a  itemprop=\"url\" href=\"\/contact\/\" target=\"_self\" data-hover-background-color='#0e39b8' data-hover-border-color='#ff5ff5' data-hover-color='#ccd5ff' class=\"qbutton  large center default\" style=\"color: #4262ff; border-color: #fff; margin: 3px 3px 3px 3px; background-color: #e5f3ff;\">Demande de R\u00e9servation<i class=\"qode_icon_font_awesome fa fa-envelope qode_button_icon_element\" style=\"\" ><\/i><\/a><\/p>\n<p><\/div><\/div><\/div><\/div><\/div>[vc_empty_space height=\u00a0\u00bb70px\u00a0\u00bb][\/vc_column][\/vc_row]<\/p>\n<\/div>","protected":false},"excerpt":{"rendered":"<p>[vc_row css_animation=\u00a0\u00bb\u00a0\u00bb row_type=\u00a0\u00bbrow\u00a0\u00bb use_row_as_full_screen_section=\u00a0\u00bbno\u00a0\u00bb type=\u00a0\u00bbfull_width\u00a0\u00bb angled_section=\u00a0\u00bbno\u00a0\u00bb text_align=\u00a0\u00bbleft\u00a0\u00bb background_image_as_pattern=\u00a0\u00bbwithout_pattern\u00a0\u00bb css=\u00a0\u00bb.vc_custom_1618603501025{margin-top: 40px !important;margin-right: 40px !important;margin-left: 50px !important;}\u00a0\u00bb z_index=\u00a0\u00bb\u00a0\u00bb][vc_column width=\u00a0\u00bb2\/3&Prime;][vc_empty_space][qode_elements_holder number_of_columns=\u00a0\u00bbone_column\u00a0\u00bb][qode_elements_holder_item advanced_animations=\u00a0\u00bbno\u00a0\u00bb][vc_column_text css=\u00a0\u00bb.vc_custom_1619336314080{margin-bottom: 30px !important;}\u00a0\u00bb]The Beach Front est un appartement situ\u00e9 \u00e0 quelques m\u00e8tres de la mer \u00e0 Kato Zakros et pouvant accueillir jusqu&rsquo;\u00e0 2 personnes. &nbsp; Cet&#8230;<\/p>\n","protected":false},"author":1,"featured_media":0,"parent":0,"menu_order":0,"comment_status":"closed","ping_status":"closed","template":"full_width.php","meta":{"footnotes":""},"class_list":["post-1263","page","type-page","status-publish","hentry"],"_links":{"self":[{"href":"https:\/\/www.katozakros-beachfront.com\/fr\/wp-json\/wp\/v2\/pages\/1263","targetHints":{"allow":["GET"]}}],"collection":[{"href":"https:\/\/www.katozakros-beachfront.com\/fr\/wp-json\/wp\/v2\/pages"}],"about":[{"href":"https:\/\/www.katozakros-beachfront.com\/fr\/wp-json\/wp\/v2\/types\/page"}],"author":[{"embeddable":true,"href":"https:\/\/www.katozakros-beachfront.com\/fr\/wp-json\/wp\/v2\/users\/1"}],"replies":[{"embeddable":true,"href":"https:\/\/www.katozakros-beachfront.com\/fr\/wp-json\/wp\/v2\/comments?post=1263"}],"version-history":[{"count":4,"href":"https:\/\/www.katozakros-beachfront.com\/fr\/wp-json\/wp\/v2\/pages\/1263\/revisions"}],"predecessor-version":[{"id":1267,"href":"https:\/\/www.katozakros-beachfront.com\/fr\/wp-json\/wp\/v2\/pages\/1263\/revisions\/1267"}],"wp:attachment":[{"href":"https:\/\/www.katozakros-beachfront.com\/fr\/wp-json\/wp\/v2\/media?parent=1263"}],"curies":[{"name":"wp","href":"https:\/\/api.w.org\/{rel}","templated":true}]}}