{"id":551,"date":"2018-04-03T08:37:23","date_gmt":"2018-04-03T08:37:23","guid":{"rendered":"https:\/\/www.katozakros-beachfront.com\/home\/"},"modified":"2021-04-24T09:40:01","modified_gmt":"2021-04-24T06:40:01","slug":"home","status":"publish","type":"page","link":"https:\/\/www.katozakros-beachfront.com\/de\/","title":{"rendered":"Startseite"},"content":{"rendered":"<div class=\"wpb-content-wrapper\"><p>[vc_row css_animation=&#8220;&#8220; row_type=&#8220;row&#8220; use_row_as_full_screen_section=&#8220;no&#8220; type=&#8220;grid&#8220; angled_section=&#8220;no&#8220; text_align=&#8220;center&#8220; background_image_as_pattern=&#8220;without_pattern&#8220; z_index=&#8220;&#8220; css=&#8220;.vc_custom_1618518750780{padding-top: 20px !important;background-color: #f9fbf7 !important;}&#8220;][vc_column][vc_empty_space height=&#8220;40px&#8220;][vc_column_text]<\/p>\n<h1 style=\"text-align: center;\">Kato Zakros<\/h1>\n<p>[\/vc_column_text][vc_column_text]<\/p>\n<p style=\"text-align: center;\">Apartments und Zimmer mit Meerblick<\/p>\n<p>[\/vc_column_text][vc_empty_space height=&#8220;2px&#8220;][\/vc_column][\/vc_row][vc_row css_animation=&#8220;&#8220; row_type=&#8220;row&#8220; use_row_as_full_screen_section=&#8220;no&#8220; type=&#8220;grid&#8220; angled_section=&#8220;no&#8220; text_align=&#8220;left&#8220; background_image_as_pattern=&#8220;without_pattern&#8220; z_index=&#8220;&#8220; css=&#8220;.vc_custom_1618482010114{padding-top: 10px !important;padding-bottom: 10px !important;background-color: #ffffff !important;}&#8220;][vc_column width=&#8220;1\/3&#8243;][vc_single_image image=&#8220;252&#8243; img_size=&#8220;large&#8220; alignment=&#8220;center&#8220; style=&#8220;vc_box_outline&#8220; onclick=&#8220;custom_link&#8220; qode_css_animation=&#8220;element_from_fade&#8220; qode_hover_animation=&#8220;darken&#8220; title=&#8220;Coral Rooms&#8220; link=&#8220;\/beachfront\/&#8220;][vc_column_text]Die <strong>Coral Rooms<\/strong> befinden sich direkt am Ende des Strandes von Kato Zakros und verf\u00fcgen \u00fcber eine spektakul\u00e4re Aussicht aus das &#8218;gro\u00dfe Hellblau&#8217;&#8230;[\/vc_column_text]<a  itemprop=\"url\" href=\"\/de\/coral-rooms\/\" target=\"_self\" data-hover-background-color='#c6d6ff' data-hover-color='#519fff' class=\"qbutton  large center white enlarge  qode-button-shadow\" style=\"color: #f5ff9b; margin: 3px 3px 3px 3px; border-radius: 4px;-moz-border-radius: 4px;-webkit-border-radius: 4px; background-color: #1e73be;\">Weiterlesen<i class=\"qode_icon_font_awesome fa fa-arrow-right qode_button_icon_element\" style=\"color: #fff0b7;\" ><\/i><\/a>[\/vc_column][vc_column width=&#8220;1\/3&#8243;][vc_single_image image=&#8220;269&#8243; img_size=&#8220;large&#8220; alignment=&#8220;center&#8220; style=&#8220;vc_box_outline&#8220; onclick=&#8220;custom_link&#8220; qode_css_animation=&#8220;element_from_fade&#8220; qode_hover_animation=&#8220;darken&#8220; title=&#8220;Alkioni Apartments&#8220; link=&#8220;\/beachfront\/&#8220;][vc_column_text]Die <strong>Alkioni Apartments<\/strong> befinden sich in Kato Zakros, mit Blick aufs Meer. Die zwei Apartments k\u00f6nnen bis zu 4 Personen aufnehmen.[\/vc_column_text]<a  itemprop=\"url\" href=\"\/de\/alkioni-apartments\/\" target=\"_self\" data-hover-background-color='#c6d6ff' data-hover-color='#519fff' class=\"qbutton  large center white enlarge  qode-button-shadow\" style=\"color: #f5ff9b; margin: 3px 3px 3px 3px; border-radius: 4px;-moz-border-radius: 4px;-webkit-border-radius: 4px; background-color: #1e73be;\">Weiterlesen<i class=\"qode_icon_font_awesome fa fa-arrow-right qode_button_icon_element\" style=\"color: #fff0b7;\" ><\/i><\/a>[\/vc_column][vc_column width=&#8220;1\/3&#8243;][vc_single_image image=&#8220;270&#8243; img_size=&#8220;large&#8220; alignment=&#8220;center&#8220; style=&#8220;vc_box_outline&#8220; onclick=&#8220;custom_link&#8220; qode_css_animation=&#8220;element_from_fade&#8220; qode_hover_animation=&#8220;darken&#8220; title=&#8220;Beachfront apartment&#8220; link=&#8220;\/beachfront\/&#8220;][vc_column_text]Das <strong>\u201cBeach Front\u201d Apartment<\/strong> in Kato Zakros ist nur ein paar Meter vom Strand entfernt. Und kann bis zu 2 Personen beherbergen.[\/vc_column_text]<a  itemprop=\"url\" href=\"\/de\/beachfront-apartment\/\" target=\"_self\" data-hover-background-color='#c6d6ff' data-hover-color='#519fff' class=\"qbutton  large center white enlarge  qode-button-shadow\" style=\"color: #f5ff9b; margin: 3px 3px 3px 3px; border-radius: 4px;-moz-border-radius: 4px;-webkit-border-radius: 4px; background-color: #1e73be;\">Weiterlesen<i class=\"qode_icon_font_awesome fa fa-arrow-right qode_button_icon_element\" style=\"color: #fff0b7;\" ><\/i><\/a>[\/vc_column][\/vc_row][vc_row css_animation=&#8220;&#8220; row_type=&#8220;row&#8220; use_row_as_full_screen_section=&#8220;no&#8220; type=&#8220;grid&#8220; angled_section=&#8220;no&#8220; text_align=&#8220;left&#8220; background_image_as_pattern=&#8220;without_pattern&#8220; z_index=&#8220;&#8220; css=&#8220;.vc_custom_1618482540962{margin-top: 40px !important;padding-top: 10px !important;padding-bottom: 10px !important;background-color: #ffffff !important;}&#8220;][vc_column width=&#8220;1\/3&#8243;][vc_single_image image=&#8220;271&#8243; img_size=&#8220;large&#8220; alignment=&#8220;center&#8220; style=&#8220;vc_box_outline&#8220; onclick=&#8220;custom_link&#8220; qode_css_animation=&#8220;element_from_fade&#8220; qode_hover_animation=&#8220;darken&#8220; title=&#8220;Dimitra apartments (Zakros)&#8220; link=&#8220;\/beachfront\/&#8220;][vc_column_text]<strong>Dimitra apartments<\/strong>: Im sch\u00f6nen und historischen Virtel von Zakros stehen 2 wundervolle Apartments f\u00fcr 4-5 Personen zur Verf\u00fcgung, ungef\u00e4hr 800 Meter vom Ortskern entfernt.[\/vc_column_text]<a  itemprop=\"url\" href=\"\/de\/dimitra-apartments\/\" target=\"_self\" data-hover-background-color='#c6d6ff' data-hover-color='#519fff' class=\"qbutton  large center white enlarge  qode-button-shadow\" style=\"color: #f5ff9b; margin: 3px 3px 3px 3px; border-radius: 4px;-moz-border-radius: 4px;-webkit-border-radius: 4px; background-color: #1e73be;\">Weiterlesen<i class=\"qode_icon_font_awesome fa fa-arrow-right qode_button_icon_element\" style=\"color: #fff0b7;\" ><\/i><\/a>[\/vc_column][vc_column width=&#8220;1\/3&#8243;][vc_single_image image=&#8220;272&#8243; img_size=&#8220;large&#8220; alignment=&#8220;center&#8220; style=&#8220;vc_box_outline&#8220; onclick=&#8220;custom_link&#8220; qode_css_animation=&#8220;element_from_fade&#8220; qode_hover_animation=&#8220;darken&#8220; title=&#8220;Tania Maizonette (Zakros)&#8220; link=&#8220;\/beachfront\/&#8220;][vc_column_text]Das <strong>Tania Maisonette<\/strong>, f\u00fcr 2 Personen, befindet sich im Zentrum des urigen \u00d6rtchens Zakros.[\/vc_column_text]<a  itemprop=\"url\" href=\"\/de\/tania-maisonette\/\" target=\"_self\" data-hover-background-color='#c6d6ff' data-hover-color='#519fff' class=\"qbutton  large center white enlarge  qode-button-shadow\" style=\"color: #f5ff9b; margin: 3px 3px 3px 3px; border-radius: 4px;-moz-border-radius: 4px;-webkit-border-radius: 4px; background-color: #1e73be;\">Weiterlesen<i class=\"qode_icon_font_awesome fa fa-arrow-right qode_button_icon_element\" style=\"color: #fff0b7;\" ><\/i><\/a>[\/vc_column][vc_column width=&#8220;1\/3&#8243;][vc_single_image image=&#8220;275&#8243; img_size=&#8220;large&#8220; alignment=&#8220;center&#8220; style=&#8220;vc_box_outline&#8220; onclick=&#8220;custom_link&#8220; qode_css_animation=&#8220;element_from_fade&#8220; qode_hover_animation=&#8220;darken&#8220; title=&#8220;Akrogiali Taverna&#8220; link=&#8220;\/beachfront\/&#8220;][vc_column_text]Die <strong>AKROGIALI Taverne<\/strong>, die ihrem Namen gerecht wird, ist nur 5 Meter vom Strand entfernt. Es ist die \u00e4lteste Taverne in der Region von Kato Zakros. Das Geb\u00e4ude wurde 1898 erbaut und trug den namen \u201cMaria\u201d.[\/vc_column_text]<a  itemprop=\"url\" href=\"\/de\/akrogiali-taverna\/\" target=\"_self\" data-hover-background-color='#c6d6ff' data-hover-color='#519fff' class=\"qbutton  large center white enlarge  qode-button-shadow\" style=\"color: #f5ff9b; margin: 3px 3px 3px 3px; border-radius: 4px;-moz-border-radius: 4px;-webkit-border-radius: 4px; background-color: #1e73be;\">Weiterlesen<i class=\"qode_icon_font_awesome fa fa-arrow-right qode_button_icon_element\" style=\"color: #fff0b7;\" ><\/i><\/a>[\/vc_column][\/vc_row][vc_row css_animation=&#8220;element_from_fade&#8220; row_type=&#8220;row&#8220; use_row_as_full_screen_section=&#8220;no&#8220; type=&#8220;grid&#8220; angled_section=&#8220;no&#8220; text_align=&#8220;left&#8220; background_image_as_pattern=&#8220;without_pattern&#8220; z_index=&#8220;&#8220; css=&#8220;.vc_custom_1618551908016{margin-top: 40px !important;background-image: url(https:\/\/www.katozakros-beachfront.com\/wp-content\/uploads\/2021\/04\/slider-katozakros.jpg?id=263) !important;}&#8220;][vc_column][qode_elements_holder number_of_columns=&#8220;one_column&#8220;][qode_elements_holder_item advanced_animations=&#8220;no&#8220; item_padding=&#8220;150px 156px 150px 156px&#8220; item_padding_600_768=&#8220;150px 35px 150px 35px&#8220; item_padding_480_600=&#8220;0px 5px 0px 5px&#8220; item_padding_480=&#8220;50px 5px 50px 5px&#8220;][vc_column_text]<\/p>\n<h1 style=\"text-align: center;\">Kato Zakros<\/h1>\n<p>[\/vc_column_text][vc_separator css_animation=&#8220;fadeIn&#8220; type=&#8220;normal&#8220; color=&#8220;#0166bf&#8220; thickness=&#8220;3&#8243; up=&#8220;20&#8243; down=&#8220;50&#8243;][vc_column_text]<\/p>\n<h2><span style=\"color: #000000;\"><strong>Die ruhige und magische Landschaft von Kato Zakros ist jede Reise wert, besonders wenn man sich nicht als Tourist f\u00fchlen m\u00f6chte. Die Sonne scheint das ganze Jahr \u00fcber und die einsamen Str\u00e4nde sind sp\u00e4rlich besucht. Diese touristenfreie Atmosph\u00e4re erm\u00f6glicht es einem sich der Kultur und den Einheimischen zu n\u00e4hern, wo es andernorts schon lange nicht mehr m\u00f6glich ist. Ein Bad im kristallklaren Wasser und eine noch urt\u00fcmliche Bev\u00f6lkerung erwartet sie hier bei uns auf Kreta.<\/strong><\/span><\/h2>\n<p>[\/vc_column_text][vc_empty_space]<a  itemprop=\"url\" href=\"\/de\/sehenswuerdigkeiten\/\" target=\"_self\" data-hover-background-color='#5db0ef' data-hover-color='#6d97bf' class=\"qbutton  large center white enlarge  qode-button-shadow\" style=\"color: #1e73be; font-size: 24px; margin: 10px 30px 10px 30px; border-radius: 4px;-moz-border-radius: 4px;-webkit-border-radius: 4px; background-color: #bacdff;\">Sights<i class=\"qode_icon_font_awesome fa fa-arrow-circle-right qode_button_icon_element\" style=\"\" ><\/i><\/a>[\/qode_elements_holder_item][\/qode_elements_holder][\/vc_column][\/vc_row][vc_row css_animation=&#8220;&#8220; row_type=&#8220;row&#8220; use_row_as_full_screen_section=&#8220;no&#8220; type=&#8220;full_width&#8220; angled_section=&#8220;no&#8220; text_align=&#8220;left&#8220; background_image_as_pattern=&#8220;without_pattern&#8220;][vc_column]<div class=\"call_to_action normal\" style=\"background-color: #d8f2ff;padding-top: 70px;padding-bottom: 70px;\"><div class=\"container_inner\"><div class=\"two_columns_75_25 clearfix\"><div class=\"text_wrapper column1\"><div class=\"call_to_action_text  font_size_inherit font_weight_inherit\" style=\"font-size:42px;font-weight: 700;\"><span style=\"color: #3366ff;\">Buchungen &#8211; Anfragen<\/span><\/div><\/div><div class=\"button_wrapper column2\"><a itemprop=\"url\" href=\"\/contact\/\" class=\"qbutton white large\" target=\"_self\" style=\"color: #ddf6ff;border-color: #0022ce;background-color: #1e73be;\" data-hover-background-color=#91cfff data-hover-color=#2451e5>Contact<\/a><\/div><\/div><\/div><\/div>[\/vc_column][\/vc_row][vc_row css_animation=&#8220;&#8220; row_type=&#8220;row&#8220; use_row_as_full_screen_section=&#8220;no&#8220; type=&#8220;full_width&#8220; angled_section=&#8220;no&#8220; text_align=&#8220;left&#8220; background_image_as_pattern=&#8220;without_pattern&#8220;][vc_column][vc_gmaps link=&#8220;#E-8_JTNDaWZyYW1lJTIwc3JjJTNEJTIyaHR0cHMlM0ElMkYlMkZ3d3cuZ29vZ2xlLmNvbSUyRm1hcHMlMkZkJTJGZW1iZWQlM0ZtaWQlM0QxclBGcUJwMnZWSmdXYkFmSmNOQzVaeDFGS3FlOWROVjIlMjZobCUzRGVuJTIyJTIwd2lkdGglM0QlMjIxMDAlMjUlMjIlMjBoZWlnaHQlM0QlMjI0ODAlMjIlMjBmcmFtZWJvcmRlciUzRCUyMjAlMjIlMjBzdHlsZSUzRCUyMmJvcmRlciUzQTAlMjIlMjBtYXJnaW5oZWlnaHQlM0QlMjIwJTIyJTIwbWFyZ2lud2lkdGglM0QlMjIwJTIyJTIwJTNFJTNDJTJGaWZyYW1lJTNF&#8220; css_animation=&#8220;fadeIn&#8220;][\/vc_column][\/vc_row]<\/p>\n<\/div>","protected":false},"excerpt":{"rendered":"<p>[vc_row css_animation=&#8220;&#8220; row_type=&#8220;row&#8220; use_row_as_full_screen_section=&#8220;no&#8220; type=&#8220;grid&#8220; angled_section=&#8220;no&#8220; text_align=&#8220;center&#8220; background_image_as_pattern=&#8220;without_pattern&#8220; z_index=&#8220;&#8220; css=&#8220;.vc_custom_1618518750780{padding-top: 20px !important;background-color: #f9fbf7 !important;}&#8220;][vc_column][vc_empty_space height=&#8220;40px&#8220;][vc_column_text] Kato Zakros [\/vc_column_text][vc_column_text] Apartments und Zimmer mit Meerblick [\/vc_column_text][vc_empty_space height=&#8220;2px&#8220;][\/vc_column][\/vc_row][vc_row css_animation=&#8220;&#8220; row_type=&#8220;row&#8220; use_row_as_full_screen_section=&#8220;no&#8220; type=&#8220;grid&#8220; angled_section=&#8220;no&#8220; text_align=&#8220;left&#8220; background_image_as_pattern=&#8220;without_pattern&#8220; z_index=&#8220;&#8220; css=&#8220;.vc_custom_1618482010114{padding-top: 10px !important;padding-bottom: 10px !important;background-color: #ffffff !important;}&#8220;][vc_column width=&#8220;1\/3&#8243;][vc_single_image image=&#8220;252&#8243; img_size=&#8220;large&#8220; alignment=&#8220;center&#8220; style=&#8220;vc_box_outline&#8220;&#8230;<\/p>\n","protected":false},"author":1,"featured_media":0,"parent":0,"menu_order":0,"comment_status":"closed","ping_status":"closed","template":"full_width.php","meta":{"footnotes":""},"class_list":["post-551","page","type-page","status-publish","hentry"],"_links":{"self":[{"href":"https:\/\/www.katozakros-beachfront.com\/de\/wp-json\/wp\/v2\/pages\/551","targetHints":{"allow":["GET"]}}],"collection":[{"href":"https:\/\/www.katozakros-beachfront.com\/de\/wp-json\/wp\/v2\/pages"}],"about":[{"href":"https:\/\/www.katozakros-beachfront.com\/de\/wp-json\/wp\/v2\/types\/page"}],"author":[{"embeddable":true,"href":"https:\/\/www.katozakros-beachfront.com\/de\/wp-json\/wp\/v2\/users\/1"}],"replies":[{"embeddable":true,"href":"https:\/\/www.katozakros-beachfront.com\/de\/wp-json\/wp\/v2\/comments?post=551"}],"version-history":[{"count":3,"href":"https:\/\/www.katozakros-beachfront.com\/de\/wp-json\/wp\/v2\/pages\/551\/revisions"}],"predecessor-version":[{"id":1224,"href":"https:\/\/www.katozakros-beachfront.com\/de\/wp-json\/wp\/v2\/pages\/551\/revisions\/1224"}],"wp:attachment":[{"href":"https:\/\/www.katozakros-beachfront.com\/de\/wp-json\/wp\/v2\/media?parent=551"}],"curies":[{"name":"wp","href":"https:\/\/api.w.org\/{rel}","templated":true}]}}