{"id":1222,"date":"2021-04-24T09:08:58","date_gmt":"2021-04-24T06:08:58","guid":{"rendered":"https:\/\/www.katozakros-beachfront.com\/?page_id=1222"},"modified":"2021-04-24T09:08:58","modified_gmt":"2021-04-24T06:08:58","slug":"sehenswuerdigkeiten","status":"publish","type":"page","link":"https:\/\/www.katozakros-beachfront.com\/de\/sehenswuerdigkeiten\/","title":{"rendered":"Lage"},"content":{"rendered":"<div class=\"wpb-content-wrapper\"><p>[vc_row css_animation=&#8220;&#8220; row_type=&#8220;row&#8220; use_row_as_full_screen_section=&#8220;no&#8220; type=&#8220;full_width&#8220; angled_section=&#8220;no&#8220; text_align=&#8220;left&#8220; background_image_as_pattern=&#8220;without_pattern&#8220; background_color=&#8220;#d8e1ff&#8220; padding_top=&#8220;50&#8243; padding_bottom=&#8220;50&#8243; css=&#8220;.vc_custom_1510751633506{padding-left: 10px !important;}&#8220;][vc_column width=&#8220;1\/2&#8243;]<div class=\"custom_font_holder\" style=\" font-size: 28px; line-height: 26px; font-style: normal; font-weight: 600; color: #1e73be; text-decoration: none; text-shadow: 1px 1px 2px rgba(0, 0, 0, 0.4); text-align: left;\">\n<h2 style=\"text-align: center;\">Minoischer Palast in Kato Zakros<\/h2>\n<\/div>[vc_empty_space][vc_single_image image=&#8220;506&#8243; img_size=&#8220;full&#8220; style=&#8220;vc_box_shadow_3d&#8220; onclick=&#8220;link_image&#8220; qode_css_animation=&#8220;element_from_fade&#8220;][\/vc_column][vc_column width=&#8220;1\/2&#8243;][vc_column_text css=&#8220;.vc_custom_1619243777690{padding-right: 10px !important;padding-left: 10px !important;}&#8220;]Der vierte minoische Palast auf Kreta und der einzige der nicht ausgepl\u00fcndert wurde wurde ca. 1600 v. Chr. erbaut. Er verf\u00fcgte \u00fcber 180 apartments und bedeckte eine Fl\u00e4che von 8000m\u00b2.<\/p>\n<p>&nbsp;<\/p>\n<p>Er ist etwas kleiner als die anderen minoischen Pal\u00e4ste, aber er hat eine identische Anordnung der R\u00e4ume wie in Knossos oder Phaistos. Durch den Innenhof, hat das Geb\u00e4ude einen \u201clabyrinth-\u00e4hnlichen\u201d Look, mit drei Eing\u00e4ngen im Westen, mit einem Altar am Haupteingang. In der Westseite des Palastes befanden sich die R\u00e4umlichkeiten f\u00fcr W\u00fcrdentr\u00e4ger, w\u00e4hrend sich auf der westlichen Seite ein Bankettsaal mit Dachfenster befindet.<\/p>\n<p>&nbsp;<\/p>\n<p>Ebenfalls im westlichen Bereich befinden sich mehrere Basins, die wahrscheinlich f\u00fcr rituelle B\u00e4der gebraucht wurden. An der Ost- und S\u00fcdseite befanden sich Werkst\u00e4tten und Manufakturen, jeweils mit einem Apartment-bereich.<\/p>\n<p>&nbsp;<\/p>\n<p>Der Ort des Palastes war so gew\u00e4hlt, dass Handel mit dem entfernten Osten \u00fcber das Meer, sowie mit dem Inselinneren und den anderen Pal\u00e4sten m\u00f6glich war.[\/vc_column_text][\/vc_column][\/vc_row][vc_row css_animation=&#8220;&#8220; row_type=&#8220;row&#8220; use_row_as_full_screen_section=&#8220;no&#8220; type=&#8220;full_width&#8220; angled_section=&#8220;no&#8220; text_align=&#8220;left&#8220; background_image_as_pattern=&#8220;without_pattern&#8220; padding_top=&#8220;50&#8243; padding_bottom=&#8220;50&#8243; css=&#8220;.vc_custom_1510752176674{padding-left: 10px !important;}&#8220;][vc_column width=&#8220;1\/2&#8243;][vc_column_text css=&#8220;.vc_custom_1619243917000{padding-right: 10px !important;padding-left: 10px !important;}&#8220;]Die <strong>Schlucht des Todes<\/strong> ist eine der interessantesten Schluchten von Kreta und befindet sich am Ende des europ\u00e4ischen Wanderweges E4. Sie erstreckt sich zwischen dem Dorf Pano Zakros bis hinunter zum Strand von <strong>Kato Zakros<\/strong>.<\/p>\n<p>&nbsp;<\/p>\n<p>Der Name ist den vielen minoischen Gr\u00e4bern zu verdanken, die in kleinen H\u00f6hlen an den Klippen der Schlucht gefunden wurden. Diese k\u00f6nnen bei einem Ausflug besichtigt werden. Die verschiedenen geologischen Verformungen der Umgebung liefern ein spektakul\u00e4res Bild f\u00fcr den Besucher. Das paradisische Tal beherbergt viele und Pflanzen und Tiere und ist voller Leben. Auf einer alten Inschrift ist \u00fcberliefert, dass die Minoer glaubten, sie w\u00fcrden nach dem Tod in eben diesem Tal weiterleben.<\/p>\n<p>&nbsp;<\/p>\n<p>Die Schlucht kann im Winter und im Sommer durchwandert werden. Am Ende der Schlucht, kurz vor dem Tal von Kato Zakros wurden einige Kletterbereiche erschlossen, f\u00fcr alle Sportliebhaber.[\/vc_column_text][\/vc_column][vc_column width=&#8220;1\/2&#8243;]<div class=\"custom_font_holder\" style=\" font-size: 28px; line-height: 26px; font-style: normal; font-weight: 600; color: #1e73be; text-decoration: none; text-shadow: 1px 1px 2px rgba(0, 0, 0, 0.4); text-align: left;\">\n<h2 style=\"text-align: center;\">Die schlucht des Todes<\/h2>\n<\/div>[vc_empty_space][vc_single_image image=&#8220;511&#8243; img_size=&#8220;full&#8220; style=&#8220;vc_box_shadow_3d&#8220; onclick=&#8220;link_image&#8220; qode_css_animation=&#8220;element_from_fade&#8220;][\/vc_column][\/vc_row][vc_row css_animation=&#8220;&#8220; row_type=&#8220;row&#8220; use_row_as_full_screen_section=&#8220;no&#8220; type=&#8220;full_width&#8220; angled_section=&#8220;no&#8220; text_align=&#8220;left&#8220; background_image_as_pattern=&#8220;without_pattern&#8220; background_color=&#8220;#d8e1ff&#8220; padding_top=&#8220;50&#8243; padding_bottom=&#8220;50&#8243; css=&#8220;.vc_custom_1510752300720{padding-left: 10px !important;}&#8220;][vc_column width=&#8220;1\/2&#8243;]<div class=\"custom_font_holder\" style=\" font-size: 28px; line-height: 26px; font-style: normal; font-weight: 600; color: #1e73be; text-decoration: none; text-shadow: 1px 1px 2px rgba(0, 0, 0, 0.4); text-align: left;\">\n<h2 style=\"text-align: center;\">Pelekita H\u00f6hle<\/h2>\n<\/div>[vc_empty_space][vc_single_image image=&#8220;515&#8243; img_size=&#8220;full&#8220; style=&#8220;vc_box_shadow_3d&#8220; onclick=&#8220;link_image&#8220; qode_css_animation=&#8220;element_from_fade&#8220;][\/vc_column][vc_column width=&#8220;1\/2&#8243;][vc_empty_space][vc_column_text css=&#8220;.vc_custom_1619243997337{padding-right: 10px !important;padding-left: 10px !important;}&#8220;]Eine spezielle Erw\u00e4hnung verdient die \u201c<strong>PELEKITA<\/strong>\u201d &#8211; <strong>H\u00f6hle<\/strong>, eine von Kretas gr\u00f6\u00dften H\u00f6hlen. Sie ist ca. 5Km von <strong>Kato Zakros<\/strong> entfernt und l\u00e4sst sich zu fu\u00df oder mit einem kleinen Boot erreichen.<\/p>\n<p>&nbsp;<\/p>\n<p>Sie ist 310m lang und an ihrem Ende befindet sich ein kleiner See, and dem auch arch\u00e4ologische Ausgrabungen stattgefunden haben, bei denen menschliche Skelette aus neolithischer Zeit gefunden wurden. Direkt neben der H\u00f6hle befindet sich ein antiker Kalkstein-Steinbruch, von dem die H\u00f6hle auch ihren Namen hat.<\/p>\n<p>&nbsp;<\/p>\n<p>Die Innenhof-Mauern des minoischen Palastes von Zakros wurden aus Steinbl\u00f6cken aus diesem Sandstein gebaut.[\/vc_column_text][\/vc_column][\/vc_row][vc_row css_animation=&#8220;&#8220; row_type=&#8220;row&#8220; use_row_as_full_screen_section=&#8220;no&#8220; type=&#8220;full_width&#8220; angled_section=&#8220;no&#8220; text_align=&#8220;left&#8220; background_image_as_pattern=&#8220;without_pattern&#8220; padding_top=&#8220;50&#8243; padding_bottom=&#8220;50&#8243; css=&#8220;.vc_custom_1510752176674{padding-left: 10px !important;}&#8220;][vc_column width=&#8220;1\/2&#8243;][vc_empty_space][vc_column_text css=&#8220;.vc_custom_1619244059976{padding-right: 10px !important;padding-left: 10px !important;}&#8220;]Eine kleine, leicht zu erreichende Schlucht, die ihren Anfang im Ort Hohlakies hat und am wundersch\u00f6nen Strand von Karoumes endet. Die Wanderung durch das trockene Flussbett der Schlucht dauert ungef\u00e4hr 2 Stunden, sowie weitere 2 Stunden f\u00fcr den R\u00fcckweg.<\/p>\n<p>&nbsp;<\/p>\n<p>Im Fr\u00fchling muss man sich daruaf gefasst machen \u00fcber einige Felsen zu Klettern, weil das Wasser aus dem Winter noch den einen oder anderen T\u00fcmpel hinterlassen hat. Am Ende der Schlucht befindet sich der wundersch\u00f6ne und einsame Strand von Karoumes, mit vielen B\u00e4umen, die Schatten spenden. Hier ist der Endpunkt des europ\u00e4ischen Langstrecken-Wanderweges E4.[\/vc_column_text][\/vc_column][vc_column width=&#8220;1\/2&#8243;]<div class=\"custom_font_holder\" style=\" font-size: 28px; line-height: 26px; font-style: normal; font-weight: 600; color: #1e73be; text-decoration: none; text-shadow: 1px 1px 2px rgba(0, 0, 0, 0.4); text-align: left;\">\n<h2 style=\"text-align: center;\">Chochlakies Schlucht<\/h2>\n<\/div>[vc_empty_space][vc_single_image image=&#8220;516&#8243; img_size=&#8220;full&#8220; style=&#8220;vc_box_shadow_3d&#8220; onclick=&#8220;link_image&#8220; qode_css_animation=&#8220;element_from_fade&#8220;][\/vc_column][\/vc_row][vc_row css_animation=&#8220;&#8220; row_type=&#8220;row&#8220; use_row_as_full_screen_section=&#8220;no&#8220; type=&#8220;full_width&#8220; angled_section=&#8220;no&#8220; text_align=&#8220;left&#8220; background_image_as_pattern=&#8220;without_pattern&#8220; background_color=&#8220;#d8e1ff&#8220; padding_top=&#8220;50&#8243; padding_bottom=&#8220;50&#8243; css=&#8220;.vc_custom_1510752300720{padding-left: 10px !important;}&#8220;][vc_column width=&#8220;1\/2&#8243;]<div class=\"custom_font_holder\" style=\" font-size: 28px; line-height: 26px; font-style: normal; font-weight: 600; color: #1e73be; text-decoration: none; text-shadow: 1px 1px 2px rgba(0, 0, 0, 0.4); text-align: left;\">\n<h2 style=\"text-align: center;\">Palm Beach Vai und Palmen-Wald<\/h2>\n<\/div>[vc_empty_space][vc_single_image image=&#8220;516&#8243; img_size=&#8220;full&#8220; style=&#8220;vc_box_shadow_3d&#8220; onclick=&#8220;link_image&#8220; qode_css_animation=&#8220;element_from_fade&#8220;][\/vc_column][vc_column width=&#8220;1\/2&#8243;][vc_empty_space][vc_column_text css=&#8220;.vc_custom_1619244151425{padding-right: 10px !important;padding-left: 10px !important;}&#8220;]Dieser <strong>Palmenwald<\/strong> ist einzigartig in Europa und befindet sich nahe dem kristallklaren Meer, an der n\u00f6rdlichen Ecke der Provinz \u201cCape Sidero\u201d und einer der sch\u00f6nsten Pl\u00e4tze auf der ganzen Insel.<\/p>\n<p>&nbsp;<\/p>\n<p>Die Palmen sind hier heimisch und erstrecken sich den Berghang und die ganze untere Schlucht entlang bis herunter zum Meer. Abgesehen von ihrer \u00c4sthetik haben sie auch einen gro\u00dfen umwelt-technischen Nutzen.<\/p>\n<p>&nbsp;<\/p>\n<p>Die \u00dcbergangszone zwischen dem Palmenwald und dem Strand ist ein nat\u00fcrliches Biotop f\u00fcr viele Vogelarten und andere seltene Tierarten, die hier heimisch sind. Auch das Meer ist hier reich an Leben.[\/vc_column_text][\/vc_column][\/vc_row][vc_row css_animation=&#8220;&#8220; row_type=&#8220;row&#8220; use_row_as_full_screen_section=&#8220;no&#8220; type=&#8220;full_width&#8220; angled_section=&#8220;no&#8220; text_align=&#8220;left&#8220; background_image_as_pattern=&#8220;without_pattern&#8220; padding_top=&#8220;50&#8243; padding_bottom=&#8220;50&#8243; css=&#8220;.vc_custom_1510752176674{padding-left: 10px !important;}&#8220;][vc_column width=&#8220;1\/2&#8243;][vc_empty_space][vc_column_text css=&#8220;.vc_custom_1619244220968{padding-right: 10px !important;padding-left: 10px !important;}&#8220;]Eines der bedeutensten <strong>Kloster<\/strong> auf Kreta, das in der Mitte des 15. Jahrhunderts auf den Ruinen eines noch \u00e4lteren Klosters errichtet wurde. 1530 wurde das Kloster von den Rittern von Malta gepl\u00fcndert und 1612 von einem schweren Erdbeben zerst\u00f6rt.<\/p>\n<p>&nbsp;<\/p>\n<p>Aufgrund seiner strategisch wichtigen Position hatten die Venezianer, damals die Herrscher von Kreta, einen Wiederaufbau finanziert. Das Kloster wuchs, bis zu seiner Aufgabe im Jahr 1646, als die T\u00fcrken Ostkreta belagert hatten. Im Jahre 1704 wurden dem Kloster vom herrschenden Patriarchen unter Schutz gestellt und wurde wieder bewohnt.<\/p>\n<p>&nbsp;<\/p>\n<p>Als die M\u00f6nche 1821 von den T\u00fcrken w\u00e4hrend der griechischen Befreiungs-Revolution abgeschlachtet wurden, war das Kloster bis 1828 wieder verlassen und w\u00fcst. 1866, bei einer weiteren Revolte der Kreter gegen die t\u00fcrkischen Besatzer wurde das Kloser erneut teilweise zerst\u00f6rt.<\/p>\n<p>&nbsp;<\/p>\n<p>W\u00e4hrend der deutschen Besatzungszeit 1941-44 hat das Toplou Kloster die K\u00e4mpfer des Widerstands versteckt und besch\u00fctzt, wo sie einen kabellosen Radio-sender versteckt hatten. Als die Deutschen es entdeckten wurde der Abt und zwei M\u00f6nche gefoltert und schlie\u00dflich exekutiert.[\/vc_column_text][\/vc_column][vc_column width=&#8220;1\/2&#8243;]<div class=\"custom_font_holder\" style=\" font-size: 28px; line-height: 26px; font-style: normal; font-weight: 600; color: #1e73be; text-decoration: none; text-shadow: 1px 1px 2px rgba(0, 0, 0, 0.4); text-align: left;\">\n<h2 style=\"text-align: center;\">Toplou Kloster<\/h2>\n<\/div>[vc_empty_space][vc_single_image image=&#8220;521&#8243; img_size=&#8220;full&#8220; style=&#8220;vc_box_shadow_3d&#8220; onclick=&#8220;link_image&#8220; qode_css_animation=&#8220;element_from_fade&#8220;][\/vc_column][\/vc_row][vc_row css_animation=&#8220;&#8220; row_type=&#8220;row&#8220; use_row_as_full_screen_section=&#8220;no&#8220; type=&#8220;full_width&#8220; angled_section=&#8220;no&#8220; text_align=&#8220;left&#8220; background_image_as_pattern=&#8220;without_pattern&#8220; background_color=&#8220;#d8e1ff&#8220; padding_top=&#8220;50&#8243; padding_bottom=&#8220;50&#8243; css=&#8220;.vc_custom_1510752300720{padding-left: 10px !important;}&#8220;][vc_column width=&#8220;1\/2&#8243;]<div class=\"custom_font_holder\" style=\" font-size: 28px; line-height: 26px; font-style: normal; font-weight: 600; color: #1e73be; text-decoration: none; text-shadow: 1px 1px 2px rgba(0, 0, 0, 0.4); text-align: left;\">\n<h2 style=\"text-align: center;\">Historisches Itanos oder Ermoupolis<\/h2>\n<\/div>[vc_empty_space][vc_single_image image=&#8220;522&#8243; img_size=&#8220;full&#8220; style=&#8220;vc_box_shadow_3d&#8220; onclick=&#8220;link_image&#8220; qode_css_animation=&#8220;element_from_fade&#8220;][\/vc_column][vc_column width=&#8220;1\/2&#8243;][vc_column_text css=&#8220;.vc_custom_1619244318264{padding-right: 10px !important;padding-left: 10px !important;}&#8220;]Das <strong>antike Itanos<\/strong> war eines der st\u00e4rksten St\u00e4dte, speziell in der hellenistischen und r\u00f6mischen Periode. Der Name stammt von seinem Gr\u00fcnder: Itanos, der aus Ph\u00f6nizien stammte. Das Stadtgebiet erstreckte sich zur Zeit seiner gr\u00f6\u00dften Ausdehnung vom Cape Samonio (heutiges Cape Sidero) bis zum Cape Erythrae (heutiges Cape Goudouras).<\/p>\n<p>&nbsp;<\/p>\n<p>Die Wirtschaft der Stadt florierte durch ihren Handel mit Glas, Fischereiprodukten und \u201cPurpur\u201d (eine \u00e4u\u00dferst kostbare blau-violett-rosa schimmernde Farbe, die aus unz\u00e4hligen Muschelschnecken, einer ganz speziellen Art, gewonnen wird). Die Insel Koufonissi , die zu Itanos geh\u00f6rt hatte, war ber\u00fchmt f\u00fcr dieProduktion der seltenen Farbe. In Palekastro befand sich ein Zeus-Tempel, der der Region weitere gro\u00dfe Gewinne bescherte.<\/p>\n<p>&nbsp;<\/p>\n<p>Heute k\u00f6nnen Sie die arch\u00e4ologischen Ausgrabungsstellen besuchen, unter anderem die Ruine eines Turms aus schwarzen Steinen, an der westlichen Akropolis, eine gro\u00dfe christliche Kirche in der \u00f6stlich gelegenen Zitadelle der hellenistischen Siedlung, sowie zwei fr\u00fche christliche Kirchen am Fu\u00dfe des Berges in Richtung Vai, am alten Friedhof au\u00dferhalb am Ortsrand besichtigen.[\/vc_column_text][\/vc_column][\/vc_row][vc_row css_animation=&#8220;&#8220; row_type=&#8220;row&#8220; use_row_as_full_screen_section=&#8220;no&#8220; type=&#8220;full_width&#8220; angled_section=&#8220;no&#8220; text_align=&#8220;left&#8220; background_image_as_pattern=&#8220;without_pattern&#8220; padding_top=&#8220;50&#8243; padding_bottom=&#8220;50&#8243; css=&#8220;.vc_custom_1510752176674{padding-left: 10px !important;}&#8220;][vc_column width=&#8220;1\/2&#8243;][vc_empty_space][vc_column_text css=&#8220;.vc_custom_1619244407974{padding-right: 10px !important;padding-left: 10px !important;}&#8220;]Was heute Palekastro genannt wird, war einst eine minoische Stadt, die im Rousokalos-Gebiet neben dem heutigen Ort Palekastro ausgegraben wurde. Es wurde an einer strategischen Schl\u00fcsselstelle gegr\u00fcndet, an der Ostk\u00fcste Kretas, an dem gesch\u00fctzen nat\u00fcrlichen Hafen von Chiona, ein paar Kilometer n\u00f6rdlich vom minoischen Palast von Kato Zakros.<\/p>\n<p>&nbsp;<\/p>\n<p>Die minoische Zivilisation fand zwischen 1500 und 1400 v.Chr. ein abruptes Ende, als, ausgel\u00f6st durch den Vulkanausbruch mit gigantischer Explosion (Inselabbruch auf Santorin) , der eine Flutwelle ausgel\u00f6st hat, der gleichzeitig f\u00fcr die Vernichtung der Pal\u00e4ste in Knossos (Heraklion) und Malia an der Nordk\u00fcste Kreta verursacht hat, vermutlich verst\u00e4rkt durch ein zeitgleiches Erdbeben. Die Hilflosigkeit wurde sofort von einbrechenden Seev\u00f6lkern ausgenutzt, die die minoische Kultur dann ganz aufl\u00f6sten.<\/p>\n<p>&nbsp;<\/p>\n<p>Die Ruinen wurden teilweise ausgraben und deuten auf eine Siedlung mit gewaltigen Ausma\u00dfen hin. Unter den Olivenhainen der Umgebung befindet sich bestimmt noch so manches Geheimnis aus alter Zeit; keramische Fragmente die immer wieder am Strand angesp\u00fclt werden, deuten ebenfalls darauf hin. Gro\u00dfe Monolithe die den Strand vom Hinterland trennen, zeugen immer noch von dieser gro\u00dfen Kultur.[\/vc_column_text][\/vc_column][vc_column width=&#8220;1\/2&#8243;]<div class=\"custom_font_holder\" style=\" font-size: 28px; line-height: 26px; font-style: normal; font-weight: 600; color: #1e73be; text-decoration: none; text-shadow: 1px 1px 2px rgba(0, 0, 0, 0.4); text-align: left;\">\n<h2 style=\"text-align: center;\">Palekastro &#8211; Elia Minoische Stadt<\/h2>\n<\/div>[vc_empty_space][vc_single_image image=&#8220;524&#8243; img_size=&#8220;full&#8220; style=&#8220;vc_box_shadow_3d&#8220; onclick=&#8220;link_image&#8220; qode_css_animation=&#8220;element_from_fade&#8220;][\/vc_column][\/vc_row][vc_row css_animation=&#8220;&#8220; row_type=&#8220;row&#8220; use_row_as_full_screen_section=&#8220;no&#8220; type=&#8220;full_width&#8220; angled_section=&#8220;no&#8220; text_align=&#8220;left&#8220; background_image_as_pattern=&#8220;without_pattern&#8220; background_color=&#8220;#d8e1ff&#8220; padding_top=&#8220;50&#8243; padding_bottom=&#8220;50&#8243; css=&#8220;.vc_custom_1510752300720{padding-left: 10px !important;}&#8220;][vc_column width=&#8220;1\/2&#8243;]<div class=\"custom_font_holder\" style=\" font-size: 28px; line-height: 26px; font-style: normal; font-weight: 600; color: #1e73be; text-decoration: none; text-shadow: 1px 1px 2px rgba(0, 0, 0, 0.4); text-align: left;\">\n<h2 style=\"text-align: center;\">Xerokambos Strand und Umgebung<\/h2>\n<\/div>[vc_empty_space][vc_single_image image=&#8220;525&#8243; img_size=&#8220;full&#8220; style=&#8220;vc_box_shadow_3d&#8220; onclick=&#8220;link_image&#8220; qode_css_animation=&#8220;element_from_fade&#8220;][\/vc_column][vc_column width=&#8220;1\/2&#8243;][vc_empty_space][vc_column_text css=&#8220;.vc_custom_1619244484441{padding-right: 10px !important;padding-left: 10px !important;}&#8220;]Die Siedlung von <strong>Xerokampos<\/strong> ist eine der verlassenstem und einsamsten Gegenden auf der Insel. Sie ist \u00fcber die asphaltierte Stra\u00dfe von <strong>Zakros<\/strong> aus zu erreichen. Die Landschaft ist sehr trocken und fast unheimlich, mit gro\u00dfen Felsen und steilen Kl\u00fcften und Bergh\u00e4ngen.<\/p>\n<p>&nbsp;<\/p>\n<p>Au\u00dfer ein paar B\u00fcschen und wenigen kleinen Olivenhainen ist die Vegetation \u00e4u\u00dferst karg und w\u00fcsten\u00e4hnlich. Xerokampos ist ideal f\u00fcr erholsame Ferien f\u00fcr Menschen die Ruhe suchen, und eher nichts f\u00fcr \u201cPartyanimals\u201d. Die Berge stehen im direkten Kontrast zum ruhigen Meer und den wundersch\u00f6nen Str\u00e4nden. In einem relativ kleinen Gebiet findet man verschiedene Arten von Str\u00e4nden; Sandsstr\u00e4nde mit feinem Sand, groben Sand, goldenem oder wei\u00dfem Sand, Steinen, etc. pp. , an t\u00fcrkisem flachem Wasser.<\/p>\n<p>&nbsp;<\/p>\n<p>Einer der Str\u00e4nde verf\u00fcgt \u00fcber ein Lehmvorkommen, f\u00fcr Bio-Spa-Liebhaber, ein perfektes Peeling bzw. Schlammbad (und dann im Meer absp\u00fclen).[\/vc_column_text][\/vc_column][\/vc_row]<\/p>\n<\/div>","protected":false},"excerpt":{"rendered":"<p>[vc_row css_animation=&#8220;&#8220; row_type=&#8220;row&#8220; use_row_as_full_screen_section=&#8220;no&#8220; type=&#8220;full_width&#8220; angled_section=&#8220;no&#8220; text_align=&#8220;left&#8220; background_image_as_pattern=&#8220;without_pattern&#8220; background_color=&#8220;#d8e1ff&#8220; padding_top=&#8220;50&#8243; padding_bottom=&#8220;50&#8243; css=&#8220;.vc_custom_1510751633506{padding-left: 10px !important;}&#8220;][vc_column width=&#8220;1\/2&#8243;][vc_empty_space][vc_single_image image=&#8220;506&#8243; img_size=&#8220;full&#8220; style=&#8220;vc_box_shadow_3d&#8220; onclick=&#8220;link_image&#8220; qode_css_animation=&#8220;element_from_fade&#8220;][\/vc_column][vc_column width=&#8220;1\/2&#8243;][vc_column_text css=&#8220;.vc_custom_1619243777690{padding-right: 10px !important;padding-left: 10px !important;}&#8220;]Der vierte minoische Palast auf Kreta und der einzige der nicht ausgepl\u00fcndert wurde wurde ca. 1600 v. Chr. erbaut. Er&#8230;<\/p>\n","protected":false},"author":1,"featured_media":0,"parent":0,"menu_order":0,"comment_status":"closed","ping_status":"open","template":"","meta":{"footnotes":""},"class_list":["post-1222","page","type-page","status-publish","hentry"],"_links":{"self":[{"href":"https:\/\/www.katozakros-beachfront.com\/de\/wp-json\/wp\/v2\/pages\/1222","targetHints":{"allow":["GET"]}}],"collection":[{"href":"https:\/\/www.katozakros-beachfront.com\/de\/wp-json\/wp\/v2\/pages"}],"about":[{"href":"https:\/\/www.katozakros-beachfront.com\/de\/wp-json\/wp\/v2\/types\/page"}],"author":[{"embeddable":true,"href":"https:\/\/www.katozakros-beachfront.com\/de\/wp-json\/wp\/v2\/users\/1"}],"replies":[{"embeddable":true,"href":"https:\/\/www.katozakros-beachfront.com\/de\/wp-json\/wp\/v2\/comments?post=1222"}],"version-history":[{"count":1,"href":"https:\/\/www.katozakros-beachfront.com\/de\/wp-json\/wp\/v2\/pages\/1222\/revisions"}],"predecessor-version":[{"id":1223,"href":"https:\/\/www.katozakros-beachfront.com\/de\/wp-json\/wp\/v2\/pages\/1222\/revisions\/1223"}],"wp:attachment":[{"href":"https:\/\/www.katozakros-beachfront.com\/de\/wp-json\/wp\/v2\/media?parent=1222"}],"curies":[{"name":"wp","href":"https:\/\/api.w.org\/{rel}","templated":true}]}}