{"id":1218,"date":"2021-04-24T08:48:54","date_gmt":"2021-04-24T05:48:54","guid":{"rendered":"https:\/\/www.katozakros-beachfront.com\/?page_id=1218"},"modified":"2021-04-24T08:51:50","modified_gmt":"2021-04-24T05:51:50","slug":"kato-zakros","status":"publish","type":"page","link":"https:\/\/www.katozakros-beachfront.com\/de\/kato-zakros\/","title":{"rendered":"Kato Zakros"},"content":{"rendered":"<div class=\"wpb-content-wrapper\"><p>[vc_row css_animation=&#8220;&#8220; row_type=&#8220;row&#8220; use_row_as_full_screen_section=&#8220;no&#8220; type=&#8220;full_width&#8220; angled_section=&#8220;no&#8220; text_align=&#8220;left&#8220; background_image_as_pattern=&#8220;without_pattern&#8220; padding_top=&#8220;50&#8243; padding_bottom=&#8220;50&#8243; css=&#8220;.vc_custom_1510752176674{padding-left: 10px !important;}&#8220;][vc_column]<div class=\"custom_font_holder\" style=\" font-size: 22px; line-height: 26px; font-style: normal; font-weight: 300; color: #0066bf; text-decoration: none; text-shadow: 1px 1px 2px rgba(0, 0, 0, 0.4); padding: 30px 30px;border: 1px solid #02d8e0;border-width: 1px; text-align: left;\">Die ruhige und magische Landschaft von <strong>Kato Zakros<\/strong> ist jede Reise wert, besonders wenn man sich nicht als Tourist f\u00fchlen m\u00f6chte. Die Sonne scheint das ganze Jahr \u00fcber und die einsamen Str\u00e4nde sind sp\u00e4rlich besucht. Diese touristenfreie Atmosph\u00e4re erm\u00f6glicht es einem sich der Kultur und den Einheimischen zu n\u00e4hern, wo es andernorts schon lange nicht mehr m\u00f6glich ist. Ein Bad im kristallklaren Wasser und eine noch urt\u00fcmliche Bev\u00f6lkerung erwartet sie hier bei uns auf Kreta.<\/div>[\/vc_column][\/vc_row][vc_row css_animation=&#8220;&#8220; row_type=&#8220;row&#8220; use_row_as_full_screen_section=&#8220;no&#8220; type=&#8220;full_width&#8220; angled_section=&#8220;no&#8220; text_align=&#8220;left&#8220; background_image_as_pattern=&#8220;without_pattern&#8220; background_color=&#8220;#d8e1ff&#8220; padding_top=&#8220;50&#8243; padding_bottom=&#8220;50&#8243; css=&#8220;.vc_custom_1510751633506{padding-left: 10px !important;}&#8220;][vc_column width=&#8220;1\/2&#8243;]<div class=\"custom_font_holder\" style=\" font-size: 22px; line-height: 26px; font-style: normal; font-weight: 300; color: #0066bf; text-decoration: none; text-shadow: 1px 1px 2px rgba(0, 0, 0, 0.4);border: 1px solid rgba(2,216,224,0.01);border-width: 0px; text-align: left;\">Einzigartige Sch\u00f6nheit im S\u00fcdosten Kretas<\/div>[vc_empty_space]<div class=\"q_image_with_text_over q_iwto_hover\"><div class=\"shader\" ><\/div><div class=\"shader_hover\" style=\"background-color: rgba(146,197,232,0.31)\"><\/div><img decoding=\"async\" itemprop=\"image\" src=\"https:\/\/www.katozakros-beachfront.com\/wp-content\/uploads\/2021\/04\/zakros-overview.jpg\" alt=\"Kato Zakros - Die Bucht\" \/><div class=\"text\"><table><tr><td><h2 class=\"caption no_icon\" style=\"color: #ffffff;font-size: 40px;\">Kato Zakros - Die Bucht<\/h2><\/td><\/tr><\/table><table><tr><td><div class=\"desc\">Kato Zakros, Ostkreta<\/div><\/td><\/tr><\/table><\/div><\/div>[\/vc_column][vc_column width=&#8220;1\/2&#8243;][vc_column_text css=&#8220;.vc_custom_1619242725910{padding-right: 10px !important;padding-left: 10px !important;}&#8220;]Weit entfernt von den erschlossenen Touristengebieten von Kreta , so weit im Osten wie m\u00f6glich, erwarten sie die Ruinen eines minoischen Palastes, sowie wundersch\u00f6ne Str\u00e4nde und Wanderwege.<\/p>\n<p>&nbsp;<\/p>\n<p>Zakros und sein Hafen-Ortsteil <strong>Kato Zakros<\/strong> befinden sich im S\u00fcdosten und sind 3 Stunden vom Flughafen in Heraklion entfernt, bzw. 40 Minuten von Sitia. Auf dieser Fahrt bemerkt man die ausgedehnte Gr\u00f6\u00dfe von Kreta. F\u00fcr alle Wanderfans:<\/p>\n<p>&nbsp;<\/p>\n<p>Die ber\u00fchmte europ\u00e4ische Wanderstrecke E4 , die in den Pyrin\u00e4en beginnt und \u00fcber Frankreich, Schweiz, Deutschland, \u00d6sterreich, Ungarn, Bulgarien, Kontinental-Griechenland , die Halbinsel Pelepones und durch Kreta verl\u00e4uft, endet schlie\u00dflich hier in <strong>Kato Zakros<\/strong>.[\/vc_column_text][\/vc_column][\/vc_row][vc_row css_animation=&#8220;&#8220; row_type=&#8220;row&#8220; use_row_as_full_screen_section=&#8220;no&#8220; type=&#8220;full_width&#8220; angled_section=&#8220;no&#8220; text_align=&#8220;left&#8220; background_image_as_pattern=&#8220;without_pattern&#8220; padding_top=&#8220;50&#8243; padding_bottom=&#8220;50&#8243; css=&#8220;.vc_custom_1510752176674{padding-left: 10px !important;}&#8220;][vc_column width=&#8220;1\/2&#8243;][vc_column_text css=&#8220;.vc_custom_1619243120665{padding-right: 10px !important;padding-left: 10px !important;}&#8220;]<strong>Zakros<\/strong> und <strong>Kato Zakros<\/strong> geh\u00f6ren zur Region \u201cSitia\u201d, einem der \u00f6stlichsten Regionen im Lasithi Landkreis. Die Meisten Menschen arbeiten hier in der Landwirtschaft, speziell im Bereich der Oliven- und Oliven\u00f6l-Produktion und Exporte.<\/p>\n<p>&nbsp;<\/p>\n<p>In dieser Ecke von Kreta sind viele Menschen noch Selbstversorger was automatisch zu einer speziellen Qualit\u00e4t der Nahrung f\u00fchrt. Man sagt. das beste Oliven\u00f6l aus Kreta stammt aus dieser Region. Die Qualit\u00e4t der biologischen Nahrung stammt unter anderem auch von der Lockerheit des Bodens und der Wasserqualit\u00e4t aus den Quellen oberhalb des Dorfes, die 250.00 Olivenb\u00e4ume bew\u00e4ssern.<\/p>\n<p>&nbsp;<\/p>\n<p>Ein mit Wasser \u201cgesegneter\u201d Ort. Dies sorgte daf\u00fcr, dass die Leute nie weggewandert sind und das Land immer bearbeiten konnten. Der minoische Palast von Zakros macht <strong>Kato Zakros<\/strong> weltber\u00fchmt, und sorgte auch gleichzeitig daf\u00fcr, dass die Gegend nicht durch das Etablieren von wachsendem Massentourismus ver\u00e4ndert wurde.[\/vc_column_text][\/vc_column][vc_column width=&#8220;1\/2&#8243;]<div class=\"custom_font_holder\" style=\" font-size: 22px; line-height: 26px; font-style: normal; font-weight: 300; color: #0066bf; text-decoration: none; text-shadow: 1px 1px 2px rgba(0, 0, 0, 0.4);border: 1px solid rgba(2,216,224,0.01);border-width: 0px; text-align: left;\">Den Ort kennenlernen<\/div>[vc_empty_space]<div class=\"q_image_with_text_over q_iwto_hover\"><div class=\"shader\" ><\/div><div class=\"shader_hover\" style=\"background-color: rgba(146,197,232,0.31)\"><\/div><img decoding=\"async\" itemprop=\"image\" src=\"https:\/\/www.katozakros-beachfront.com\/wp-content\/uploads\/2021\/04\/zakros-gorge.jpg\" alt=\"Kato Zakros Totenschlucht\" \/><div class=\"text\"><table><tr><td><h2 class=\"caption no_icon\" style=\"color: #ffffff;font-size: 40px;\">Kato Zakros Totenschlucht<\/h2><\/td><\/tr><\/table><table><tr><td><div class=\"desc\">Totenschlucht &#8211; Kato Zakros, Ostkreta<\/div><\/td><\/tr><\/table><\/div><\/div>[\/vc_column][\/vc_row][vc_row css_animation=&#8220;&#8220; row_type=&#8220;row&#8220; use_row_as_full_screen_section=&#8220;no&#8220; type=&#8220;full_width&#8220; angled_section=&#8220;no&#8220; text_align=&#8220;left&#8220; background_image_as_pattern=&#8220;without_pattern&#8220; background_color=&#8220;#d8e1ff&#8220; padding_top=&#8220;50&#8243; padding_bottom=&#8220;50&#8243; css=&#8220;.vc_custom_1510752300720{padding-left: 10px !important;}&#8220;][vc_column width=&#8220;1\/2&#8243;]<div class=\"custom_font_holder\" style=\" font-size: 22px; line-height: 26px; font-style: normal; font-weight: 300; color: #0066bf; text-decoration: none; text-shadow: 1px 1px 2px rgba(0, 0, 0, 0.4);border: 1px solid rgba(2,216,224,0.01);border-width: 0px; text-align: left;\">Ausfl\u00fcge und Aktivit\u00e4ten<\/div>[vc_empty_space]<div class=\"q_image_with_text_over q_iwto_hover\"><div class=\"shader\" ><\/div><div class=\"shader_hover\" style=\"background-color: rgba(146,197,232,0.31)\"><\/div><img decoding=\"async\" itemprop=\"image\" src=\"https:\/\/www.katozakros-beachfront.com\/wp-content\/uploads\/2021\/04\/zakros-pelekita.jpg\" alt=\"Pelekita H\u00f6hle - Kato Zakros\" \/><div class=\"text\"><table><tr><td><h2 class=\"caption no_icon\" style=\"color: #ffffff;font-size: 40px;\">Pelekita H\u00f6hle - Kato Zakros<\/h2><\/td><\/tr><\/table><table><tr><td><div class=\"desc\">Pelekita-H\u00f6hle &#8211; Kato Zakros, Ostkreta<\/div><\/td><\/tr><\/table><\/div><\/div>[\/vc_column][vc_column width=&#8220;1\/2&#8243;][vc_empty_space][vc_column_text css=&#8220;.vc_custom_1619243246630{padding-right: 10px !important;padding-left: 10px !important;}&#8220;]Wenn man das sch\u00f6ne und gr\u00fcne <strong>Zakros<\/strong> (verglichen zum Rest von Kreta) verl\u00e4sst (befindet sich auf 160 H\u00f6henmetern) und der Stra\u00dfe 7 km folgt, und die Berge hinter einer gro\u00dfer Kurve zur\u00fcckl\u00e4sst erreicht man den Strand mit kristallklarem Wasser.<\/p>\n<p>&nbsp;<\/p>\n<p>Der Ort an dem der Osten auf den S\u00fcden trifft. Hier, an der wundersch\u00f6nen K\u00fcste von Kato Zakros mit einem gro\u00dfen und zwei kleineren Sand und Kies-Str\u00e4nden scheint man dem Himmel etwas n\u00e4her zu sein. <strong>Kato Zakros<\/strong> ist auf jeden Fall nicht weit von der Vorstellung entfernt, die die meisten vom Paradies haben.<\/p>\n<p>&nbsp;<\/p>\n<p>Einen sch\u00f6nen Strand findet man \u00fcberall an Kretas \u00f6stlichen K\u00fcsten, aber <strong>Kato Zakros<\/strong> bieten, neben seiner einzigartigen Natur auch noch andere Sehensw\u00fcrdigkeiten.[\/vc_column_text][\/vc_column][\/vc_row]<\/p>\n<\/div>","protected":false},"excerpt":{"rendered":"<p>[vc_row css_animation=&#8220;&#8220; row_type=&#8220;row&#8220; use_row_as_full_screen_section=&#8220;no&#8220; type=&#8220;full_width&#8220; angled_section=&#8220;no&#8220; text_align=&#8220;left&#8220; background_image_as_pattern=&#8220;without_pattern&#8220; padding_top=&#8220;50&#8243; padding_bottom=&#8220;50&#8243; css=&#8220;.vc_custom_1510752176674{padding-left: 10px !important;}&#8220;][vc_column][\/vc_column][\/vc_row][vc_row css_animation=&#8220;&#8220; row_type=&#8220;row&#8220; use_row_as_full_screen_section=&#8220;no&#8220; type=&#8220;full_width&#8220; angled_section=&#8220;no&#8220; text_align=&#8220;left&#8220; background_image_as_pattern=&#8220;without_pattern&#8220; background_color=&#8220;#d8e1ff&#8220; padding_top=&#8220;50&#8243; padding_bottom=&#8220;50&#8243; css=&#8220;.vc_custom_1510751633506{padding-left: 10px !important;}&#8220;][vc_column width=&#8220;1\/2&#8243;][vc_empty_space][\/vc_column][vc_column width=&#8220;1\/2&#8243;][vc_column_text css=&#8220;.vc_custom_1619242725910{padding-right: 10px !important;padding-left: 10px !important;}&#8220;]Weit entfernt von den erschlossenen Touristengebieten von Kreta , so weit im Osten&#8230;<\/p>\n","protected":false},"author":1,"featured_media":0,"parent":0,"menu_order":0,"comment_status":"closed","ping_status":"open","template":"","meta":{"footnotes":""},"class_list":["post-1218","page","type-page","status-publish","hentry"],"_links":{"self":[{"href":"https:\/\/www.katozakros-beachfront.com\/de\/wp-json\/wp\/v2\/pages\/1218","targetHints":{"allow":["GET"]}}],"collection":[{"href":"https:\/\/www.katozakros-beachfront.com\/de\/wp-json\/wp\/v2\/pages"}],"about":[{"href":"https:\/\/www.katozakros-beachfront.com\/de\/wp-json\/wp\/v2\/types\/page"}],"author":[{"embeddable":true,"href":"https:\/\/www.katozakros-beachfront.com\/de\/wp-json\/wp\/v2\/users\/1"}],"replies":[{"embeddable":true,"href":"https:\/\/www.katozakros-beachfront.com\/de\/wp-json\/wp\/v2\/comments?post=1218"}],"version-history":[{"count":3,"href":"https:\/\/www.katozakros-beachfront.com\/de\/wp-json\/wp\/v2\/pages\/1218\/revisions"}],"predecessor-version":[{"id":1221,"href":"https:\/\/www.katozakros-beachfront.com\/de\/wp-json\/wp\/v2\/pages\/1218\/revisions\/1221"}],"wp:attachment":[{"href":"https:\/\/www.katozakros-beachfront.com\/de\/wp-json\/wp\/v2\/media?parent=1218"}],"curies":[{"name":"wp","href":"https:\/\/api.w.org\/{rel}","templated":true}]}}