{"id":1214,"date":"2021-04-23T22:55:44","date_gmt":"2021-04-23T19:55:44","guid":{"rendered":"https:\/\/www.katozakros-beachfront.com\/?page_id=1214"},"modified":"2021-04-23T22:55:44","modified_gmt":"2021-04-23T19:55:44","slug":"unterkunft","status":"publish","type":"page","link":"https:\/\/www.katozakros-beachfront.com\/de\/unterkunft\/","title":{"rendered":"Unterkunft"},"content":{"rendered":"<div class=\"wpb-content-wrapper\"><p>[vc_row css_animation=&#8220;&#8220; row_type=&#8220;row&#8220; use_row_as_full_screen_section=&#8220;no&#8220; type=&#8220;full_width&#8220; angled_section=&#8220;no&#8220; text_align=&#8220;left&#8220; background_image_as_pattern=&#8220;without_pattern&#8220; background_color=&#8220;#d8e1ff&#8220; padding_top=&#8220;50&#8243; padding_bottom=&#8220;50&#8243; css=&#8220;.vc_custom_1510751633506{padding-left: 10px !important;}&#8220;][vc_column width=&#8220;1\/2&#8243;]<div class=\"q_image_with_text_over q_iwto_hover\"><div class=\"shader\" ><\/div><div class=\"shader_hover\" style=\"background-color: rgba(146,197,232,0.31)\"><\/div><img decoding=\"async\" itemprop=\"image\" src=\"https:\/\/www.katozakros-beachfront.com\/wp-content\/uploads\/2021\/04\/coral-34.jpg\" alt=\"Coral Rooms\" \/><div class=\"text\"><table><tr><td><h2 class=\"caption no_icon\" style=\"color: #ffffff;font-size: 40px;\">Coral Rooms<\/h2><\/td><\/tr><\/table><table><tr><td><div class=\"desc\">Coral Rooms &#8211; Kato Zakros, Ost Kreta<\/div><\/td><\/tr><\/table><\/div><\/div>[\/vc_column][vc_column width=&#8220;1\/2&#8243;][vc_separator type=&#8220;transparent&#8220; up=&#8220;10&#8243; down=&#8220;20&#8243;][vc_column_text css=&#8220;.vc_custom_1619207177366{padding-right: 10px !important;padding-left: 10px !important;}&#8220;]Die traditionell eingerichteten <strong>Coral Rooms<\/strong> sind das ganze Jahr \u00fcber verf\u00fcgbar, inmitten der grandiosen und wundersch\u00f6nen Landschaft von Kato Zakros.<\/p>\n<p>&nbsp;<\/p>\n<p>Die <strong>Coral Rooms<\/strong> befinden sich direkt am Ende des Strandes von Kato Zakros und verf\u00fcgen \u00fcber eine spektakul\u00e4re Aussicht aus das \u201cgro\u00dfe Hellblau\u201d.[\/vc_column_text][vc_separator type=&#8220;transparent&#8220; up=&#8220;20&#8243; down=&#8220;20&#8243;]<a  itemprop=\"url\" href=\"\/de\/coral-rooms\/\" target=\"_self\"  class=\"qbutton  large center default  qode-button-shadow\" style=\"font-weight: 400; border-radius: 3px;-moz-border-radius: 3px;-webkit-border-radius: 3px; \">Weiterlesen<i class=\"qode_icon_font_awesome fa fa-angle-double-right qode_button_icon_element\" style=\"\" ><\/i><\/a>[\/vc_column][\/vc_row][vc_row css_animation=&#8220;&#8220; row_type=&#8220;row&#8220; use_row_as_full_screen_section=&#8220;no&#8220; type=&#8220;full_width&#8220; angled_section=&#8220;no&#8220; text_align=&#8220;left&#8220; background_image_as_pattern=&#8220;without_pattern&#8220; padding_top=&#8220;50&#8243; padding_bottom=&#8220;50&#8243; css=&#8220;.vc_custom_1510752176674{padding-left: 10px !important;}&#8220;][vc_column width=&#8220;1\/2&#8243;][vc_separator type=&#8220;transparent&#8220; up=&#8220;10&#8243; down=&#8220;20&#8243;][vc_column_text css=&#8220;.vc_custom_1619207288877{padding-right: 10px !important;padding-left: 10px !important;}&#8220;]Das <strong>\u201cBeach Front\u201d Apartment<\/strong> in Kato Zakros ist nur ein paar Meter vom Strand entfernt. Und kann bis zu 2 Personen beherbergen.<\/p>\n<p>&nbsp;<\/p>\n<p>Ausgestattet mit einem Schlafzimmer mit Doppelbett, Klimaanlage, einer kleinen, voll ausgestatteten K\u00fcche mit K\u00fchlschrank, Badezimmer mit Dusche und kostenloses W-LAN.[\/vc_column_text][vc_separator type=&#8220;transparent&#8220; up=&#8220;20&#8243; down=&#8220;20&#8243;]<a  itemprop=\"url\" href=\"\/de\/beachfront-apartment\/\" target=\"_self\"  class=\"qbutton  large center default  qode-button-shadow\" style=\"font-weight: 400; margin: 0px 0px 20px 0px; border-radius: 3px;-moz-border-radius: 3px;-webkit-border-radius: 3px; \">Weiterlesen<i class=\"qode_icon_font_awesome fa fa-angle-double-right qode_button_icon_element\" style=\"\" ><\/i><\/a>[\/vc_column][vc_column width=&#8220;1\/2&#8243;]<div class=\"q_image_with_text_over q_iwto_hover\"><div class=\"shader\" ><\/div><div class=\"shader_hover\" style=\"background-color: rgba(146,197,232,0.31)\"><\/div><img decoding=\"async\" itemprop=\"image\" src=\"https:\/\/www.katozakros-beachfront.com\/wp-content\/uploads\/2021\/04\/coral-03.jpg\" alt=\"Beachfront apartment\" \/><div class=\"text\"><table><tr><td><h2 class=\"caption no_icon\" style=\"color: #ffffff;font-size: 40px;\">Beachfront apartment<\/h2><\/td><\/tr><\/table><table><tr><td><div class=\"desc\">Beachfront apartment &#8211; Kato Zakros, Ost Kreta<\/div><\/td><\/tr><\/table><\/div><\/div>[\/vc_column][\/vc_row][vc_row css_animation=&#8220;&#8220; row_type=&#8220;row&#8220; use_row_as_full_screen_section=&#8220;no&#8220; type=&#8220;full_width&#8220; angled_section=&#8220;no&#8220; text_align=&#8220;left&#8220; background_image_as_pattern=&#8220;without_pattern&#8220; background_color=&#8220;#d8e1ff&#8220; padding_top=&#8220;50&#8243; padding_bottom=&#8220;50&#8243; css=&#8220;.vc_custom_1510752300720{padding-left: 10px !important;}&#8220;][vc_column width=&#8220;1\/2&#8243;]<div class=\"q_image_with_text_over q_iwto_hover\"><div class=\"shader\" ><\/div><div class=\"shader_hover\" style=\"background-color: rgba(146,197,232,0.31)\"><\/div><img decoding=\"async\" itemprop=\"image\" src=\"https:\/\/www.katozakros-beachfront.com\/wp-content\/uploads\/2021\/04\/alkioni-12.jpg\" alt=\"Alkioni Apartments\" \/><div class=\"text\"><table><tr><td><h2 class=\"caption no_icon\" style=\"color: #ffffff;font-size: 40px;\">Alkioni Apartments<\/h2><\/td><\/tr><\/table><table><tr><td><div class=\"desc\">Alkioni Apartments &#8211; Kato Zakros, Ost Kreta<\/div><\/td><\/tr><\/table><\/div><\/div>[\/vc_column][vc_column width=&#8220;1\/2&#8243;][vc_separator type=&#8220;transparent&#8220; up=&#8220;10&#8243; down=&#8220;20&#8243;][vc_column_text css=&#8220;.vc_custom_1619207373484{padding-right: 10px !important;padding-left: 10px !important;}&#8220;]Die <strong>Alkioni Apartments<\/strong> befinden sich in Kato Zakros, mit Blick aufs Meer. Die zwei Apartments k\u00f6nnen bis zu 4 Personen aufnehmen.<\/p>\n<p>&nbsp;<\/p>\n<p>Das Hauptschlafzimmer verf\u00fcgt \u00fcber ein Doppelbett, desweiteren mit Klimaanlage, voll ausgestatteter K\u00fcche, Esstisch, K\u00fchlschrank, Kaffeemaschine, elektr. Wasserkocher, Badezimmer mit Dusche und kostenlosen W-Lan, Haarf\u00f6hn, Waschmaschine\/Trockner, B\u00fcgeleisen und B\u00fcgelbrett.[\/vc_column_text][vc_separator type=&#8220;transparent&#8220; up=&#8220;20&#8243; down=&#8220;20&#8243;]<a  itemprop=\"url\" href=\"\/de\/alkioni-apartments\/\" target=\"_self\"  class=\"qbutton  large center default  qode-button-shadow\" style=\"font-weight: 400; border-radius: 3px;-moz-border-radius: 3px;-webkit-border-radius: 3px; \">Weiterlesen<i class=\"qode_icon_font_awesome fa fa-angle-double-right qode_button_icon_element\" style=\"\" ><\/i><\/a>[\/vc_column][\/vc_row][vc_row css_animation=&#8220;&#8220; row_type=&#8220;row&#8220; use_row_as_full_screen_section=&#8220;no&#8220; type=&#8220;full_width&#8220; angled_section=&#8220;no&#8220; text_align=&#8220;left&#8220; background_image_as_pattern=&#8220;without_pattern&#8220; padding_top=&#8220;50&#8243; padding_bottom=&#8220;50&#8243; css=&#8220;.vc_custom_1510752176674{padding-left: 10px !important;}&#8220;][vc_column width=&#8220;1\/2&#8243;][vc_separator type=&#8220;transparent&#8220; up=&#8220;10&#8243; down=&#8220;20&#8243;][vc_column_text css=&#8220;.vc_custom_1619207493684{padding-right: 10px !important;padding-left: 10px !important;}&#8220;]Im sch\u00f6nen und historischen Virtel von Zakros stehen 2 wundervolle Apartments f\u00fcr 4-5 Personen zur Verf\u00fcgung, ungef\u00e4hr 800 Meter vom Ortskern entfernt.<\/p>\n<p>&nbsp;<\/p>\n<p>Alle unsere Apartments (60m\u00b2) verf\u00fcgen \u00fcber Klimaanlage, Balkon mit Aussicht auf den Garten und das Dorf, voll ausgestatteter K\u00fcche mit Backofen und K\u00fchlschrank. Badezimmer mit Badewanne und Haarf\u00f6hn.[\/vc_column_text][vc_separator type=&#8220;transparent&#8220; up=&#8220;20&#8243; down=&#8220;20&#8243;]<a  itemprop=\"url\" href=\"\/de\/dimitra-apartments\/\" target=\"_self\"  class=\"qbutton  large center default  qode-button-shadow\" style=\"font-weight: 400; margin: 0px 0px 20px 0px; border-radius: 3px;-moz-border-radius: 3px;-webkit-border-radius: 3px; \">Weiterlesen<i class=\"qode_icon_font_awesome fa fa-angle-double-right qode_button_icon_element\" style=\"\" ><\/i><\/a>[\/vc_column][vc_column width=&#8220;1\/2&#8243;]<div class=\"q_image_with_text_over q_iwto_hover\"><div class=\"shader\" ><\/div><div class=\"shader_hover\" style=\"background-color: rgba(146,197,232,0.31)\"><\/div><img decoding=\"async\" itemprop=\"image\" src=\"https:\/\/www.katozakros-beachfront.com\/wp-content\/uploads\/2021\/04\/dimitra-05.jpg\" alt=\"Dimitra apartments\" \/><div class=\"text\"><table><tr><td><h2 class=\"caption no_icon\" style=\"color: #ffffff;font-size: 40px;\">Dimitra apartments<\/h2><\/td><\/tr><\/table><table><tr><td><div class=\"desc\">Dimitra apartments &#8211;\u00a0 Zakros Village, Ost Kreta<\/div><\/td><\/tr><\/table><\/div><\/div>[\/vc_column][\/vc_row][vc_row css_animation=&#8220;&#8220; row_type=&#8220;row&#8220; use_row_as_full_screen_section=&#8220;no&#8220; type=&#8220;full_width&#8220; angled_section=&#8220;no&#8220; text_align=&#8220;left&#8220; background_image_as_pattern=&#8220;without_pattern&#8220; background_color=&#8220;#d8e1ff&#8220; padding_top=&#8220;50&#8243; padding_bottom=&#8220;50&#8243; css=&#8220;.vc_custom_1510752300720{padding-left: 10px !important;}&#8220;][vc_column width=&#8220;1\/2&#8243;]<div class=\"q_image_with_text_over q_iwto_hover\"><div class=\"shader\" ><\/div><div class=\"shader_hover\" style=\"background-color: rgba(146,197,232,0.31)\"><\/div><img decoding=\"async\" itemprop=\"image\" src=\"https:\/\/www.katozakros-beachfront.com\/wp-content\/uploads\/2021\/04\/tania-03.jpg\" alt=\"Tania Maisonette\" \/><div class=\"text\"><table><tr><td><h2 class=\"caption no_icon\" style=\"color: #ffffff;font-size: 40px;\">Tania Maisonette<\/h2><\/td><\/tr><\/table><table><tr><td><div class=\"desc\">Tania Maisonette &#8211; Kato Zakros, Ost Kreta<\/div><\/td><\/tr><\/table><\/div><\/div>[\/vc_column][vc_column width=&#8220;1\/2&#8243;][vc_separator type=&#8220;transparent&#8220; up=&#8220;10&#8243; down=&#8220;20&#8243;][vc_column_text css=&#8220;.vc_custom_1619207576059{padding-right: 10px !important;padding-left: 10px !important;}&#8220;]Das <strong>Tania Maisonette<\/strong>, f\u00fcr 2 Personen, befindet sich im Zentrum des urigen \u00d6rtchens Zakros.<\/p>\n<p>&nbsp;<\/p>\n<p>Es verf\u00fcgt \u00fcber ein Schlafzimmer mit Doppelbett, Klimaanlage, kostenloses W-LAN, einer voll eingerichteten K\u00fcche mit K\u00fchlschrank, Mikrowelle, Kaffeemaschine und Wasserkocher. Badezimmer mit Dusche, sowie eine Terasse mit Blick auf die Berge. Das Schlafzimmer verf\u00fcgt \u00fcber ein Fernsehger\u00e4t.[\/vc_column_text][vc_separator type=&#8220;transparent&#8220; up=&#8220;20&#8243; down=&#8220;20&#8243;]<a  itemprop=\"url\" href=\"\/de\/tania-maisonette\/\" target=\"_self\"  class=\"qbutton  large center default  qode-button-shadow\" style=\"font-weight: 400; border-radius: 3px;-moz-border-radius: 3px;-webkit-border-radius: 3px; \">Weiterlesen<i class=\"qode_icon_font_awesome fa fa-angle-double-right qode_button_icon_element\" style=\"\" ><\/i><\/a>[\/vc_column][\/vc_row]<\/p>\n<\/div>","protected":false},"excerpt":{"rendered":"<p>[vc_row css_animation=&#8220;&#8220; row_type=&#8220;row&#8220; use_row_as_full_screen_section=&#8220;no&#8220; type=&#8220;full_width&#8220; angled_section=&#8220;no&#8220; text_align=&#8220;left&#8220; background_image_as_pattern=&#8220;without_pattern&#8220; background_color=&#8220;#d8e1ff&#8220; padding_top=&#8220;50&#8243; padding_bottom=&#8220;50&#8243; css=&#8220;.vc_custom_1510751633506{padding-left: 10px !important;}&#8220;][vc_column width=&#8220;1\/2&#8243;][\/vc_column][vc_column width=&#8220;1\/2&#8243;][vc_separator type=&#8220;transparent&#8220; up=&#8220;10&#8243; down=&#8220;20&#8243;][vc_column_text css=&#8220;.vc_custom_1619207177366{padding-right: 10px !important;padding-left: 10px !important;}&#8220;]Die traditionell eingerichteten Coral Rooms sind das ganze Jahr \u00fcber verf\u00fcgbar, inmitten der grandiosen und wundersch\u00f6nen Landschaft von Kato Zakros. &nbsp; Die&#8230;<\/p>\n","protected":false},"author":1,"featured_media":0,"parent":0,"menu_order":0,"comment_status":"closed","ping_status":"open","template":"","meta":{"footnotes":""},"class_list":["post-1214","page","type-page","status-publish","hentry"],"_links":{"self":[{"href":"https:\/\/www.katozakros-beachfront.com\/de\/wp-json\/wp\/v2\/pages\/1214","targetHints":{"allow":["GET"]}}],"collection":[{"href":"https:\/\/www.katozakros-beachfront.com\/de\/wp-json\/wp\/v2\/pages"}],"about":[{"href":"https:\/\/www.katozakros-beachfront.com\/de\/wp-json\/wp\/v2\/types\/page"}],"author":[{"embeddable":true,"href":"https:\/\/www.katozakros-beachfront.com\/de\/wp-json\/wp\/v2\/users\/1"}],"replies":[{"embeddable":true,"href":"https:\/\/www.katozakros-beachfront.com\/de\/wp-json\/wp\/v2\/comments?post=1214"}],"version-history":[{"count":1,"href":"https:\/\/www.katozakros-beachfront.com\/de\/wp-json\/wp\/v2\/pages\/1214\/revisions"}],"predecessor-version":[{"id":1215,"href":"https:\/\/www.katozakros-beachfront.com\/de\/wp-json\/wp\/v2\/pages\/1214\/revisions\/1215"}],"wp:attachment":[{"href":"https:\/\/www.katozakros-beachfront.com\/de\/wp-json\/wp\/v2\/media?parent=1214"}],"curies":[{"name":"wp","href":"https:\/\/api.w.org\/{rel}","templated":true}]}}