{"id":1212,"date":"2021-04-23T22:40:15","date_gmt":"2021-04-23T19:40:15","guid":{"rendered":"https:\/\/www.katozakros-beachfront.com\/?page_id=1212"},"modified":"2021-04-23T22:40:15","modified_gmt":"2021-04-23T19:40:15","slug":"tania-maisonette","status":"publish","type":"page","link":"https:\/\/www.katozakros-beachfront.com\/de\/tania-maisonette\/","title":{"rendered":"Tania Maisonette"},"content":{"rendered":"<div class=\"wpb-content-wrapper\"><p>[vc_row css_animation=&#8220;&#8220; row_type=&#8220;row&#8220; use_row_as_full_screen_section=&#8220;no&#8220; type=&#8220;full_width&#8220; angled_section=&#8220;no&#8220; text_align=&#8220;left&#8220; background_image_as_pattern=&#8220;without_pattern&#8220; css=&#8220;.vc_custom_1618603501025{margin-top: 40px !important;margin-right: 40px !important;margin-left: 50px !important;}&#8220; z_index=&#8220;&#8220;][vc_column width=&#8220;2\/3&#8243;]<div class=\"custom_font_holder\" style=\" font-size: 32px; line-height: 26px; font-style: normal; font-weight: 300; color: #1e73be; text-decoration: none; text-shadow: 1px 1px 2px rgba(0, 0, 0, 0.4); text-align: left;\">Beschreibung<\/div>[vc_empty_space][qode_elements_holder number_of_columns=&#8220;one_column&#8220;][qode_elements_holder_item advanced_animations=&#8220;no&#8220;][vc_column_text css=&#8220;.vc_custom_1619206791731{margin-bottom: 30px !important;}&#8220;]Das <strong>Tania Maisonette<\/strong>, f\u00fcr 2 Personen, befindet sich im Zentrum des urigen \u00d6rtchens Zakros.<\/p>\n<p>&nbsp;<\/p>\n<p>Es verf\u00fcgt \u00fcber ein Schlafzimmer mit Doppelbett, Klimaanlage, kostenloses W-LAN, einer voll eingerichteten K\u00fcche mit K\u00fchlschrank, Mikrowelle, Kaffeemaschine und Wasserkocher. Badezimmer mit Dusche, sowie eine Terasse mit Blick auf die Berge. Das Schlafzimmer verf\u00fcgt \u00fcber ein Fernsehger\u00e4t.<\/p>\n<p>&nbsp;<\/p>\n<p>Das Haus befindet sich im Zentrum von Zakros, in der Fu\u00dfg\u00e4ngerzone, die, nur einen Katzensprung entfernt zu den traditionellen Wasserm\u00fchlen und Quellen f\u00fchrt. Der Dorfplatz im Zentrum ist auch nur eine Minute entfernt.<\/p>\n<p>&nbsp;<\/p>\n<p>Kostenlose Parkpl\u00e4tze stehen ein paar Meter entfernt zur Verf\u00fcgung.<\/p>\n<p>&nbsp;<\/p>\n<p>Der ganze Ort l\u00e4d mit seiner nat\u00fcrlichen Sch\u00f6nheit dazu ein zu Fotographieren oder Malen.<\/p>\n<p>Ganz in der N\u00e4he befindet sich auch ein kleiner Supermarkt und einige Ladengesch\u00e4fte.<\/p>\n<p>&nbsp;<\/p>\n<p>Der Strand von Kato Zakros ist ca. 6 min. mit dem Auto entfernt und hat nur wenige Besucher, ein Ort der Ruhe und des Friedens.<\/p>\n<p>&nbsp;<\/p>\n<p>Wir sprechen deutsch, griechisch und englisch. Gerne informieren wir sie \u00fcber die Umgebung oder helfen Ihnen, bei welchem Problem auch immer.[\/vc_column_text][vc_empty_space]<div class=\"qode-advanced-image-gallery  qode-aig-masonry-type qode-no-space  qode-image-behavior-lightbox qode-aig-images-fixed\">\n\t<div class=\"qode-aig-inner qode-outer-space qode-aig-masonry qode-aig-six-columns\">\n\t\t<div class=\"qode-aig-grid-sizer\"><\/div>\n\t\t<div class=\"qode-aig-grid-gutter\"><\/div>\n\t\t\t\t\t\t\t\t<div class=\"qode-aig-image qode-item-space qode-aig-default-masonry-item\">\n\t\t\t\t<div class=\"qode-aig-image-inner\">\n\t\t\t\t\t\t\t\t\t\t\t<a itemprop=\"image\" class=\"qode-aig-lightbox\" href=\"https:\/\/www.katozakros-beachfront.com\/wp-content\/uploads\/2021\/04\/tania-05.jpg\" data-rel=\"prettyPhoto[image_gallery_pretty_photo-739]\" title=\"tania-05\">\n\t\t\t\t\t\t\t\t\t\t\t<img loading=\"lazy\" decoding=\"async\" width=\"150\" height=\"150\" src=\"https:\/\/www.katozakros-beachfront.com\/wp-content\/uploads\/2021\/04\/tania-05-150x150.jpg\" class=\"attachment-thumbnail size-thumbnail\" alt=\"\" srcset=\"https:\/\/www.katozakros-beachfront.com\/wp-content\/uploads\/2021\/04\/tania-05-150x150.jpg 150w, https:\/\/www.katozakros-beachfront.com\/wp-content\/uploads\/2021\/04\/tania-05-570x570.jpg 570w, https:\/\/www.katozakros-beachfront.com\/wp-content\/uploads\/2021\/04\/tania-05-500x500.jpg 500w\" sizes=\"auto, (max-width: 150px) 100vw, 150px\" \/>\t\t\t\t\t\t<span class=\"aig-gallery-hover\">\n\t\t\t\t\t\t\t\t\t\t\t\t\t\t\t<span class=\"icon-arrows-plus\"><\/span> \n\t\t\t\t\t\t\t\t\t\t\t\t\t<\/span>\n\t\t\t\t\t\t\t\t\t\t\t<\/a>\n\t\t\t\t\t\t\t\t\t<\/div>\n\t\t\t<\/div>\n\t\t\t\t\t\t\t\t<div class=\"qode-aig-image qode-item-space qode-aig-default-masonry-item\">\n\t\t\t\t<div class=\"qode-aig-image-inner\">\n\t\t\t\t\t\t\t\t\t\t\t<a itemprop=\"image\" class=\"qode-aig-lightbox\" href=\"https:\/\/www.katozakros-beachfront.com\/wp-content\/uploads\/2021\/04\/tania-06.jpg\" data-rel=\"prettyPhoto[image_gallery_pretty_photo-739]\" title=\"tania-06\">\n\t\t\t\t\t\t\t\t\t\t\t<img loading=\"lazy\" decoding=\"async\" width=\"150\" height=\"150\" src=\"https:\/\/www.katozakros-beachfront.com\/wp-content\/uploads\/2021\/04\/tania-06-150x150.jpg\" class=\"attachment-thumbnail size-thumbnail\" alt=\"\" srcset=\"https:\/\/www.katozakros-beachfront.com\/wp-content\/uploads\/2021\/04\/tania-06-150x150.jpg 150w, https:\/\/www.katozakros-beachfront.com\/wp-content\/uploads\/2021\/04\/tania-06-500x500.jpg 500w\" sizes=\"auto, (max-width: 150px) 100vw, 150px\" \/>\t\t\t\t\t\t<span class=\"aig-gallery-hover\">\n\t\t\t\t\t\t\t\t\t\t\t\t\t\t\t<span class=\"icon-arrows-plus\"><\/span> \n\t\t\t\t\t\t\t\t\t\t\t\t\t<\/span>\n\t\t\t\t\t\t\t\t\t\t\t<\/a>\n\t\t\t\t\t\t\t\t\t<\/div>\n\t\t\t<\/div>\n\t\t\t\t\t\t\t\t<div class=\"qode-aig-image qode-item-space qode-aig-default-masonry-item\">\n\t\t\t\t<div class=\"qode-aig-image-inner\">\n\t\t\t\t\t\t\t\t\t\t\t<a itemprop=\"image\" class=\"qode-aig-lightbox\" href=\"https:\/\/www.katozakros-beachfront.com\/wp-content\/uploads\/2021\/04\/tania-07.jpg\" data-rel=\"prettyPhoto[image_gallery_pretty_photo-739]\" title=\"tania-07\">\n\t\t\t\t\t\t\t\t\t\t\t<img loading=\"lazy\" decoding=\"async\" width=\"150\" height=\"150\" src=\"https:\/\/www.katozakros-beachfront.com\/wp-content\/uploads\/2021\/04\/tania-07-150x150.jpg\" class=\"attachment-thumbnail size-thumbnail\" alt=\"\" srcset=\"https:\/\/www.katozakros-beachfront.com\/wp-content\/uploads\/2021\/04\/tania-07-150x150.jpg 150w, https:\/\/www.katozakros-beachfront.com\/wp-content\/uploads\/2021\/04\/tania-07-570x570.jpg 570w, https:\/\/www.katozakros-beachfront.com\/wp-content\/uploads\/2021\/04\/tania-07-500x500.jpg 500w\" sizes=\"auto, (max-width: 150px) 100vw, 150px\" \/>\t\t\t\t\t\t<span class=\"aig-gallery-hover\">\n\t\t\t\t\t\t\t\t\t\t\t\t\t\t\t<span class=\"icon-arrows-plus\"><\/span> \n\t\t\t\t\t\t\t\t\t\t\t\t\t<\/span>\n\t\t\t\t\t\t\t\t\t\t\t<\/a>\n\t\t\t\t\t\t\t\t\t<\/div>\n\t\t\t<\/div>\n\t\t\t\t\t\t\t\t<div class=\"qode-aig-image qode-item-space qode-aig-default-masonry-item\">\n\t\t\t\t<div class=\"qode-aig-image-inner\">\n\t\t\t\t\t\t\t\t\t\t\t<a itemprop=\"image\" class=\"qode-aig-lightbox\" href=\"https:\/\/www.katozakros-beachfront.com\/wp-content\/uploads\/2021\/04\/tania-08.jpg\" data-rel=\"prettyPhoto[image_gallery_pretty_photo-739]\" title=\"tania-08\">\n\t\t\t\t\t\t\t\t\t\t\t<img loading=\"lazy\" decoding=\"async\" width=\"150\" height=\"150\" src=\"https:\/\/www.katozakros-beachfront.com\/wp-content\/uploads\/2021\/04\/tania-08-150x150.jpg\" class=\"attachment-thumbnail size-thumbnail\" alt=\"\" srcset=\"https:\/\/www.katozakros-beachfront.com\/wp-content\/uploads\/2021\/04\/tania-08-150x150.jpg 150w, https:\/\/www.katozakros-beachfront.com\/wp-content\/uploads\/2021\/04\/tania-08-500x500.jpg 500w\" sizes=\"auto, (max-width: 150px) 100vw, 150px\" \/>\t\t\t\t\t\t<span class=\"aig-gallery-hover\">\n\t\t\t\t\t\t\t\t\t\t\t\t\t\t\t<span class=\"icon-arrows-plus\"><\/span> \n\t\t\t\t\t\t\t\t\t\t\t\t\t<\/span>\n\t\t\t\t\t\t\t\t\t\t\t<\/a>\n\t\t\t\t\t\t\t\t\t<\/div>\n\t\t\t<\/div>\n\t\t\t\t\t\t\t\t<div class=\"qode-aig-image qode-item-space qode-aig-default-masonry-item\">\n\t\t\t\t<div class=\"qode-aig-image-inner\">\n\t\t\t\t\t\t\t\t\t\t\t<a itemprop=\"image\" class=\"qode-aig-lightbox\" href=\"https:\/\/www.katozakros-beachfront.com\/wp-content\/uploads\/2021\/04\/tania-09.jpg\" data-rel=\"prettyPhoto[image_gallery_pretty_photo-739]\" title=\"tania-09\">\n\t\t\t\t\t\t\t\t\t\t\t<img loading=\"lazy\" decoding=\"async\" width=\"150\" height=\"150\" src=\"https:\/\/www.katozakros-beachfront.com\/wp-content\/uploads\/2021\/04\/tania-09-150x150.jpg\" class=\"attachment-thumbnail size-thumbnail\" alt=\"\" srcset=\"https:\/\/www.katozakros-beachfront.com\/wp-content\/uploads\/2021\/04\/tania-09-150x150.jpg 150w, https:\/\/www.katozakros-beachfront.com\/wp-content\/uploads\/2021\/04\/tania-09-500x500.jpg 500w\" sizes=\"auto, (max-width: 150px) 100vw, 150px\" \/>\t\t\t\t\t\t<span class=\"aig-gallery-hover\">\n\t\t\t\t\t\t\t\t\t\t\t\t\t\t\t<span class=\"icon-arrows-plus\"><\/span> \n\t\t\t\t\t\t\t\t\t\t\t\t\t<\/span>\n\t\t\t\t\t\t\t\t\t\t\t<\/a>\n\t\t\t\t\t\t\t\t\t<\/div>\n\t\t\t<\/div>\n\t\t\t\t\t\t\t\t<div class=\"qode-aig-image qode-item-space qode-aig-default-masonry-item\">\n\t\t\t\t<div class=\"qode-aig-image-inner\">\n\t\t\t\t\t\t\t\t\t\t\t<a itemprop=\"image\" class=\"qode-aig-lightbox\" href=\"https:\/\/www.katozakros-beachfront.com\/wp-content\/uploads\/2021\/04\/tania-10.jpg\" data-rel=\"prettyPhoto[image_gallery_pretty_photo-739]\" title=\"tania-10\">\n\t\t\t\t\t\t\t\t\t\t\t<img loading=\"lazy\" decoding=\"async\" width=\"150\" height=\"150\" src=\"https:\/\/www.katozakros-beachfront.com\/wp-content\/uploads\/2021\/04\/tania-10-150x150.jpg\" class=\"attachment-thumbnail size-thumbnail\" alt=\"\" srcset=\"https:\/\/www.katozakros-beachfront.com\/wp-content\/uploads\/2021\/04\/tania-10-150x150.jpg 150w, https:\/\/www.katozakros-beachfront.com\/wp-content\/uploads\/2021\/04\/tania-10-570x570.jpg 570w, https:\/\/www.katozakros-beachfront.com\/wp-content\/uploads\/2021\/04\/tania-10-500x500.jpg 500w\" sizes=\"auto, (max-width: 150px) 100vw, 150px\" \/>\t\t\t\t\t\t<span class=\"aig-gallery-hover\">\n\t\t\t\t\t\t\t\t\t\t\t\t\t\t\t<span class=\"icon-arrows-plus\"><\/span> \n\t\t\t\t\t\t\t\t\t\t\t\t\t<\/span>\n\t\t\t\t\t\t\t\t\t\t\t<\/a>\n\t\t\t\t\t\t\t\t\t<\/div>\n\t\t\t<\/div>\n\t\t\t\t\t\t\t\t<div class=\"qode-aig-image qode-item-space qode-aig-default-masonry-item\">\n\t\t\t\t<div class=\"qode-aig-image-inner\">\n\t\t\t\t\t\t\t\t\t\t\t<a itemprop=\"image\" class=\"qode-aig-lightbox\" href=\"https:\/\/www.katozakros-beachfront.com\/wp-content\/uploads\/2021\/04\/tania-11.jpg\" data-rel=\"prettyPhoto[image_gallery_pretty_photo-739]\" title=\"tania-11\">\n\t\t\t\t\t\t\t\t\t\t\t<img loading=\"lazy\" decoding=\"async\" width=\"150\" height=\"150\" src=\"https:\/\/www.katozakros-beachfront.com\/wp-content\/uploads\/2021\/04\/tania-11-150x150.jpg\" class=\"attachment-thumbnail size-thumbnail\" alt=\"\" srcset=\"https:\/\/www.katozakros-beachfront.com\/wp-content\/uploads\/2021\/04\/tania-11-150x150.jpg 150w, https:\/\/www.katozakros-beachfront.com\/wp-content\/uploads\/2021\/04\/tania-11-570x570.jpg 570w, https:\/\/www.katozakros-beachfront.com\/wp-content\/uploads\/2021\/04\/tania-11-500x500.jpg 500w\" sizes=\"auto, (max-width: 150px) 100vw, 150px\" \/>\t\t\t\t\t\t<span class=\"aig-gallery-hover\">\n\t\t\t\t\t\t\t\t\t\t\t\t\t\t\t<span class=\"icon-arrows-plus\"><\/span> \n\t\t\t\t\t\t\t\t\t\t\t\t\t<\/span>\n\t\t\t\t\t\t\t\t\t\t\t<\/a>\n\t\t\t\t\t\t\t\t\t<\/div>\n\t\t\t<\/div>\n\t\t\t\t\t\t\t\t<div class=\"qode-aig-image qode-item-space qode-aig-default-masonry-item\">\n\t\t\t\t<div class=\"qode-aig-image-inner\">\n\t\t\t\t\t\t\t\t\t\t\t<a itemprop=\"image\" class=\"qode-aig-lightbox\" href=\"https:\/\/www.katozakros-beachfront.com\/wp-content\/uploads\/2021\/04\/tania-12.jpg\" data-rel=\"prettyPhoto[image_gallery_pretty_photo-739]\" title=\"tania-12\">\n\t\t\t\t\t\t\t\t\t\t\t<img loading=\"lazy\" decoding=\"async\" width=\"150\" height=\"150\" src=\"https:\/\/www.katozakros-beachfront.com\/wp-content\/uploads\/2021\/04\/tania-12-150x150.jpg\" class=\"attachment-thumbnail size-thumbnail\" alt=\"\" srcset=\"https:\/\/www.katozakros-beachfront.com\/wp-content\/uploads\/2021\/04\/tania-12-150x150.jpg 150w, https:\/\/www.katozakros-beachfront.com\/wp-content\/uploads\/2021\/04\/tania-12-570x570.jpg 570w, https:\/\/www.katozakros-beachfront.com\/wp-content\/uploads\/2021\/04\/tania-12-500x500.jpg 500w\" sizes=\"auto, (max-width: 150px) 100vw, 150px\" \/>\t\t\t\t\t\t<span class=\"aig-gallery-hover\">\n\t\t\t\t\t\t\t\t\t\t\t\t\t\t\t<span class=\"icon-arrows-plus\"><\/span> \n\t\t\t\t\t\t\t\t\t\t\t\t\t<\/span>\n\t\t\t\t\t\t\t\t\t\t\t<\/a>\n\t\t\t\t\t\t\t\t\t<\/div>\n\t\t\t<\/div>\n\t\t\t\t\t\t\t\t<div class=\"qode-aig-image qode-item-space qode-aig-default-masonry-item\">\n\t\t\t\t<div class=\"qode-aig-image-inner\">\n\t\t\t\t\t\t\t\t\t\t\t<a itemprop=\"image\" class=\"qode-aig-lightbox\" href=\"https:\/\/www.katozakros-beachfront.com\/wp-content\/uploads\/2021\/04\/tania-01.jpg\" data-rel=\"prettyPhoto[image_gallery_pretty_photo-739]\" title=\"tania-01\">\n\t\t\t\t\t\t\t\t\t\t\t<img loading=\"lazy\" decoding=\"async\" width=\"150\" height=\"150\" src=\"https:\/\/www.katozakros-beachfront.com\/wp-content\/uploads\/2021\/04\/tania-01-150x150.jpg\" class=\"attachment-thumbnail size-thumbnail\" alt=\"\" srcset=\"https:\/\/www.katozakros-beachfront.com\/wp-content\/uploads\/2021\/04\/tania-01-150x150.jpg 150w, https:\/\/www.katozakros-beachfront.com\/wp-content\/uploads\/2021\/04\/tania-01-500x500.jpg 500w\" sizes=\"auto, (max-width: 150px) 100vw, 150px\" \/>\t\t\t\t\t\t<span class=\"aig-gallery-hover\">\n\t\t\t\t\t\t\t\t\t\t\t\t\t\t\t<span class=\"icon-arrows-plus\"><\/span> \n\t\t\t\t\t\t\t\t\t\t\t\t\t<\/span>\n\t\t\t\t\t\t\t\t\t\t\t<\/a>\n\t\t\t\t\t\t\t\t\t<\/div>\n\t\t\t<\/div>\n\t\t\t\t\t\t\t\t<div class=\"qode-aig-image qode-item-space qode-aig-default-masonry-item\">\n\t\t\t\t<div class=\"qode-aig-image-inner\">\n\t\t\t\t\t\t\t\t\t\t\t<a itemprop=\"image\" class=\"qode-aig-lightbox\" href=\"https:\/\/www.katozakros-beachfront.com\/wp-content\/uploads\/2021\/04\/tania-02.jpg\" data-rel=\"prettyPhoto[image_gallery_pretty_photo-739]\" title=\"tania-02\">\n\t\t\t\t\t\t\t\t\t\t\t<img loading=\"lazy\" decoding=\"async\" width=\"150\" height=\"150\" src=\"https:\/\/www.katozakros-beachfront.com\/wp-content\/uploads\/2021\/04\/tania-02-150x150.jpg\" class=\"attachment-thumbnail size-thumbnail\" alt=\"\" srcset=\"https:\/\/www.katozakros-beachfront.com\/wp-content\/uploads\/2021\/04\/tania-02-150x150.jpg 150w, https:\/\/www.katozakros-beachfront.com\/wp-content\/uploads\/2021\/04\/tania-02-570x570.jpg 570w, https:\/\/www.katozakros-beachfront.com\/wp-content\/uploads\/2021\/04\/tania-02-500x500.jpg 500w\" sizes=\"auto, (max-width: 150px) 100vw, 150px\" \/>\t\t\t\t\t\t<span class=\"aig-gallery-hover\">\n\t\t\t\t\t\t\t\t\t\t\t\t\t\t\t<span class=\"icon-arrows-plus\"><\/span> \n\t\t\t\t\t\t\t\t\t\t\t\t\t<\/span>\n\t\t\t\t\t\t\t\t\t\t\t<\/a>\n\t\t\t\t\t\t\t\t\t<\/div>\n\t\t\t<\/div>\n\t\t\t\t\t\t\t\t<div class=\"qode-aig-image qode-item-space qode-aig-default-masonry-item\">\n\t\t\t\t<div class=\"qode-aig-image-inner\">\n\t\t\t\t\t\t\t\t\t\t\t<a itemprop=\"image\" class=\"qode-aig-lightbox\" href=\"https:\/\/www.katozakros-beachfront.com\/wp-content\/uploads\/2021\/04\/tania-03.jpg\" data-rel=\"prettyPhoto[image_gallery_pretty_photo-739]\" title=\"tania-03\">\n\t\t\t\t\t\t\t\t\t\t\t<img loading=\"lazy\" decoding=\"async\" width=\"150\" height=\"150\" src=\"https:\/\/www.katozakros-beachfront.com\/wp-content\/uploads\/2021\/04\/tania-03-150x150.jpg\" class=\"attachment-thumbnail size-thumbnail\" alt=\"\" srcset=\"https:\/\/www.katozakros-beachfront.com\/wp-content\/uploads\/2021\/04\/tania-03-150x150.jpg 150w, https:\/\/www.katozakros-beachfront.com\/wp-content\/uploads\/2021\/04\/tania-03-500x500.jpg 500w\" sizes=\"auto, (max-width: 150px) 100vw, 150px\" \/>\t\t\t\t\t\t<span class=\"aig-gallery-hover\">\n\t\t\t\t\t\t\t\t\t\t\t\t\t\t\t<span class=\"icon-arrows-plus\"><\/span> \n\t\t\t\t\t\t\t\t\t\t\t\t\t<\/span>\n\t\t\t\t\t\t\t\t\t\t\t<\/a>\n\t\t\t\t\t\t\t\t\t<\/div>\n\t\t\t<\/div>\n\t\t\t\t\t\t\t\t<div class=\"qode-aig-image qode-item-space qode-aig-default-masonry-item\">\n\t\t\t\t<div class=\"qode-aig-image-inner\">\n\t\t\t\t\t\t\t\t\t\t\t<a itemprop=\"image\" class=\"qode-aig-lightbox\" href=\"https:\/\/www.katozakros-beachfront.com\/wp-content\/uploads\/2021\/04\/tania-04.jpg\" data-rel=\"prettyPhoto[image_gallery_pretty_photo-739]\" title=\"tania-04\">\n\t\t\t\t\t\t\t\t\t\t\t<img loading=\"lazy\" decoding=\"async\" width=\"150\" height=\"150\" src=\"https:\/\/www.katozakros-beachfront.com\/wp-content\/uploads\/2021\/04\/tania-04-150x150.jpg\" class=\"attachment-thumbnail size-thumbnail\" alt=\"\" srcset=\"https:\/\/www.katozakros-beachfront.com\/wp-content\/uploads\/2021\/04\/tania-04-150x150.jpg 150w, https:\/\/www.katozakros-beachfront.com\/wp-content\/uploads\/2021\/04\/tania-04-570x570.jpg 570w, https:\/\/www.katozakros-beachfront.com\/wp-content\/uploads\/2021\/04\/tania-04-500x500.jpg 500w\" sizes=\"auto, (max-width: 150px) 100vw, 150px\" \/>\t\t\t\t\t\t<span class=\"aig-gallery-hover\">\n\t\t\t\t\t\t\t\t\t\t\t\t\t\t\t<span class=\"icon-arrows-plus\"><\/span> \n\t\t\t\t\t\t\t\t\t\t\t\t\t<\/span>\n\t\t\t\t\t\t\t\t\t\t\t<\/a>\n\t\t\t\t\t\t\t\t\t<\/div>\n\t\t\t<\/div>\n\t\t\t<\/div>\n<\/div>[vc_gmaps link=&#8220;#E-8_JTNDaWZyYW1lJTIwc3JjJTNEJTIyaHR0cHMlM0ElMkYlMkZ3d3cuZ29vZ2xlLmNvbSUyRm1hcHMlMkZlbWJlZCUzRnBiJTNEJTIxMW0xOCUyMTFtMTIlMjExbTMlMjExZDEwNDQzMi41MDA5NDk5MDE3OSUyMTJkMjYuMTYxMDE2MjY3MzExMTcyJTIxM2QzNS4xMTg4MDMzNjI2Nzk2NyUyMTJtMyUyMTFmMCUyMTJmMCUyMTNmMCUyMTNtMiUyMTFpMTAyNCUyMTJpNzY4JTIxNGYxMy4xJTIxM20zJTIxMW0yJTIxMXMweDE0OTBmMDk3NTk5NGI0NWYlMjUzQTB4Yzg1NDNjN2U1NzBhNGUwOSUyMTJzVGFuaWElMjUyME1haXNvbmV0dGUlMjE1ZTAlMjEzbTIlMjExc2VuJTIxMnNnciUyMTR2MTYxODY1NjI5ODY2MyUyMTVtMiUyMTFzZW4lMjEyc2dyJTIyJTIwd2lkdGglM0QlMjIxMDAlMjUlMjIlMjBoZWlnaHQlM0QlMjIzMDAlMjIlMjBzdHlsZSUzRCUyMmJvcmRlciUzQTAlM0IlMjIlMjBhbGxvd2Z1bGxzY3JlZW4lM0QlMjIlMjIlMjBsb2FkaW5nJTNEJTIybGF6eSUyMiUzRSUzQyUyRmlmcmFtZSUzRQ==&#8220; css_animation=&#8220;fadeIn&#8220; css=&#8220;.vc_custom_1618656861428{margin-top: 30px !important;border-radius: 4px !important;}&#8220;][\/qode_elements_holder_item][\/qode_elements_holder][\/vc_column][vc_column width=&#8220;1\/3&#8243;]<div class=\"custom_font_holder\" style=\" font-size: 32px; line-height: 26px; font-style: normal; font-weight: 300; color: #1e73be; text-decoration: none; text-shadow: 1px 1px 2px rgba(0, 0, 0, 0.4); text-align: left;\">Dienstleistungen und Einrichtungen<\/div>[vc_empty_space]<div class='q_list circle'><\/p>\n<ul>\n<li>Bis zu 2 Personen<\/li>\n<li>Balkon<\/li>\n<li>Klimaanlage<\/li>\n<li>Blick auf das Dorf und die Berge<\/li>\n<li>35 m2<\/li>\n<li>T\u00e4glicher Reinigungsservice<\/li>\n<li>Fernseher<\/li>\n<li>Gratis Wifi<\/li>\n<li>K\u00fchlschrank<\/li>\n<li>Ofen<\/li>\n<li>Wasserkocher<\/li>\n<li>Kaffeemaschine (Espresso)<\/li>\n<li>B\u00fcgeln mit B\u00fcgelbrett<\/li>\n<li>Haartrockner<\/li>\n<li>Badezimmer (Dusche und WC)<\/li>\n<li>Esstisch &amp; K\u00fcchenutensilien<\/li>\n<li>Parken<\/li>\n<\/ul>\n<p><\/div>[vc_empty_space height=&#8220;70px&#8220;]<div class='q_message ' style='background-color: #b5f0ff;border-style:solid;border-width: 1px;border-color: #adf4ff;'><div class='q_message_inner'><a href='#' class='close'><i class='fa fa-times' style=''><\/i><\/a><div class='message_text_holder'><div class='message_text'><div class='message_text_inner'><\/p>\n<h4 style=\"text-align: center;\">Tania Maisonette<\/h4>\n<h2 style=\"text-align: center;\">Preis 35 \u20ac &#8211; 50 \u20ac pro Nacht &#8211; Je nach Verf\u00fcgbarkeit<\/h2>\n<p>&nbsp;<\/p>\n<p style=\"text-align: center;\"><strong>Spezielle Winterpreise!<\/strong><\/p>\n<p>&nbsp;<\/p>\n<p style=\"text-align: center;\">WICHTIG: In den Preisen ist die \u00dcbernachtung nicht enthalten: 0,50 \u20ac pro Aufenthalt und Zimmer<\/p>\n<p>&nbsp;<\/p>\n<p style=\"text-align: center;\"><a  itemprop=\"url\" href=\"\/contact\/\" target=\"_self\" data-hover-background-color='#0e39b8' data-hover-border-color='#ff5ff5' data-hover-color='#ccd5ff' class=\"qbutton  large center default\" style=\"color: #4262ff; border-color: #fff; margin: 3px 3px 3px 3px; background-color: #e5f3ff;\">Buchung!<i class=\"qode_icon_font_awesome fa fa-envelope qode_button_icon_element\" style=\"\" ><\/i><\/a><\/p>\n<p><\/div><\/div><\/div><\/div><\/div>[vc_empty_space height=&#8220;70px&#8220;][\/vc_column][\/vc_row]<\/p>\n<\/div>","protected":false},"excerpt":{"rendered":"<p>[vc_row css_animation=&#8220;&#8220; row_type=&#8220;row&#8220; use_row_as_full_screen_section=&#8220;no&#8220; type=&#8220;full_width&#8220; angled_section=&#8220;no&#8220; text_align=&#8220;left&#8220; background_image_as_pattern=&#8220;without_pattern&#8220; css=&#8220;.vc_custom_1618603501025{margin-top: 40px !important;margin-right: 40px !important;margin-left: 50px !important;}&#8220; z_index=&#8220;&#8220;][vc_column width=&#8220;2\/3&#8243;][vc_empty_space][qode_elements_holder number_of_columns=&#8220;one_column&#8220;][qode_elements_holder_item advanced_animations=&#8220;no&#8220;][vc_column_text css=&#8220;.vc_custom_1619206791731{margin-bottom: 30px !important;}&#8220;]Das Tania Maisonette, f\u00fcr 2 Personen, befindet sich im Zentrum des urigen \u00d6rtchens Zakros. &nbsp; Es verf\u00fcgt \u00fcber ein Schlafzimmer mit Doppelbett, Klimaanlage, kostenloses&#8230;<\/p>\n","protected":false},"author":1,"featured_media":0,"parent":0,"menu_order":0,"comment_status":"closed","ping_status":"closed","template":"full_width.php","meta":{"footnotes":""},"class_list":["post-1212","page","type-page","status-publish","hentry"],"_links":{"self":[{"href":"https:\/\/www.katozakros-beachfront.com\/de\/wp-json\/wp\/v2\/pages\/1212","targetHints":{"allow":["GET"]}}],"collection":[{"href":"https:\/\/www.katozakros-beachfront.com\/de\/wp-json\/wp\/v2\/pages"}],"about":[{"href":"https:\/\/www.katozakros-beachfront.com\/de\/wp-json\/wp\/v2\/types\/page"}],"author":[{"embeddable":true,"href":"https:\/\/www.katozakros-beachfront.com\/de\/wp-json\/wp\/v2\/users\/1"}],"replies":[{"embeddable":true,"href":"https:\/\/www.katozakros-beachfront.com\/de\/wp-json\/wp\/v2\/comments?post=1212"}],"version-history":[{"count":1,"href":"https:\/\/www.katozakros-beachfront.com\/de\/wp-json\/wp\/v2\/pages\/1212\/revisions"}],"predecessor-version":[{"id":1213,"href":"https:\/\/www.katozakros-beachfront.com\/de\/wp-json\/wp\/v2\/pages\/1212\/revisions\/1213"}],"wp:attachment":[{"href":"https:\/\/www.katozakros-beachfront.com\/de\/wp-json\/wp\/v2\/media?parent=1212"}],"curies":[{"name":"wp","href":"https:\/\/api.w.org\/{rel}","templated":true}]}}