{"id":1202,"date":"2021-04-23T21:56:52","date_gmt":"2021-04-23T18:56:52","guid":{"rendered":"https:\/\/www.katozakros-beachfront.com\/?page_id=1202"},"modified":"2021-04-23T22:10:33","modified_gmt":"2021-04-23T19:10:33","slug":"beachfront-apartment","status":"publish","type":"page","link":"https:\/\/www.katozakros-beachfront.com\/de\/beachfront-apartment\/","title":{"rendered":"Beachfront apartment"},"content":{"rendered":"<div class=\"wpb-content-wrapper\"><p>[vc_row css_animation=&#8220;&#8220; row_type=&#8220;row&#8220; use_row_as_full_screen_section=&#8220;no&#8220; type=&#8220;full_width&#8220; angled_section=&#8220;no&#8220; text_align=&#8220;left&#8220; background_image_as_pattern=&#8220;without_pattern&#8220; css=&#8220;.vc_custom_1618603501025{margin-top: 40px !important;margin-right: 40px !important;margin-left: 50px !important;}&#8220; z_index=&#8220;&#8220;][vc_column width=&#8220;2\/3&#8243;]<div class=\"custom_font_holder\" style=\" font-size: 32px; line-height: 26px; font-style: normal; font-weight: 300; color: #1e73be; text-decoration: none; text-shadow: 1px 1px 2px rgba(0, 0, 0, 0.4); text-align: left;\">Beschreibung<\/div>[vc_empty_space][qode_elements_holder number_of_columns=&#8220;one_column&#8220;][qode_elements_holder_item advanced_animations=&#8220;no&#8220;][vc_column_text css=&#8220;.vc_custom_1619204343707{margin-bottom: 30px !important;}&#8220;]Das <strong>\u201cBeach Front\u201d Apartment<\/strong> in <strong>Kato Zakros<\/strong> ist nur ein paar Meter vom Strand entfernt. Und kann bis zu 2 Personen beherbergen.<\/p>\n<p>&nbsp;<\/p>\n<p>Ausgestattet mit einem Schlafzimmer mit Doppelbett, Klimaanlage, einer kleinen, voll ausgestatteten K\u00fcche mit K\u00fchlschrank, Badezimmer mit Dusche und kostenloses W-LAN.<\/p>\n<p>&nbsp;<\/p>\n<p>Desweiteren einen Balkon mit Tisch und St\u00fchlen und Spielecke f\u00fcr Kinder.<\/p>\n<p>&nbsp;<\/p>\n<p>Fahrr\u00e4der k\u00f6nnen kostenlos f\u00fcr Exkursionen in die n\u00e4here Umgebung ausgeliehen werden. Es gibt die M\u00f6glichkeit zum Wandern und Windsurfen.<\/p>\n<p>&nbsp;<\/p>\n<p>Sie k\u00f6nnen den Tag mit einem interkontinentalen Fr\u00fchst\u00fcck in unserem, nur 50 Meter entfernten Akrogiali Restaurant beginnen. Dort servieren wir zu Mittag und abends traditionelle kretische Speisen und frischen Fisch.<\/p>\n<p>&nbsp;<\/p>\n<p>Sonnenliegen mit Schirmen stehen am Strand, direkt vor dem Apartment kostenlos zur Verf\u00fcgung.<\/p>\n<p>&nbsp;<\/p>\n<p>Wir sprechen deutsch, griechisch und englisch. Gerne informieren wir sie \u00fcber die Umgebung oder helfen Ihnen, bei welchem Problem auch immer.[\/vc_column_text][vc_empty_space]<div class=\"qode-advanced-image-gallery  qode-aig-masonry-type qode-no-space  qode-image-behavior-lightbox qode-aig-images-fixed\">\n\t<div class=\"qode-aig-inner qode-outer-space qode-aig-masonry qode-aig-six-columns\">\n\t\t<div class=\"qode-aig-grid-sizer\"><\/div>\n\t\t<div class=\"qode-aig-grid-gutter\"><\/div>\n\t\t\t\t\t\t\t\t<div class=\"qode-aig-image qode-item-space qode-aig-default-masonry-item\">\n\t\t\t\t<div class=\"qode-aig-image-inner\">\n\t\t\t\t\t\t\t\t\t\t\t<a itemprop=\"image\" class=\"qode-aig-lightbox\" href=\"https:\/\/www.katozakros-beachfront.com\/wp-content\/uploads\/2021\/04\/beachfront-01.jpg\" data-rel=\"prettyPhoto[image_gallery_pretty_photo-648]\" title=\"beachfront-01\">\n\t\t\t\t\t\t\t\t\t\t\t<img loading=\"lazy\" decoding=\"async\" width=\"150\" height=\"150\" src=\"https:\/\/www.katozakros-beachfront.com\/wp-content\/uploads\/2021\/04\/beachfront-01-150x150.jpg\" class=\"attachment-thumbnail size-thumbnail\" alt=\"\" srcset=\"https:\/\/www.katozakros-beachfront.com\/wp-content\/uploads\/2021\/04\/beachfront-01-150x150.jpg 150w, https:\/\/www.katozakros-beachfront.com\/wp-content\/uploads\/2021\/04\/beachfront-01-570x570.jpg 570w, https:\/\/www.katozakros-beachfront.com\/wp-content\/uploads\/2021\/04\/beachfront-01-500x500.jpg 500w\" sizes=\"auto, (max-width: 150px) 100vw, 150px\" \/>\t\t\t\t\t\t<span class=\"aig-gallery-hover\">\n\t\t\t\t\t\t\t\t\t\t\t\t\t\t\t<span class=\"icon-arrows-plus\"><\/span> \n\t\t\t\t\t\t\t\t\t\t\t\t\t<\/span>\n\t\t\t\t\t\t\t\t\t\t\t<\/a>\n\t\t\t\t\t\t\t\t\t<\/div>\n\t\t\t<\/div>\n\t\t\t\t\t\t\t\t<div class=\"qode-aig-image qode-item-space qode-aig-default-masonry-item\">\n\t\t\t\t<div class=\"qode-aig-image-inner\">\n\t\t\t\t\t\t\t\t\t\t\t<a itemprop=\"image\" class=\"qode-aig-lightbox\" href=\"https:\/\/www.katozakros-beachfront.com\/wp-content\/uploads\/2021\/04\/beachfront-02.jpg\" data-rel=\"prettyPhoto[image_gallery_pretty_photo-648]\" title=\"beachfront-02\">\n\t\t\t\t\t\t\t\t\t\t\t<img loading=\"lazy\" decoding=\"async\" width=\"150\" height=\"150\" src=\"https:\/\/www.katozakros-beachfront.com\/wp-content\/uploads\/2021\/04\/beachfront-02-150x150.jpg\" class=\"attachment-thumbnail size-thumbnail\" alt=\"\" srcset=\"https:\/\/www.katozakros-beachfront.com\/wp-content\/uploads\/2021\/04\/beachfront-02-150x150.jpg 150w, https:\/\/www.katozakros-beachfront.com\/wp-content\/uploads\/2021\/04\/beachfront-02-500x500.jpg 500w\" sizes=\"auto, (max-width: 150px) 100vw, 150px\" \/>\t\t\t\t\t\t<span class=\"aig-gallery-hover\">\n\t\t\t\t\t\t\t\t\t\t\t\t\t\t\t<span class=\"icon-arrows-plus\"><\/span> \n\t\t\t\t\t\t\t\t\t\t\t\t\t<\/span>\n\t\t\t\t\t\t\t\t\t\t\t<\/a>\n\t\t\t\t\t\t\t\t\t<\/div>\n\t\t\t<\/div>\n\t\t\t\t\t\t\t\t<div class=\"qode-aig-image qode-item-space qode-aig-default-masonry-item\">\n\t\t\t\t<div class=\"qode-aig-image-inner\">\n\t\t\t\t\t\t\t\t\t\t\t<a itemprop=\"image\" class=\"qode-aig-lightbox\" href=\"https:\/\/www.katozakros-beachfront.com\/wp-content\/uploads\/2021\/04\/beachfront-03.jpg\" data-rel=\"prettyPhoto[image_gallery_pretty_photo-648]\" title=\"beachfront-03\">\n\t\t\t\t\t\t\t\t\t\t\t<img loading=\"lazy\" decoding=\"async\" width=\"150\" height=\"150\" src=\"https:\/\/www.katozakros-beachfront.com\/wp-content\/uploads\/2021\/04\/beachfront-03-150x150.jpg\" class=\"attachment-thumbnail size-thumbnail\" alt=\"\" srcset=\"https:\/\/www.katozakros-beachfront.com\/wp-content\/uploads\/2021\/04\/beachfront-03-150x150.jpg 150w, https:\/\/www.katozakros-beachfront.com\/wp-content\/uploads\/2021\/04\/beachfront-03-500x500.jpg 500w\" sizes=\"auto, (max-width: 150px) 100vw, 150px\" \/>\t\t\t\t\t\t<span class=\"aig-gallery-hover\">\n\t\t\t\t\t\t\t\t\t\t\t\t\t\t\t<span class=\"icon-arrows-plus\"><\/span> \n\t\t\t\t\t\t\t\t\t\t\t\t\t<\/span>\n\t\t\t\t\t\t\t\t\t\t\t<\/a>\n\t\t\t\t\t\t\t\t\t<\/div>\n\t\t\t<\/div>\n\t\t\t\t\t\t\t\t<div class=\"qode-aig-image qode-item-space qode-aig-default-masonry-item\">\n\t\t\t\t<div class=\"qode-aig-image-inner\">\n\t\t\t\t\t\t\t\t\t\t\t<a itemprop=\"image\" class=\"qode-aig-lightbox\" href=\"https:\/\/www.katozakros-beachfront.com\/wp-content\/uploads\/2021\/04\/beachfront-04.jpg\" data-rel=\"prettyPhoto[image_gallery_pretty_photo-648]\" title=\"beachfront-04\">\n\t\t\t\t\t\t\t\t\t\t\t<img loading=\"lazy\" decoding=\"async\" width=\"150\" height=\"150\" src=\"https:\/\/www.katozakros-beachfront.com\/wp-content\/uploads\/2021\/04\/beachfront-04-150x150.jpg\" class=\"attachment-thumbnail size-thumbnail\" alt=\"\" srcset=\"https:\/\/www.katozakros-beachfront.com\/wp-content\/uploads\/2021\/04\/beachfront-04-150x150.jpg 150w, https:\/\/www.katozakros-beachfront.com\/wp-content\/uploads\/2021\/04\/beachfront-04-500x500.jpg 500w\" sizes=\"auto, (max-width: 150px) 100vw, 150px\" \/>\t\t\t\t\t\t<span class=\"aig-gallery-hover\">\n\t\t\t\t\t\t\t\t\t\t\t\t\t\t\t<span class=\"icon-arrows-plus\"><\/span> \n\t\t\t\t\t\t\t\t\t\t\t\t\t<\/span>\n\t\t\t\t\t\t\t\t\t\t\t<\/a>\n\t\t\t\t\t\t\t\t\t<\/div>\n\t\t\t<\/div>\n\t\t\t\t\t\t\t\t<div class=\"qode-aig-image qode-item-space qode-aig-default-masonry-item\">\n\t\t\t\t<div class=\"qode-aig-image-inner\">\n\t\t\t\t\t\t\t\t\t\t\t<a itemprop=\"image\" class=\"qode-aig-lightbox\" href=\"https:\/\/www.katozakros-beachfront.com\/wp-content\/uploads\/2021\/04\/beachfront-05.jpg\" data-rel=\"prettyPhoto[image_gallery_pretty_photo-648]\" title=\"beachfront-05\">\n\t\t\t\t\t\t\t\t\t\t\t<img loading=\"lazy\" decoding=\"async\" width=\"150\" height=\"150\" src=\"https:\/\/www.katozakros-beachfront.com\/wp-content\/uploads\/2021\/04\/beachfront-05-150x150.jpg\" class=\"attachment-thumbnail size-thumbnail\" alt=\"\" srcset=\"https:\/\/www.katozakros-beachfront.com\/wp-content\/uploads\/2021\/04\/beachfront-05-150x150.jpg 150w, https:\/\/www.katozakros-beachfront.com\/wp-content\/uploads\/2021\/04\/beachfront-05-570x570.jpg 570w, https:\/\/www.katozakros-beachfront.com\/wp-content\/uploads\/2021\/04\/beachfront-05-500x500.jpg 500w\" sizes=\"auto, (max-width: 150px) 100vw, 150px\" \/>\t\t\t\t\t\t<span class=\"aig-gallery-hover\">\n\t\t\t\t\t\t\t\t\t\t\t\t\t\t\t<span class=\"icon-arrows-plus\"><\/span> \n\t\t\t\t\t\t\t\t\t\t\t\t\t<\/span>\n\t\t\t\t\t\t\t\t\t\t\t<\/a>\n\t\t\t\t\t\t\t\t\t<\/div>\n\t\t\t<\/div>\n\t\t\t\t\t\t\t\t<div class=\"qode-aig-image qode-item-space qode-aig-default-masonry-item\">\n\t\t\t\t<div class=\"qode-aig-image-inner\">\n\t\t\t\t\t\t\t\t\t\t\t<a itemprop=\"image\" class=\"qode-aig-lightbox\" href=\"https:\/\/www.katozakros-beachfront.com\/wp-content\/uploads\/2021\/04\/beachfront-07.jpg\" data-rel=\"prettyPhoto[image_gallery_pretty_photo-648]\" title=\"beachfront-07\">\n\t\t\t\t\t\t\t\t\t\t\t<img loading=\"lazy\" decoding=\"async\" width=\"150\" height=\"150\" src=\"https:\/\/www.katozakros-beachfront.com\/wp-content\/uploads\/2021\/04\/beachfront-07-150x150.jpg\" class=\"attachment-thumbnail size-thumbnail\" alt=\"\" srcset=\"https:\/\/www.katozakros-beachfront.com\/wp-content\/uploads\/2021\/04\/beachfront-07-150x150.jpg 150w, https:\/\/www.katozakros-beachfront.com\/wp-content\/uploads\/2021\/04\/beachfront-07-500x500.jpg 500w\" sizes=\"auto, (max-width: 150px) 100vw, 150px\" \/>\t\t\t\t\t\t<span class=\"aig-gallery-hover\">\n\t\t\t\t\t\t\t\t\t\t\t\t\t\t\t<span class=\"icon-arrows-plus\"><\/span> \n\t\t\t\t\t\t\t\t\t\t\t\t\t<\/span>\n\t\t\t\t\t\t\t\t\t\t\t<\/a>\n\t\t\t\t\t\t\t\t\t<\/div>\n\t\t\t<\/div>\n\t\t\t\t\t\t\t\t<div class=\"qode-aig-image qode-item-space qode-aig-default-masonry-item\">\n\t\t\t\t<div class=\"qode-aig-image-inner\">\n\t\t\t\t\t\t\t\t\t\t\t<a itemprop=\"image\" class=\"qode-aig-lightbox\" href=\"https:\/\/www.katozakros-beachfront.com\/wp-content\/uploads\/2021\/04\/beachfront-08.jpg\" data-rel=\"prettyPhoto[image_gallery_pretty_photo-648]\" title=\"beachfront-08\">\n\t\t\t\t\t\t\t\t\t\t\t<img loading=\"lazy\" decoding=\"async\" width=\"150\" height=\"150\" src=\"https:\/\/www.katozakros-beachfront.com\/wp-content\/uploads\/2021\/04\/beachfront-08-150x150.jpg\" class=\"attachment-thumbnail size-thumbnail\" alt=\"\" srcset=\"https:\/\/www.katozakros-beachfront.com\/wp-content\/uploads\/2021\/04\/beachfront-08-150x150.jpg 150w, https:\/\/www.katozakros-beachfront.com\/wp-content\/uploads\/2021\/04\/beachfront-08-570x570.jpg 570w, https:\/\/www.katozakros-beachfront.com\/wp-content\/uploads\/2021\/04\/beachfront-08-500x500.jpg 500w\" sizes=\"auto, (max-width: 150px) 100vw, 150px\" \/>\t\t\t\t\t\t<span class=\"aig-gallery-hover\">\n\t\t\t\t\t\t\t\t\t\t\t\t\t\t\t<span class=\"icon-arrows-plus\"><\/span> \n\t\t\t\t\t\t\t\t\t\t\t\t\t<\/span>\n\t\t\t\t\t\t\t\t\t\t\t<\/a>\n\t\t\t\t\t\t\t\t\t<\/div>\n\t\t\t<\/div>\n\t\t\t\t\t\t\t\t<div class=\"qode-aig-image qode-item-space qode-aig-default-masonry-item\">\n\t\t\t\t<div class=\"qode-aig-image-inner\">\n\t\t\t\t\t\t\t\t\t\t\t<a itemprop=\"image\" class=\"qode-aig-lightbox\" href=\"https:\/\/www.katozakros-beachfront.com\/wp-content\/uploads\/2021\/04\/beachfront-09.jpg\" data-rel=\"prettyPhoto[image_gallery_pretty_photo-648]\" title=\"beachfront-09\">\n\t\t\t\t\t\t\t\t\t\t\t<img loading=\"lazy\" decoding=\"async\" width=\"150\" height=\"150\" src=\"https:\/\/www.katozakros-beachfront.com\/wp-content\/uploads\/2021\/04\/beachfront-09-150x150.jpg\" class=\"attachment-thumbnail size-thumbnail\" alt=\"\" srcset=\"https:\/\/www.katozakros-beachfront.com\/wp-content\/uploads\/2021\/04\/beachfront-09-150x150.jpg 150w, https:\/\/www.katozakros-beachfront.com\/wp-content\/uploads\/2021\/04\/beachfront-09-500x500.jpg 500w\" sizes=\"auto, (max-width: 150px) 100vw, 150px\" \/>\t\t\t\t\t\t<span class=\"aig-gallery-hover\">\n\t\t\t\t\t\t\t\t\t\t\t\t\t\t\t<span class=\"icon-arrows-plus\"><\/span> \n\t\t\t\t\t\t\t\t\t\t\t\t\t<\/span>\n\t\t\t\t\t\t\t\t\t\t\t<\/a>\n\t\t\t\t\t\t\t\t\t<\/div>\n\t\t\t<\/div>\n\t\t\t\t\t\t\t\t<div class=\"qode-aig-image qode-item-space qode-aig-default-masonry-item\">\n\t\t\t\t<div class=\"qode-aig-image-inner\">\n\t\t\t\t\t\t\t\t\t\t\t<a itemprop=\"image\" class=\"qode-aig-lightbox\" href=\"https:\/\/www.katozakros-beachfront.com\/wp-content\/uploads\/2021\/04\/beachfront-10.jpg\" data-rel=\"prettyPhoto[image_gallery_pretty_photo-648]\" title=\"beachfront-10\">\n\t\t\t\t\t\t\t\t\t\t\t<img loading=\"lazy\" decoding=\"async\" width=\"150\" height=\"150\" src=\"https:\/\/www.katozakros-beachfront.com\/wp-content\/uploads\/2021\/04\/beachfront-10-150x150.jpg\" class=\"attachment-thumbnail size-thumbnail\" alt=\"\" srcset=\"https:\/\/www.katozakros-beachfront.com\/wp-content\/uploads\/2021\/04\/beachfront-10-150x150.jpg 150w, https:\/\/www.katozakros-beachfront.com\/wp-content\/uploads\/2021\/04\/beachfront-10-500x500.jpg 500w\" sizes=\"auto, (max-width: 150px) 100vw, 150px\" \/>\t\t\t\t\t\t<span class=\"aig-gallery-hover\">\n\t\t\t\t\t\t\t\t\t\t\t\t\t\t\t<span class=\"icon-arrows-plus\"><\/span> \n\t\t\t\t\t\t\t\t\t\t\t\t\t<\/span>\n\t\t\t\t\t\t\t\t\t\t\t<\/a>\n\t\t\t\t\t\t\t\t\t<\/div>\n\t\t\t<\/div>\n\t\t\t\t\t\t\t\t<div class=\"qode-aig-image qode-item-space qode-aig-default-masonry-item\">\n\t\t\t\t<div class=\"qode-aig-image-inner\">\n\t\t\t\t\t\t\t\t\t\t\t<a itemprop=\"image\" class=\"qode-aig-lightbox\" href=\"https:\/\/www.katozakros-beachfront.com\/wp-content\/uploads\/2021\/04\/coral-03.jpg\" data-rel=\"prettyPhoto[image_gallery_pretty_photo-648]\" title=\"coral-03\">\n\t\t\t\t\t\t\t\t\t\t\t<img loading=\"lazy\" decoding=\"async\" width=\"150\" height=\"150\" src=\"https:\/\/www.katozakros-beachfront.com\/wp-content\/uploads\/2021\/04\/coral-03-150x150.jpg\" class=\"attachment-thumbnail size-thumbnail\" alt=\"\" srcset=\"https:\/\/www.katozakros-beachfront.com\/wp-content\/uploads\/2021\/04\/coral-03-150x150.jpg 150w, https:\/\/www.katozakros-beachfront.com\/wp-content\/uploads\/2021\/04\/coral-03-500x500.jpg 500w\" sizes=\"auto, (max-width: 150px) 100vw, 150px\" \/>\t\t\t\t\t\t<span class=\"aig-gallery-hover\">\n\t\t\t\t\t\t\t\t\t\t\t\t\t\t\t<span class=\"icon-arrows-plus\"><\/span> \n\t\t\t\t\t\t\t\t\t\t\t\t\t<\/span>\n\t\t\t\t\t\t\t\t\t\t\t<\/a>\n\t\t\t\t\t\t\t\t\t<\/div>\n\t\t\t<\/div>\n\t\t\t\t\t\t\t\t<div class=\"qode-aig-image qode-item-space qode-aig-default-masonry-item\">\n\t\t\t\t<div class=\"qode-aig-image-inner\">\n\t\t\t\t\t\t\t\t\t\t\t<a itemprop=\"image\" class=\"qode-aig-lightbox\" href=\"https:\/\/www.katozakros-beachfront.com\/wp-content\/uploads\/2021\/04\/coral-02.jpg\" data-rel=\"prettyPhoto[image_gallery_pretty_photo-648]\" title=\"coral-02\">\n\t\t\t\t\t\t\t\t\t\t\t<img loading=\"lazy\" decoding=\"async\" width=\"150\" height=\"150\" src=\"https:\/\/www.katozakros-beachfront.com\/wp-content\/uploads\/2021\/04\/coral-02-150x150.jpg\" class=\"attachment-thumbnail size-thumbnail\" alt=\"\" srcset=\"https:\/\/www.katozakros-beachfront.com\/wp-content\/uploads\/2021\/04\/coral-02-150x150.jpg 150w, https:\/\/www.katozakros-beachfront.com\/wp-content\/uploads\/2021\/04\/coral-02-500x500.jpg 500w\" sizes=\"auto, (max-width: 150px) 100vw, 150px\" \/>\t\t\t\t\t\t<span class=\"aig-gallery-hover\">\n\t\t\t\t\t\t\t\t\t\t\t\t\t\t\t<span class=\"icon-arrows-plus\"><\/span> \n\t\t\t\t\t\t\t\t\t\t\t\t\t<\/span>\n\t\t\t\t\t\t\t\t\t\t\t<\/a>\n\t\t\t\t\t\t\t\t\t<\/div>\n\t\t\t<\/div>\n\t\t\t\t\t\t\t\t<div class=\"qode-aig-image qode-item-space qode-aig-default-masonry-item\">\n\t\t\t\t<div class=\"qode-aig-image-inner\">\n\t\t\t\t\t\t\t\t\t\t\t<a itemprop=\"image\" class=\"qode-aig-lightbox\" href=\"https:\/\/www.katozakros-beachfront.com\/wp-content\/uploads\/2021\/04\/coral-05.jpg\" data-rel=\"prettyPhoto[image_gallery_pretty_photo-648]\" title=\"coral-05\">\n\t\t\t\t\t\t\t\t\t\t\t<img loading=\"lazy\" decoding=\"async\" width=\"150\" height=\"150\" src=\"https:\/\/www.katozakros-beachfront.com\/wp-content\/uploads\/2021\/04\/coral-05-150x150.jpg\" class=\"attachment-thumbnail size-thumbnail\" alt=\"\" srcset=\"https:\/\/www.katozakros-beachfront.com\/wp-content\/uploads\/2021\/04\/coral-05-150x150.jpg 150w, https:\/\/www.katozakros-beachfront.com\/wp-content\/uploads\/2021\/04\/coral-05-500x500.jpg 500w\" sizes=\"auto, (max-width: 150px) 100vw, 150px\" \/>\t\t\t\t\t\t<span class=\"aig-gallery-hover\">\n\t\t\t\t\t\t\t\t\t\t\t\t\t\t\t<span class=\"icon-arrows-plus\"><\/span> \n\t\t\t\t\t\t\t\t\t\t\t\t\t<\/span>\n\t\t\t\t\t\t\t\t\t\t\t<\/a>\n\t\t\t\t\t\t\t\t\t<\/div>\n\t\t\t<\/div>\n\t\t\t<\/div>\n<\/div>[vc_gmaps link=&#8220;#E-8_JTNDaWZyYW1lJTIwc3JjJTNEJTIyaHR0cHMlM0ElMkYlMkZ3d3cuZ29vZ2xlLmNvbSUyRm1hcHMlMkZkJTJGZW1iZWQlM0ZtaWQlM0QxclBGcUJwMnZWSmdXYkFmSmNOQzVaeDFGS3FlOWROVjIlMjIlMjB3aWR0aCUzRCUyMjEwMCUyNSUyMiUyMGhlaWdodCUzRCUyMjMwMCUyMiUzRSUzQyUyRmlmcmFtZSUzRQ==&#8220; css_animation=&#8220;fadeIn&#8220; css=&#8220;.vc_custom_1618656198814{margin-top: 30px !important;border-radius: 4px !important;}&#8220;][\/qode_elements_holder_item][\/qode_elements_holder][\/vc_column][vc_column width=&#8220;1\/3&#8243;]<div class=\"custom_font_holder\" style=\" font-size: 32px; line-height: 26px; font-style: normal; font-weight: 300; color: #1e73be; text-decoration: none; text-shadow: 1px 1px 2px rgba(0, 0, 0, 0.4); text-align: left;\">Dienstleistungen und Einrichtungen<\/div>[vc_empty_space]<div class='q_list circle'><\/p>\n<ul>\n<li>2 Personen<\/li>\n<li>Innenhof \/ Strandterrasse<\/li>\n<li>Klimaanlage<\/li>\n<li>Meer- und Bergblick<\/li>\n<li>40 m2<\/li>\n<li>T\u00e4glicher Reinigungsservice<\/li>\n<li>TV<\/li>\n<li>Kostenloses WLAN<\/li>\n<li>Ofen<\/li>\n<li>K\u00fchlschrank<\/li>\n<li>Wasserkocher<\/li>\n<li>Espressomaschine<\/li>\n<li>Haartrockner<\/li>\n<li>Esstisch &amp; amp; K\u00fcchenutensilien<\/li>\n<li>Badezimmer (Dusche und WC)<\/li>\n<li>Gartenm\u00f6bel<\/li>\n<li>Parken<\/li>\n<\/ul>\n<p><\/div>[vc_empty_space height=&#8220;70px&#8220;]<div class='q_message ' style='background-color: #b5f0ff;border-style:solid;border-width: 1px;border-color: #adf4ff;'><div class='q_message_inner'><a href='#' class='close'><i class='fa fa-times' style=''><\/i><\/a><div class='message_text_holder'><div class='message_text'><div class='message_text_inner'><\/p>\n<h4 style=\"text-align: center;\">Beachfront apartment<\/h4>\n<h2 style=\"text-align: center;\">Preis 40 \u20ac &#8211; 60 \u20ac pro Nacht &#8211; Je nach Verf\u00fcgbarkeit<\/h2>\n<p>&nbsp;<\/p>\n<p style=\"text-align: center;\"><strong>Spezielle Winterpreise!<\/strong><\/p>\n<p>&nbsp;<\/p>\n<p style=\"text-align: center;\">WICHTIG: In den Preisen ist die \u00dcbernachtung nicht enthalten: 0,50 \u20ac pro Aufenthalt und Zimmer<\/p>\n<p>&nbsp;<\/p>\n<p style=\"text-align: center;\"><a  itemprop=\"url\" href=\"\/contact\/\" target=\"_self\" data-hover-background-color='#0e39b8' data-hover-border-color='#ff5ff5' data-hover-color='#ccd5ff' class=\"qbutton  large center default\" style=\"color: #4262ff; border-color: #fff; margin: 3px 3px 3px 3px; background-color: #e5f3ff;\">Buchung!<i class=\"qode_icon_font_awesome fa fa-envelope qode_button_icon_element\" style=\"\" ><\/i><\/a><\/p>\n<p><\/div><\/div><\/div><\/div><\/div>[vc_empty_space height=&#8220;70px&#8220;][\/vc_column][\/vc_row]<\/p>\n<\/div>","protected":false},"excerpt":{"rendered":"<p>[vc_row css_animation=&#8220;&#8220; row_type=&#8220;row&#8220; use_row_as_full_screen_section=&#8220;no&#8220; type=&#8220;full_width&#8220; angled_section=&#8220;no&#8220; text_align=&#8220;left&#8220; background_image_as_pattern=&#8220;without_pattern&#8220; css=&#8220;.vc_custom_1618603501025{margin-top: 40px !important;margin-right: 40px !important;margin-left: 50px !important;}&#8220; z_index=&#8220;&#8220;][vc_column width=&#8220;2\/3&#8243;][vc_empty_space][qode_elements_holder number_of_columns=&#8220;one_column&#8220;][qode_elements_holder_item advanced_animations=&#8220;no&#8220;][vc_column_text css=&#8220;.vc_custom_1619204343707{margin-bottom: 30px !important;}&#8220;]Das \u201cBeach Front\u201d Apartment in Kato Zakros ist nur ein paar Meter vom Strand entfernt. Und kann bis zu 2 Personen beherbergen. &nbsp; Ausgestattet&#8230;<\/p>\n","protected":false},"author":1,"featured_media":0,"parent":0,"menu_order":0,"comment_status":"closed","ping_status":"closed","template":"full_width.php","meta":{"footnotes":""},"class_list":["post-1202","page","type-page","status-publish","hentry"],"_links":{"self":[{"href":"https:\/\/www.katozakros-beachfront.com\/de\/wp-json\/wp\/v2\/pages\/1202","targetHints":{"allow":["GET"]}}],"collection":[{"href":"https:\/\/www.katozakros-beachfront.com\/de\/wp-json\/wp\/v2\/pages"}],"about":[{"href":"https:\/\/www.katozakros-beachfront.com\/de\/wp-json\/wp\/v2\/types\/page"}],"author":[{"embeddable":true,"href":"https:\/\/www.katozakros-beachfront.com\/de\/wp-json\/wp\/v2\/users\/1"}],"replies":[{"embeddable":true,"href":"https:\/\/www.katozakros-beachfront.com\/de\/wp-json\/wp\/v2\/comments?post=1202"}],"version-history":[{"count":5,"href":"https:\/\/www.katozakros-beachfront.com\/de\/wp-json\/wp\/v2\/pages\/1202\/revisions"}],"predecessor-version":[{"id":1207,"href":"https:\/\/www.katozakros-beachfront.com\/de\/wp-json\/wp\/v2\/pages\/1202\/revisions\/1207"}],"wp:attachment":[{"href":"https:\/\/www.katozakros-beachfront.com\/de\/wp-json\/wp\/v2\/media?parent=1202"}],"curies":[{"name":"wp","href":"https:\/\/api.w.org\/{rel}","templated":true}]}}